{"id":6643,"date":"2026-03-06T08:31:11","date_gmt":"2026-03-06T08:31:11","guid":{"rendered":"https:\/\/chartreusetarragona.com\/producto\/botella-de-chartreuse-verde-de-tarragona\/"},"modified":"2026-03-06T08:40:48","modified_gmt":"2026-03-06T08:40:48","slug":"botella-de-chartreuse-verde-de-tarragona","status":"publish","type":"product","link":"https:\/\/chartreusetarragona.com\/fr\/produit\/botella-de-chartreuse-verde-de-tarragona\/","title":{"rendered":"Bouteille de Chartreuse Tarragone verte"},"content":{"rendered":"<p>Bouteille de Chartreuse Tarragone verte . La fabrication de p\u00e9riode est limit\u00e9e pour les ann\u00e9es 1965 et 1966. Populairement connue comme \"la Gru\u00f1o\" en raison du relief de la bouteille, qui \u00e9tait connu en Catalogne comme \"mugronet\". La pause dans le transport en raison de la battement caus\u00e9e par ce relief a caus\u00e9 le changement de design de la bouteille en 1966, d'o\u00f9 sa raret\u00e9. Bouteille capacit\u00e9 de 37,5 cl, avec l'obtention d'un dipl\u00f4me 55\u2070. La cit\u00e9 de l'imp\u00f4t de 80 cents. Il conserve son emballage d'origine. Parfait pour la collecte ou la d\u00e9gustation.<\/p>","protected":false},"excerpt":{"rendered":"<p>Bouteille de Chartreuse Tarragone verte . La fabrication de p\u00e9riode est limit\u00e9e pour les ann\u00e9es 1965 et 1966. Populairement connue comme \"la Gru\u00f1o\" en raison du relief de la bouteille, qui \u00e9tait connu en Catalogne comme \"mugronet\". La pause dans le transport en raison de la battement caus\u00e9e par ce relief a caus\u00e9 le changement de design de la bouteille en 1966, d'o\u00f9 sa raret\u00e9. Bouteille capacit\u00e9 de 37,5 cl, avec l'obtention d'un dipl\u00f4me 55\u2070. La cit\u00e9 de l'imp\u00f4t de 80 cents. Il conserve son emballage d'origine. Parfait pour la collecte ou la d\u00e9gustation.<\/p>","protected":false},"featured_media":6624,"template":"","meta":[],"product_brand":[],"product_cat":[71],"product_tag":[88,72],"class_list":{"0":"post-6643","1":"product","2":"type-product","3":"status-publish","4":"has-post-thumbnail","6":"product_cat-chartreuse-verde","7":"product_tag-tarragona-2","8":"product_tag-chartreuse-verde","10":"first","11":"instock","12":"shipping-taxable","13":"purchasable","14":"product-type-simple"},"_links":{"self":[{"href":"https:\/\/chartreusetarragona.com\/fr\/wp-json\/wp\/v2\/product\/6643","targetHints":{"allow":["GET"]}}],"collection":[{"href":"https:\/\/chartreusetarragona.com\/fr\/wp-json\/wp\/v2\/product"}],"about":[{"href":"https:\/\/chartreusetarragona.com\/fr\/wp-json\/wp\/v2\/types\/product"}],"wp:featuredmedia":[{"embeddable":true,"href":"https:\/\/chartreusetarragona.com\/fr\/wp-json\/wp\/v2\/media\/6624"}],"wp:attachment":[{"href":"https:\/\/chartreusetarragona.com\/fr\/wp-json\/wp\/v2\/media?parent=6643"}],"wp:term":[{"taxonomy":"product_brand","embeddable":true,"href":"https:\/\/chartreusetarragona.com\/fr\/wp-json\/wp\/v2\/product_brand?post=6643"},{"taxonomy":"product_cat","embeddable":true,"href":"https:\/\/chartreusetarragona.com\/fr\/wp-json\/wp\/v2\/product_cat?post=6643"},{"taxonomy":"product_tag","embeddable":true,"href":"https:\/\/chartreusetarragona.com\/fr\/wp-json\/wp\/v2\/product_tag?post=6643"}],"curies":[{"name":"wp","href":"https:\/\/api.w.org\/{rel}","templated":true}]}}