{"id":6640,"date":"2026-03-06T08:31:11","date_gmt":"2026-03-06T08:31:11","guid":{"rendered":"https:\/\/chartreusetarragona.com\/producto\/botella-de-chartreuse-postfabiola-amarilla-fabricada-en-tarragona\/"},"modified":"2026-03-06T09:11:13","modified_gmt":"2026-03-06T09:11:13","slug":"botella-de-chartreuse-postfabiola-amarilla-fabricada-en-tarragona","status":"publish","type":"product","link":"https:\/\/chartreusetarragona.com\/fr\/produit\/botella-de-chartreuse-postfabiola-amarilla-fabricada-en-tarragona\/","title":{"rendered":"Bouteille de Chartreuse \"Postfabiola\" jaune fabriqu\u00e9 \u00e0 Tarragone"},"content":{"rendered":"<p>Excepcelente bouteille de Chartreuse \"Postfabiola\" jaune fabriqu\u00e9 \u00e0 Tarragone. P\u00e9riode de production entre les ann\u00e9es de 1974 \u00e0 1978. Avec une capacit\u00e9 de 75cl, avec un dipl\u00f4me de 40\u2070. La cit\u00e9 de l'imp\u00f4t de 8 pesetas. Bon niveau de remplissage. Id\u00e9al pour la collecte ou la d\u00e9gustation.<\/p>","protected":false},"excerpt":{"rendered":"<p>Excepcelente bouteille de Chartreuse \"Postfabiola\" jaune fabriqu\u00e9 \u00e0 Tarragone. P\u00e9riode de production entre les ann\u00e9es de 1974 \u00e0 1978. Avec une capacit\u00e9 de 75cl, avec un dipl\u00f4me de 40\u2070. La cit\u00e9 de l'imp\u00f4t de 8 pesetas. Bon niveau de remplissage. Id\u00e9al pour la collecte ou la d\u00e9gustation.<\/p>","protected":false},"featured_media":6606,"template":"","meta":[],"product_brand":[],"product_cat":[74],"product_tag":[75,84],"class_list":{"0":"post-6640","1":"product","2":"type-product","3":"status-publish","4":"has-post-thumbnail","6":"product_cat-chartreuse-amarillo","7":"product_tag-chartreuse-amarillo","8":"product_tag-chartreuse-tarragona","10":"first","11":"instock","12":"shipping-taxable","13":"purchasable","14":"product-type-simple"},"_links":{"self":[{"href":"https:\/\/chartreusetarragona.com\/fr\/wp-json\/wp\/v2\/product\/6640","targetHints":{"allow":["GET"]}}],"collection":[{"href":"https:\/\/chartreusetarragona.com\/fr\/wp-json\/wp\/v2\/product"}],"about":[{"href":"https:\/\/chartreusetarragona.com\/fr\/wp-json\/wp\/v2\/types\/product"}],"wp:featuredmedia":[{"embeddable":true,"href":"https:\/\/chartreusetarragona.com\/fr\/wp-json\/wp\/v2\/media\/6606"}],"wp:attachment":[{"href":"https:\/\/chartreusetarragona.com\/fr\/wp-json\/wp\/v2\/media?parent=6640"}],"wp:term":[{"taxonomy":"product_brand","embeddable":true,"href":"https:\/\/chartreusetarragona.com\/fr\/wp-json\/wp\/v2\/product_brand?post=6640"},{"taxonomy":"product_cat","embeddable":true,"href":"https:\/\/chartreusetarragona.com\/fr\/wp-json\/wp\/v2\/product_cat?post=6640"},{"taxonomy":"product_tag","embeddable":true,"href":"https:\/\/chartreusetarragona.com\/fr\/wp-json\/wp\/v2\/product_tag?post=6640"}],"curies":[{"name":"wp","href":"https:\/\/api.w.org\/{rel}","templated":true}]}}