{"id":6638,"date":"2026-03-06T08:31:11","date_gmt":"2026-03-06T08:31:11","guid":{"rendered":"https:\/\/chartreusetarragona.com\/producto\/caja-completa-de-30-botellines-o-mignonettes-de-chartreuse-amarillo\/"},"modified":"2026-03-06T08:34:26","modified_gmt":"2026-03-06T08:34:26","slug":"caja-completa-de-30-botellines-o-mignonettes-de-chartreuse-amarillo","status":"publish","type":"product","link":"https:\/\/chartreusetarragona.com\/fr\/produit\/caja-completa-de-30-botellines-o-mignonettes-de-chartreuse-amarillo\/","title":{"rendered":"Bo\u00eete de 30 bouteilles ou des mignonettes de Chartreuse jaune"},"content":{"rendered":"<p>Bo\u00eete de 30 bouteilles ou des mignonettes de Chartreuse jaune fait \u00e0 Tarragone. La fabrication de la p\u00e9riode entre les ann\u00e9es 1978 \u00e0 1985, 4 d'entre eux produit entre 1968-1973. La capacit\u00e9 de 3cl, avec un dipl\u00f4me de 40\u2070 et 4 d'entre eux 43\u2070. Niveau de remplissage de l'alcool et de la conservation excellent. Id\u00e9al pour la collecte ou la d\u00e9gustation.<\/p>","protected":false},"excerpt":{"rendered":"<p>Bo\u00eete de 30 bouteilles ou des mignonettes de Chartreuse jaune fait \u00e0 Tarragone. La fabrication de la p\u00e9riode entre les ann\u00e9es 1978 \u00e0 1985, 4 d'entre eux produit entre 1968-1973. La capacit\u00e9 de 3cl, avec un dipl\u00f4me de 40\u2070 et 4 d'entre eux 43\u2070. Niveau de remplissage de l'alcool et de la conservation excellent. Id\u00e9al pour la collecte ou la d\u00e9gustation.<\/p>","protected":false},"featured_media":6596,"template":"","meta":[],"product_brand":[],"product_cat":[74],"product_tag":[89,75],"class_list":{"0":"post-6638","1":"product","2":"type-product","3":"status-publish","4":"has-post-thumbnail","6":"product_cat-chartreuse-amarillo","7":"product_tag-chartreuse-tarragona-2","8":"product_tag-chartreuse-amarillo","10":"first","11":"instock","12":"shipping-taxable","13":"purchasable","14":"product-type-simple"},"_links":{"self":[{"href":"https:\/\/chartreusetarragona.com\/fr\/wp-json\/wp\/v2\/product\/6638","targetHints":{"allow":["GET"]}}],"collection":[{"href":"https:\/\/chartreusetarragona.com\/fr\/wp-json\/wp\/v2\/product"}],"about":[{"href":"https:\/\/chartreusetarragona.com\/fr\/wp-json\/wp\/v2\/types\/product"}],"wp:featuredmedia":[{"embeddable":true,"href":"https:\/\/chartreusetarragona.com\/fr\/wp-json\/wp\/v2\/media\/6596"}],"wp:attachment":[{"href":"https:\/\/chartreusetarragona.com\/fr\/wp-json\/wp\/v2\/media?parent=6638"}],"wp:term":[{"taxonomy":"product_brand","embeddable":true,"href":"https:\/\/chartreusetarragona.com\/fr\/wp-json\/wp\/v2\/product_brand?post=6638"},{"taxonomy":"product_cat","embeddable":true,"href":"https:\/\/chartreusetarragona.com\/fr\/wp-json\/wp\/v2\/product_cat?post=6638"},{"taxonomy":"product_tag","embeddable":true,"href":"https:\/\/chartreusetarragona.com\/fr\/wp-json\/wp\/v2\/product_tag?post=6638"}],"curies":[{"name":"wp","href":"https:\/\/api.w.org\/{rel}","templated":true}]}}