{"id":6636,"date":"2026-03-06T08:31:11","date_gmt":"2026-03-06T08:31:11","guid":{"rendered":"https:\/\/chartreusetarragona.com\/producto\/botella-de-chartreuse-la-fabiola-verde-fabricada-en-tarragona\/"},"modified":"2026-03-06T08:37:32","modified_gmt":"2026-03-06T08:37:32","slug":"botella-de-chartreuse-la-fabiola-verde-fabricada-en-tarragona","status":"publish","type":"product","link":"https:\/\/chartreusetarragona.com\/fr\/produit\/botella-de-chartreuse-la-fabiola-verde-fabricada-en-tarragona\/","title":{"rendered":"Bouteille de Chartreuse \"Fabiola\" verte fabriqu\u00e9 \u00e0 Tarragone"},"content":{"rendered":"<p>Exceptionnel bouteille de Chartreuse \"Fabiola\" verte fabriqu\u00e9 \u00e0 Tarragone. P\u00e9riode de production entre les ann\u00e9es 1968-1973. Avec une capacit\u00e9 de 75cl, avec l'obtention d'un dipl\u00f4me 55\u2070. La cit\u00e9 de l'imp\u00f4t de 8 pesetas. Exceptionnel niveau de remplissage, la pr\u00e9servation de la glace d'origine scandinave de l'\u00e9poque, dans un \u00e9tat tr\u00e8s d\u00e9t\u00e9rior\u00e9. Id\u00e9al pour la collecte ou la d\u00e9gustation.<\/p>","protected":false},"excerpt":{"rendered":"<p>Exceptionnel bouteille de Chartreuse \"Fabiola\" verte fabriqu\u00e9 \u00e0 Tarragone. P\u00e9riode de production entre les ann\u00e9es 1968-1973. Avec une capacit\u00e9 de 75cl, avec l'obtention d'un dipl\u00f4me 55\u2070. La cit\u00e9 de l'imp\u00f4t de 8 pesetas. Exceptionnel niveau de remplissage, la pr\u00e9servation de la glace d'origine scandinave de l'\u00e9poque, dans un \u00e9tat tr\u00e8s d\u00e9t\u00e9rior\u00e9. Id\u00e9al pour la collecte ou la d\u00e9gustation.<\/p>","protected":false},"featured_media":6573,"template":"","meta":[],"product_brand":[],"product_cat":[71],"product_tag":[88,72],"class_list":{"0":"post-6636","1":"product","2":"type-product","3":"status-publish","4":"has-post-thumbnail","6":"product_cat-chartreuse-verde","7":"product_tag-tarragona-2","8":"product_tag-chartreuse-verde","10":"first","11":"instock","12":"shipping-taxable","13":"purchasable","14":"product-type-simple"},"_links":{"self":[{"href":"https:\/\/chartreusetarragona.com\/fr\/wp-json\/wp\/v2\/product\/6636","targetHints":{"allow":["GET"]}}],"collection":[{"href":"https:\/\/chartreusetarragona.com\/fr\/wp-json\/wp\/v2\/product"}],"about":[{"href":"https:\/\/chartreusetarragona.com\/fr\/wp-json\/wp\/v2\/types\/product"}],"wp:featuredmedia":[{"embeddable":true,"href":"https:\/\/chartreusetarragona.com\/fr\/wp-json\/wp\/v2\/media\/6573"}],"wp:attachment":[{"href":"https:\/\/chartreusetarragona.com\/fr\/wp-json\/wp\/v2\/media?parent=6636"}],"wp:term":[{"taxonomy":"product_brand","embeddable":true,"href":"https:\/\/chartreusetarragona.com\/fr\/wp-json\/wp\/v2\/product_brand?post=6636"},{"taxonomy":"product_cat","embeddable":true,"href":"https:\/\/chartreusetarragona.com\/fr\/wp-json\/wp\/v2\/product_cat?post=6636"},{"taxonomy":"product_tag","embeddable":true,"href":"https:\/\/chartreusetarragona.com\/fr\/wp-json\/wp\/v2\/product_tag?post=6636"}],"curies":[{"name":"wp","href":"https:\/\/api.w.org\/{rel}","templated":true}]}}