{"id":6634,"date":"2026-03-06T08:31:10","date_gmt":"2026-03-06T08:31:10","guid":{"rendered":"https:\/\/chartreusetarragona.com\/producto\/botella-de-chartreuse-commemorative-de-larrivee-des-peres-chartreux-a-tarragone-2\/"},"modified":"2026-03-06T11:09:14","modified_gmt":"2026-03-06T11:09:14","slug":"botella-de-chartreuse-commemorative-de-larrivee-des-peres-chartreux-a-tarragone-2","status":"publish","type":"product","link":"https:\/\/chartreusetarragona.com\/fr\/produit\/botella-de-chartreuse-commemorative-de-larrivee-des-peres-chartreux-a-tarragone-2\/","title":{"rendered":"Bouteille de Chartreuse \"Comm\u00e9morative de l'arriv\u00e9e des P\u00e9res Chartreux \u00e0 Tarragone\""},"content":{"rendered":"<p>Bouteille de Chartreuse \"Comm\u00e9morative de l'arriv\u00e9e des P\u00e9res Chartreux \u00e0 Tarragone\" \u00e0 l'occasion de la f\u00eate de Santa Tecla Tarragone en l'an 2003. Il est le plus appr\u00e9ci\u00e9 et le plus c\u00e9l\u00e8bre \u00e9dition de entre les s\u00e9ries produites de Santa Tecla. \"Cuv\u00e9e Sp\u00e9ciale de Chartreuse Jaune\". Bouteille num\u00e9rot\u00e9e et limit\u00e9e \u00e0 la production de 6 000 unit\u00e9s. Avec leurs bo\u00eetes d'origine. La capacit\u00e9 de 70cl, et l'obtention du dipl\u00f4me de 42\u2070. Excellent niveau de remplissage de l'alcool et de la conservation des excellents labels. Id\u00e9al pour la collecte ou la d\u00e9gustation.<\/p>","protected":false},"excerpt":{"rendered":"<p>Bouteille de Chartreuse \"Comm\u00e9morative de l'arriv\u00e9e des P\u00e9res Chartreux \u00e0 Tarragone\" \u00e0 l'occasion de la f\u00eate de Santa Tecla Tarragone en l'an 2003. Il est le plus appr\u00e9ci\u00e9 et le plus c\u00e9l\u00e8bre \u00e9dition de entre les s\u00e9ries produites de Santa Tecla. \"Cuv\u00e9e Sp\u00e9ciale de Chartreuse Jaune\". Bouteille num\u00e9rot\u00e9e et limit\u00e9e \u00e0 la production de 6 000 unit\u00e9s. Avec leurs bo\u00eetes d'origine. La capacit\u00e9 de 70cl, et l'obtention du dipl\u00f4me de 42\u2070. Excellent niveau de remplissage de l'alcool et de la conservation des excellents labels. Id\u00e9al pour la collecte ou la d\u00e9gustation.<\/p>","protected":false},"featured_media":6562,"template":"","meta":[],"product_brand":[],"product_cat":[74],"product_tag":[75,84],"class_list":{"0":"post-6634","1":"product","2":"type-product","3":"status-publish","4":"has-post-thumbnail","6":"product_cat-chartreuse-amarillo","7":"product_tag-chartreuse-amarillo","8":"product_tag-chartreuse-tarragona","10":"first","11":"instock","12":"shipping-taxable","13":"purchasable","14":"product-type-simple"},"_links":{"self":[{"href":"https:\/\/chartreusetarragona.com\/fr\/wp-json\/wp\/v2\/product\/6634","targetHints":{"allow":["GET"]}}],"collection":[{"href":"https:\/\/chartreusetarragona.com\/fr\/wp-json\/wp\/v2\/product"}],"about":[{"href":"https:\/\/chartreusetarragona.com\/fr\/wp-json\/wp\/v2\/types\/product"}],"wp:featuredmedia":[{"embeddable":true,"href":"https:\/\/chartreusetarragona.com\/fr\/wp-json\/wp\/v2\/media\/6562"}],"wp:attachment":[{"href":"https:\/\/chartreusetarragona.com\/fr\/wp-json\/wp\/v2\/media?parent=6634"}],"wp:term":[{"taxonomy":"product_brand","embeddable":true,"href":"https:\/\/chartreusetarragona.com\/fr\/wp-json\/wp\/v2\/product_brand?post=6634"},{"taxonomy":"product_cat","embeddable":true,"href":"https:\/\/chartreusetarragona.com\/fr\/wp-json\/wp\/v2\/product_cat?post=6634"},{"taxonomy":"product_tag","embeddable":true,"href":"https:\/\/chartreusetarragona.com\/fr\/wp-json\/wp\/v2\/product_tag?post=6634"}],"curies":[{"name":"wp","href":"https:\/\/api.w.org\/{rel}","templated":true}]}}