{"id":6633,"date":"2026-03-06T08:31:10","date_gmt":"2026-03-06T08:31:10","guid":{"rendered":"https:\/\/chartreusetarragona.com\/producto\/botella-de-chartreuse-amarillo-elaborado-en-tarragona-la-seisenta\/"},"modified":"2026-03-28T18:28:15","modified_gmt":"2026-03-28T18:28:15","slug":"botella-de-chartreuse-amarillo-elaborado-en-tarragona-la-seisenta","status":"publish","type":"product","link":"https:\/\/chartreusetarragona.com\/fr\/produit\/botella-de-chartreuse-amarillo-elaborado-en-tarragona-la-seisenta\/","title":{"rendered":"Bouteille de Chartreuse jaune produite \u00e0 Tarragone, le \"Seisenta\""},"content":{"rendered":"<p>Bouteille de Chartreuse jaune produite \u00e0 Tarragone, le \"Seisenta\". La fabrication de la p\u00e9riode entre les ann\u00e9es 1960-1965. La capacit\u00e9 de 75cl, avec un dipl\u00f4me de 40\u2070. Niveau de remplissage de l'alcool et de la conservation de la droite pour le moment. Id\u00e9al pour la collecte ou la d\u00e9gustation. Sceau de l'exercice partiellement conserv\u00e9 1.60 pesetas.<\/p>","protected":false},"excerpt":{"rendered":"<p>Bouteille de Chartreuse jaune produite \u00e0 Tarragone, le \"Seisenta\". La fabrication de la p\u00e9riode entre les ann\u00e9es 1960-1965. La capacit\u00e9 de 75cl, avec un dipl\u00f4me de 40\u2070. Niveau de remplissage de l'alcool et de la conservation de la droite pour le moment. Id\u00e9al pour la collecte ou la d\u00e9gustation. Sceau de l'exercice partiellement conserv\u00e9 1.60 pesetas.<\/p>","protected":false},"featured_media":6555,"template":"","meta":[],"product_brand":[],"product_cat":[74],"product_tag":[75,84],"class_list":{"0":"post-6633","1":"product","2":"type-product","3":"status-publish","4":"has-post-thumbnail","6":"product_cat-chartreuse-amarillo","7":"product_tag-chartreuse-amarillo","8":"product_tag-chartreuse-tarragona","10":"first","11":"outofstock","12":"shipping-taxable","13":"purchasable","14":"product-type-simple"},"_links":{"self":[{"href":"https:\/\/chartreusetarragona.com\/fr\/wp-json\/wp\/v2\/product\/6633","targetHints":{"allow":["GET"]}}],"collection":[{"href":"https:\/\/chartreusetarragona.com\/fr\/wp-json\/wp\/v2\/product"}],"about":[{"href":"https:\/\/chartreusetarragona.com\/fr\/wp-json\/wp\/v2\/types\/product"}],"wp:featuredmedia":[{"embeddable":true,"href":"https:\/\/chartreusetarragona.com\/fr\/wp-json\/wp\/v2\/media\/6555"}],"wp:attachment":[{"href":"https:\/\/chartreusetarragona.com\/fr\/wp-json\/wp\/v2\/media?parent=6633"}],"wp:term":[{"taxonomy":"product_brand","embeddable":true,"href":"https:\/\/chartreusetarragona.com\/fr\/wp-json\/wp\/v2\/product_brand?post=6633"},{"taxonomy":"product_cat","embeddable":true,"href":"https:\/\/chartreusetarragona.com\/fr\/wp-json\/wp\/v2\/product_cat?post=6633"},{"taxonomy":"product_tag","embeddable":true,"href":"https:\/\/chartreusetarragona.com\/fr\/wp-json\/wp\/v2\/product_tag?post=6633"}],"curies":[{"name":"wp","href":"https:\/\/api.w.org\/{rel}","templated":true}]}}