{"id":6632,"date":"2026-03-06T08:31:10","date_gmt":"2026-03-06T08:31:10","guid":{"rendered":"https:\/\/chartreusetarragona.com\/producto\/botella-de-chartreuse-amarillo-elaborado-en-tarragona-2\/"},"modified":"2026-03-06T09:03:53","modified_gmt":"2026-03-06T09:03:53","slug":"botella-de-chartreuse-amarillo-elaborado-en-tarragona-2","status":"publish","type":"product","link":"https:\/\/chartreusetarragona.com\/fr\/produit\/botella-de-chartreuse-amarillo-elaborado-en-tarragona-2\/","title":{"rendered":"Bouteille de Chartreuse jaune produite \u00e0 Tarragone"},"content":{"rendered":"<p>Bouteille de Chartreuse jaune fabriqu\u00e9 \u00e0 Tarragone. P\u00e9riode de production entre les ann\u00e9es 1978 \u00e0 1985. La capacit\u00e9 de 75cl, avec un dipl\u00f4me de 40\u2070 et de la cit\u00e9 de l'imp\u00f4t de 8 pesetas, avec leur bo\u00eete d'origine en parfait \u00e9tat. Parfait pour le niveau de remplissage, sans \u00e9vaporation de la liqueur. Id\u00e9al pour la collecte ou la d\u00e9gustation.<\/p>","protected":false},"excerpt":{"rendered":"<p>Bouteille de Chartreuse jaune fabriqu\u00e9 \u00e0 Tarragone. P\u00e9riode de production entre les ann\u00e9es 1978 \u00e0 1985. La capacit\u00e9 de 75cl, avec un dipl\u00f4me de 40\u2070 et de la cit\u00e9 de l'imp\u00f4t de 8 pesetas, avec leur bo\u00eete d'origine en parfait \u00e9tat. Parfait pour le niveau de remplissage, sans \u00e9vaporation de la liqueur. Id\u00e9al pour la collecte ou la d\u00e9gustation.<\/p>","protected":false},"featured_media":6548,"template":"","meta":[],"product_brand":[],"product_cat":[74],"product_tag":[75,84],"class_list":{"0":"post-6632","1":"product","2":"type-product","3":"status-publish","4":"has-post-thumbnail","6":"product_cat-chartreuse-amarillo","7":"product_tag-chartreuse-amarillo","8":"product_tag-chartreuse-tarragona","10":"first","11":"instock","12":"shipping-taxable","13":"purchasable","14":"product-type-simple"},"_links":{"self":[{"href":"https:\/\/chartreusetarragona.com\/fr\/wp-json\/wp\/v2\/product\/6632","targetHints":{"allow":["GET"]}}],"collection":[{"href":"https:\/\/chartreusetarragona.com\/fr\/wp-json\/wp\/v2\/product"}],"about":[{"href":"https:\/\/chartreusetarragona.com\/fr\/wp-json\/wp\/v2\/types\/product"}],"wp:featuredmedia":[{"embeddable":true,"href":"https:\/\/chartreusetarragona.com\/fr\/wp-json\/wp\/v2\/media\/6548"}],"wp:attachment":[{"href":"https:\/\/chartreusetarragona.com\/fr\/wp-json\/wp\/v2\/media?parent=6632"}],"wp:term":[{"taxonomy":"product_brand","embeddable":true,"href":"https:\/\/chartreusetarragona.com\/fr\/wp-json\/wp\/v2\/product_brand?post=6632"},{"taxonomy":"product_cat","embeddable":true,"href":"https:\/\/chartreusetarragona.com\/fr\/wp-json\/wp\/v2\/product_cat?post=6632"},{"taxonomy":"product_tag","embeddable":true,"href":"https:\/\/chartreusetarragona.com\/fr\/wp-json\/wp\/v2\/product_tag?post=6632"}],"curies":[{"name":"wp","href":"https:\/\/api.w.org\/{rel}","templated":true}]}}