{"id":6497,"date":"2026-01-06T09:41:17","date_gmt":"2026-01-06T09:41:17","guid":{"rendered":"https:\/\/chartreusetarragona.com\/?post_type=product&#038;p=6497"},"modified":"2026-04-06T09:07:37","modified_gmt":"2026-04-06T09:07:37","slug":"botella-de-chartreuse-la-tau-fabricada-en-voiron","status":"publish","type":"product","link":"https:\/\/chartreusetarragona.com\/fr\/produit\/botella-de-chartreuse-la-tau-fabricada-en-voiron\/","title":{"rendered":"Bouteille de Chartreuse \"le Tau faite \u00e0 Voiron"},"content":{"rendered":"<p>Bouteille de Chartreuse \"le Tau faite \u00e0 Voiron (France) pour un usage commercial exclusif pour la ville de Tarragone. Ann\u00e9e de production: 2023. La capacit\u00e9 de 75cl, avec l'obtention d'un dipl\u00f4me 44\u2070. \u00c9dition limit\u00e9e, pour cette ann\u00e9e, sur les 4 000 bouteilles, avec une composition sp\u00e9ciale de 70% de la liqueur jaune et de 30% sur le green, en l'honneur de la populaire mamadeta de Santa Tecla. Id\u00e9al pour la collecte ou la d\u00e9gustation.<\/p>","protected":false},"excerpt":{"rendered":"<p>Bouteille de Chartreuse \"le Tau faite \u00e0 Voiron (France) pour un usage commercial exclusif pour la ville de Tarragone. Ann\u00e9e de production: 2023. La capacit\u00e9 de 75cl, avec l'obtention d'un dipl\u00f4me 44\u2070. \u00c9dition limit\u00e9e, pour cette ann\u00e9e, sur les 4 000 bouteilles, avec une composition sp\u00e9ciale de 70% de la liqueur jaune et de 30% sur le green, en l'honneur de la populaire mamadeta de Santa Tecla. Id\u00e9al pour la collecte ou la d\u00e9gustation.<\/p>","protected":false},"featured_media":6503,"template":"","meta":[],"product_brand":[],"product_cat":[74],"product_tag":[75,84],"class_list":{"0":"post-6497","1":"product","2":"type-product","3":"status-publish","4":"has-post-thumbnail","6":"product_cat-chartreuse-amarillo","7":"product_tag-chartreuse-amarillo","8":"product_tag-chartreuse-tarragona","10":"first","11":"instock","12":"featured","13":"shipping-taxable","14":"purchasable","15":"product-type-simple"},"_links":{"self":[{"href":"https:\/\/chartreusetarragona.com\/fr\/wp-json\/wp\/v2\/product\/6497","targetHints":{"allow":["GET"]}}],"collection":[{"href":"https:\/\/chartreusetarragona.com\/fr\/wp-json\/wp\/v2\/product"}],"about":[{"href":"https:\/\/chartreusetarragona.com\/fr\/wp-json\/wp\/v2\/types\/product"}],"wp:featuredmedia":[{"embeddable":true,"href":"https:\/\/chartreusetarragona.com\/fr\/wp-json\/wp\/v2\/media\/6503"}],"wp:attachment":[{"href":"https:\/\/chartreusetarragona.com\/fr\/wp-json\/wp\/v2\/media?parent=6497"}],"wp:term":[{"taxonomy":"product_brand","embeddable":true,"href":"https:\/\/chartreusetarragona.com\/fr\/wp-json\/wp\/v2\/product_brand?post=6497"},{"taxonomy":"product_cat","embeddable":true,"href":"https:\/\/chartreusetarragona.com\/fr\/wp-json\/wp\/v2\/product_cat?post=6497"},{"taxonomy":"product_tag","embeddable":true,"href":"https:\/\/chartreusetarragona.com\/fr\/wp-json\/wp\/v2\/product_tag?post=6497"}],"curies":[{"name":"wp","href":"https:\/\/api.w.org\/{rel}","templated":true}]}}