{"id":6490,"date":"2026-01-06T09:38:44","date_gmt":"2026-01-06T09:38:44","guid":{"rendered":"https:\/\/chartreusetarragona.com\/?post_type=product&#038;p=6490"},"modified":"2026-03-06T22:29:16","modified_gmt":"2026-03-06T22:29:16","slug":"botella-de-chartreuse-amarilla-de-tarragona-3","status":"publish","type":"product","link":"https:\/\/chartreusetarragona.com\/fr\/produit\/botella-de-chartreuse-amarilla-de-tarragona-3\/","title":{"rendered":"Bouteille de Chartreuse jaune Tarragone"},"content":{"rendered":"<p>La fabrication de p\u00e9riode est limit\u00e9e pour les ann\u00e9es 1965 et 1966. Populairement connue comme \"la Gru\u00f1o\" en raison du relief de la bouteille, qui \u00e9tait connu en Catalogne comme \"mugronet\". La pause dans le transport en raison de la battement caus\u00e9e par ce relief a caus\u00e9 le changement de design de la bouteille en 1966, d'o\u00f9 sa raret\u00e9. Bouteille capacit\u00e9 de 75cl, avec un dipl\u00f4me de 40\u2070. Sceau de l'exercice de 1,60 pesetas. Parfait pour la collecte ou la d\u00e9gustation.<\/p>","protected":false},"excerpt":{"rendered":"<p>La fabrication de p\u00e9riode est limit\u00e9e pour les ann\u00e9es 1965 et 1966. Populairement connue comme \"la Gru\u00f1o\" en raison du relief de la bouteille, qui \u00e9tait connu en Catalogne comme \"mugronet\". La pause dans le transport en raison de la battement caus\u00e9e par ce relief a caus\u00e9 le changement de design de la bouteille en 1966, d'o\u00f9 sa raret\u00e9. Bouteille capacit\u00e9 de 75cl, avec un dipl\u00f4me de 40\u2070. Sceau de l'exercice de 1,60 pesetas. Parfait pour la collecte ou la d\u00e9gustation.<\/p>","protected":false},"featured_media":6496,"template":"","meta":[],"product_brand":[],"product_cat":[74],"product_tag":[75,84],"class_list":{"0":"post-6490","1":"product","2":"type-product","3":"status-publish","4":"has-post-thumbnail","6":"product_cat-chartreuse-amarillo","7":"product_tag-chartreuse-amarillo","8":"product_tag-chartreuse-tarragona","10":"first","11":"outofstock","12":"featured","13":"shipping-taxable","14":"product-type-simple"},"_links":{"self":[{"href":"https:\/\/chartreusetarragona.com\/fr\/wp-json\/wp\/v2\/product\/6490","targetHints":{"allow":["GET"]}}],"collection":[{"href":"https:\/\/chartreusetarragona.com\/fr\/wp-json\/wp\/v2\/product"}],"about":[{"href":"https:\/\/chartreusetarragona.com\/fr\/wp-json\/wp\/v2\/types\/product"}],"wp:featuredmedia":[{"embeddable":true,"href":"https:\/\/chartreusetarragona.com\/fr\/wp-json\/wp\/v2\/media\/6496"}],"wp:attachment":[{"href":"https:\/\/chartreusetarragona.com\/fr\/wp-json\/wp\/v2\/media?parent=6490"}],"wp:term":[{"taxonomy":"product_brand","embeddable":true,"href":"https:\/\/chartreusetarragona.com\/fr\/wp-json\/wp\/v2\/product_brand?post=6490"},{"taxonomy":"product_cat","embeddable":true,"href":"https:\/\/chartreusetarragona.com\/fr\/wp-json\/wp\/v2\/product_cat?post=6490"},{"taxonomy":"product_tag","embeddable":true,"href":"https:\/\/chartreusetarragona.com\/fr\/wp-json\/wp\/v2\/product_tag?post=6490"}],"curies":[{"name":"wp","href":"https:\/\/api.w.org\/{rel}","templated":true}]}}