{"id":6483,"date":"2026-01-06T09:34:00","date_gmt":"2026-01-06T09:34:00","guid":{"rendered":"https:\/\/chartreusetarragona.com\/?post_type=product&#038;p=6483"},"modified":"2026-03-06T07:53:07","modified_gmt":"2026-03-06T07:53:07","slug":"botella-de-chartreuse-verde-hecha-en-tarragona","status":"publish","type":"product","link":"https:\/\/chartreusetarragona.com\/fr\/produit\/botella-de-chartreuse-verde-hecha-en-tarragona\/","title":{"rendered":"Bouteille de Chartreuse verte, produite \u00e0 Tarragona"},"content":{"rendered":"<p>P\u00e9riode de production entre les ann\u00e9es 1978 \u00e0 1985. La capacit\u00e9 de 75cl, avec l'obtention d'un dipl\u00f4me 55\u2070, avec leur bo\u00eete d'origine en parfait \u00e9tat. Parfait pour le niveau de remplissage, sans \u00e9vaporation de la liqueur. Id\u00e9al pour la collecte ou la d\u00e9gustation.<\/p>","protected":false},"excerpt":{"rendered":"<p>P\u00e9riode de production entre les ann\u00e9es 1978 \u00e0 1985. La capacit\u00e9 de 75cl, avec l'obtention d'un dipl\u00f4me 55\u2070, avec leur bo\u00eete d'origine en parfait \u00e9tat. Parfait pour le niveau de remplissage, sans \u00e9vaporation de la liqueur. Id\u00e9al pour la collecte ou la d\u00e9gustation.<\/p>","protected":false},"featured_media":6485,"template":"","meta":[],"product_brand":[],"product_cat":[71],"product_tag":[75,84],"class_list":{"0":"post-6483","1":"product","2":"type-product","3":"status-publish","4":"has-post-thumbnail","6":"product_cat-chartreuse-verde","7":"product_tag-chartreuse-amarillo","8":"product_tag-chartreuse-tarragona","10":"first","11":"outofstock","12":"featured","13":"shipping-taxable","14":"product-type-simple"},"_links":{"self":[{"href":"https:\/\/chartreusetarragona.com\/fr\/wp-json\/wp\/v2\/product\/6483","targetHints":{"allow":["GET"]}}],"collection":[{"href":"https:\/\/chartreusetarragona.com\/fr\/wp-json\/wp\/v2\/product"}],"about":[{"href":"https:\/\/chartreusetarragona.com\/fr\/wp-json\/wp\/v2\/types\/product"}],"wp:featuredmedia":[{"embeddable":true,"href":"https:\/\/chartreusetarragona.com\/fr\/wp-json\/wp\/v2\/media\/6485"}],"wp:attachment":[{"href":"https:\/\/chartreusetarragona.com\/fr\/wp-json\/wp\/v2\/media?parent=6483"}],"wp:term":[{"taxonomy":"product_brand","embeddable":true,"href":"https:\/\/chartreusetarragona.com\/fr\/wp-json\/wp\/v2\/product_brand?post=6483"},{"taxonomy":"product_cat","embeddable":true,"href":"https:\/\/chartreusetarragona.com\/fr\/wp-json\/wp\/v2\/product_cat?post=6483"},{"taxonomy":"product_tag","embeddable":true,"href":"https:\/\/chartreusetarragona.com\/fr\/wp-json\/wp\/v2\/product_tag?post=6483"}],"curies":[{"name":"wp","href":"https:\/\/api.w.org\/{rel}","templated":true}]}}