{"id":6380,"date":"2025-10-28T12:45:23","date_gmt":"2025-10-28T12:45:23","guid":{"rendered":"https:\/\/chartreusetarragona.com\/producto\/botella-de-anisette-chartreuse-fabricada-en-tarragona\/"},"modified":"2025-10-28T12:48:44","modified_gmt":"2025-10-28T12:48:44","slug":"botella-de-anisette-chartreuse-fabricada-en-tarragona","status":"publish","type":"product","link":"https:\/\/chartreusetarragona.com\/fr\/produit\/botella-de-anisette-chartreuse-fabricada-en-tarragona\/","title":{"rendered":"Bouteille d'Anis Chartreuse produite \u00e0 Tarragone"},"content":{"rendered":"<p>Bouteille d'Anis Chartreuse produite \u00e0 Tarragone. P\u00e9riode de production limit\u00e9e pour les ann\u00e9es 1978-1980. La capacit\u00e9 de 75cl, avec un dipl\u00f4me de 22\u2070. La cit\u00e9 de l'imp\u00f4t de 4 pesetas. Parfait pour le niveau de remplissage, sans \u00e9vaporation de la liqueur. Id\u00e9al pour la collecte ou la d\u00e9gustation.<\/p>","protected":false},"excerpt":{"rendered":"<p>Bouteille d'Anis Chartreuse produite \u00e0 Tarragone. P\u00e9riode de production limit\u00e9e pour les ann\u00e9es 1978-1980. La capacit\u00e9 de 75cl, avec un dipl\u00f4me de 22\u2070. La cit\u00e9 de l'imp\u00f4t de 4 pesetas. Parfait pour le niveau de remplissage, sans \u00e9vaporation de la liqueur. Id\u00e9al pour la collecte ou la d\u00e9gustation.<\/p>","protected":false},"featured_media":6394,"template":"","meta":[],"product_brand":[],"product_cat":[85],"product_tag":[86,84],"class_list":{"0":"post-6380","1":"product","2":"type-product","3":"status-publish","4":"has-post-thumbnail","6":"product_cat-anisette-chratreuse","7":"product_tag-anisette-chatreuse","8":"product_tag-chartreuse-tarragona","10":"first","11":"instock","12":"featured","13":"shipping-taxable","14":"purchasable","15":"product-type-simple"},"_links":{"self":[{"href":"https:\/\/chartreusetarragona.com\/fr\/wp-json\/wp\/v2\/product\/6380","targetHints":{"allow":["GET"]}}],"collection":[{"href":"https:\/\/chartreusetarragona.com\/fr\/wp-json\/wp\/v2\/product"}],"about":[{"href":"https:\/\/chartreusetarragona.com\/fr\/wp-json\/wp\/v2\/types\/product"}],"wp:featuredmedia":[{"embeddable":true,"href":"https:\/\/chartreusetarragona.com\/fr\/wp-json\/wp\/v2\/media\/6394"}],"wp:attachment":[{"href":"https:\/\/chartreusetarragona.com\/fr\/wp-json\/wp\/v2\/media?parent=6380"}],"wp:term":[{"taxonomy":"product_brand","embeddable":true,"href":"https:\/\/chartreusetarragona.com\/fr\/wp-json\/wp\/v2\/product_brand?post=6380"},{"taxonomy":"product_cat","embeddable":true,"href":"https:\/\/chartreusetarragona.com\/fr\/wp-json\/wp\/v2\/product_cat?post=6380"},{"taxonomy":"product_tag","embeddable":true,"href":"https:\/\/chartreusetarragona.com\/fr\/wp-json\/wp\/v2\/product_tag?post=6380"}],"curies":[{"name":"wp","href":"https:\/\/api.w.org\/{rel}","templated":true}]}}