{"id":6379,"date":"2025-10-28T12:45:23","date_gmt":"2025-10-28T12:45:23","guid":{"rendered":"https:\/\/chartreusetarragona.com\/producto\/botella-de-chartreuse-amarilla-de-tarragona-2\/"},"modified":"2026-03-06T07:53:59","modified_gmt":"2026-03-06T07:53:59","slug":"botella-de-chartreuse-amarilla-de-tarragona-2","status":"publish","type":"product","link":"https:\/\/chartreusetarragona.com\/fr\/produit\/botella-de-chartreuse-amarilla-de-tarragona-2\/","title":{"rendered":"Bouteille de Chartreuse jaune Tarragone"},"content":{"rendered":"<p>Bouteille de Chartreuse jaune produite dans l'usine de Tarragone. La fabrication de la p\u00e9riode entre 1978 et 1985. Connu \u00e0 l'\u00e9poque de la Capacit\u00e9 de 75cl, avec un dipl\u00f4me de 40\u2070. La cit\u00e9 de l'imp\u00f4t de 8 pesetas. Exceptionnel niveau de remplissage, sans \u00e9vaporation de la liqueur. Id\u00e9al pour la collecte ou la d\u00e9gustation.<\/p>","protected":false},"excerpt":{"rendered":"<p>Bouteille de Chartreuse jaune produite dans l'usine de Tarragone. La fabrication de la p\u00e9riode entre 1978 et 1985. Connu \u00e0 l'\u00e9poque de la Capacit\u00e9 de 75cl, avec un dipl\u00f4me de 40\u2070. La cit\u00e9 de l'imp\u00f4t de 8 pesetas. Exceptionnel niveau de remplissage, sans \u00e9vaporation de la liqueur. Id\u00e9al pour la collecte ou la d\u00e9gustation.<\/p>","protected":false},"featured_media":6404,"template":"","meta":[],"product_brand":[],"product_cat":[74],"product_tag":[75,84],"class_list":{"0":"post-6379","1":"product","2":"type-product","3":"status-publish","4":"has-post-thumbnail","6":"product_cat-chartreuse-amarillo","7":"product_tag-chartreuse-amarillo","8":"product_tag-chartreuse-tarragona","10":"first","11":"outofstock","12":"featured","13":"shipping-taxable","14":"product-type-simple"},"_links":{"self":[{"href":"https:\/\/chartreusetarragona.com\/fr\/wp-json\/wp\/v2\/product\/6379","targetHints":{"allow":["GET"]}}],"collection":[{"href":"https:\/\/chartreusetarragona.com\/fr\/wp-json\/wp\/v2\/product"}],"about":[{"href":"https:\/\/chartreusetarragona.com\/fr\/wp-json\/wp\/v2\/types\/product"}],"wp:featuredmedia":[{"embeddable":true,"href":"https:\/\/chartreusetarragona.com\/fr\/wp-json\/wp\/v2\/media\/6404"}],"wp:attachment":[{"href":"https:\/\/chartreusetarragona.com\/fr\/wp-json\/wp\/v2\/media?parent=6379"}],"wp:term":[{"taxonomy":"product_brand","embeddable":true,"href":"https:\/\/chartreusetarragona.com\/fr\/wp-json\/wp\/v2\/product_brand?post=6379"},{"taxonomy":"product_cat","embeddable":true,"href":"https:\/\/chartreusetarragona.com\/fr\/wp-json\/wp\/v2\/product_cat?post=6379"},{"taxonomy":"product_tag","embeddable":true,"href":"https:\/\/chartreusetarragona.com\/fr\/wp-json\/wp\/v2\/product_tag?post=6379"}],"curies":[{"name":"wp","href":"https:\/\/api.w.org\/{rel}","templated":true}]}}