{"id":6378,"date":"2025-10-28T12:45:22","date_gmt":"2025-10-28T12:45:22","guid":{"rendered":"https:\/\/chartreusetarragona.com\/producto\/botella-de-chartreuse-amarilla-de-tarragona\/"},"modified":"2026-03-06T07:54:11","modified_gmt":"2026-03-06T07:54:11","slug":"botella-de-chartreuse-amarilla-de-tarragona","status":"publish","type":"product","link":"https:\/\/chartreusetarragona.com\/fr\/produit\/botella-de-chartreuse-amarilla-de-tarragona\/","title":{"rendered":"Bouteille de Chartreuse jaune Tarragone"},"content":{"rendered":"<p>Bouteille de Chartreuse jaune produite dans l'usine de Tarragone. La fabrication de p\u00e9riode est limit\u00e9e pour les ann\u00e9es 1965 et 1966. Populairement connue comme \"la Gru\u00f1o\" en raison du relief de la bouteille, qui \u00e9tait connu en Catalogne comme \"mugronet\". La pause dans le transport en raison de la battement caus\u00e9e par ce relief a caus\u00e9 le changement de design de la bouteille en 1966, d'o\u00f9 sa raret\u00e9.<\/p>","protected":false},"excerpt":{"rendered":"<p>Bouteille de Chartreuse jaune produite dans l'usine de Tarragone. La fabrication de p\u00e9riode est limit\u00e9e pour les ann\u00e9es 1965 et 1966. Populairement connue comme \"la Gru\u00f1o\" en raison du relief de la bouteille, qui \u00e9tait connu en Catalogne comme \"mugronet\". La pause dans le transport en raison de la battement caus\u00e9e par ce relief a caus\u00e9 le changement de design de la bouteille en 1966, d'o\u00f9 sa raret\u00e9.<\/p>","protected":false},"featured_media":6407,"template":"","meta":[],"product_brand":[],"product_cat":[74],"product_tag":[75,84,77],"class_list":{"0":"post-6378","1":"product","2":"type-product","3":"status-publish","4":"has-post-thumbnail","6":"product_cat-chartreuse-amarillo","7":"product_tag-chartreuse-amarillo","8":"product_tag-chartreuse-tarragona","9":"product_tag-el-gruno","11":"first","12":"outofstock","13":"featured","14":"shipping-taxable","15":"product-type-simple"},"_links":{"self":[{"href":"https:\/\/chartreusetarragona.com\/fr\/wp-json\/wp\/v2\/product\/6378","targetHints":{"allow":["GET"]}}],"collection":[{"href":"https:\/\/chartreusetarragona.com\/fr\/wp-json\/wp\/v2\/product"}],"about":[{"href":"https:\/\/chartreusetarragona.com\/fr\/wp-json\/wp\/v2\/types\/product"}],"wp:featuredmedia":[{"embeddable":true,"href":"https:\/\/chartreusetarragona.com\/fr\/wp-json\/wp\/v2\/media\/6407"}],"wp:attachment":[{"href":"https:\/\/chartreusetarragona.com\/fr\/wp-json\/wp\/v2\/media?parent=6378"}],"wp:term":[{"taxonomy":"product_brand","embeddable":true,"href":"https:\/\/chartreusetarragona.com\/fr\/wp-json\/wp\/v2\/product_brand?post=6378"},{"taxonomy":"product_cat","embeddable":true,"href":"https:\/\/chartreusetarragona.com\/fr\/wp-json\/wp\/v2\/product_cat?post=6378"},{"taxonomy":"product_tag","embeddable":true,"href":"https:\/\/chartreusetarragona.com\/fr\/wp-json\/wp\/v2\/product_tag?post=6378"}],"curies":[{"name":"wp","href":"https:\/\/api.w.org\/{rel}","templated":true}]}}