{"id":6377,"date":"2025-10-28T12:45:22","date_gmt":"2025-10-28T12:45:22","guid":{"rendered":"https:\/\/chartreusetarragona.com\/producto\/botella-de-chartreuse-amarilla-la-fabiola-elaborado-en-tarragona\/"},"modified":"2026-03-22T19:53:23","modified_gmt":"2026-03-22T19:53:23","slug":"botella-de-chartreuse-amarilla-la-fabiola-elaborado-en-tarragona","status":"publish","type":"product","link":"https:\/\/chartreusetarragona.com\/fr\/produit\/botella-de-chartreuse-amarilla-la-fabiola-elaborado-en-tarragona\/","title":{"rendered":"Bouteille de Chartreuse jaune \"Fabiola\" fabriqu\u00e9 \u00e0 Tarragone"},"content":{"rendered":"<p>Exceptionnel bouteille de Chartreuse \"Fabiola\" jaune fabriqu\u00e9 \u00e0 Tarragone. P\u00e9riode de production entre les ann\u00e9es 1968-1973. Avec une capacit\u00e9 de 75cl, avec l'obtention d'un dipl\u00f4me 43\u2070. La cit\u00e9 de l'imp\u00f4t de 8 pesetas. Exceptionnel niveau de remplissage, la pr\u00e9servation de la glace d'origine scandinave de l'\u00e9poque. Id\u00e9al pour la collecte ou la d\u00e9gustation.<\/p>","protected":false},"excerpt":{"rendered":"<p>Exceptionnel bouteille de Chartreuse \"Fabiola\" jaune fabriqu\u00e9 \u00e0 Tarragone. P\u00e9riode de production entre les ann\u00e9es 1968-1973. Avec une capacit\u00e9 de 75cl, avec l'obtention d'un dipl\u00f4me 43\u2070. La cit\u00e9 de l'imp\u00f4t de 8 pesetas. Exceptionnel niveau de remplissage, la pr\u00e9servation de la glace d'origine scandinave de l'\u00e9poque. Id\u00e9al pour la collecte ou la d\u00e9gustation.<\/p>","protected":false},"featured_media":6413,"template":"","meta":[],"product_brand":[],"product_cat":[74],"product_tag":[75,84,83],"class_list":{"0":"post-6377","1":"product","2":"type-product","3":"status-publish","4":"has-post-thumbnail","6":"product_cat-chartreuse-amarillo","7":"product_tag-chartreuse-amarillo","8":"product_tag-chartreuse-tarragona","9":"product_tag-la-fabiola","11":"first","12":"outofstock","13":"featured","14":"shipping-taxable","15":"product-type-simple"},"_links":{"self":[{"href":"https:\/\/chartreusetarragona.com\/fr\/wp-json\/wp\/v2\/product\/6377","targetHints":{"allow":["GET"]}}],"collection":[{"href":"https:\/\/chartreusetarragona.com\/fr\/wp-json\/wp\/v2\/product"}],"about":[{"href":"https:\/\/chartreusetarragona.com\/fr\/wp-json\/wp\/v2\/types\/product"}],"wp:featuredmedia":[{"embeddable":true,"href":"https:\/\/chartreusetarragona.com\/fr\/wp-json\/wp\/v2\/media\/6413"}],"wp:attachment":[{"href":"https:\/\/chartreusetarragona.com\/fr\/wp-json\/wp\/v2\/media?parent=6377"}],"wp:term":[{"taxonomy":"product_brand","embeddable":true,"href":"https:\/\/chartreusetarragona.com\/fr\/wp-json\/wp\/v2\/product_brand?post=6377"},{"taxonomy":"product_cat","embeddable":true,"href":"https:\/\/chartreusetarragona.com\/fr\/wp-json\/wp\/v2\/product_cat?post=6377"},{"taxonomy":"product_tag","embeddable":true,"href":"https:\/\/chartreusetarragona.com\/fr\/wp-json\/wp\/v2\/product_tag?post=6377"}],"curies":[{"name":"wp","href":"https:\/\/api.w.org\/{rel}","templated":true}]}}