{"id":6343,"date":"2025-07-08T16:06:25","date_gmt":"2025-07-08T16:06:25","guid":{"rendered":"https:\/\/chartreusetarragona.com\/?post_type=product&#038;p=6343"},"modified":"2025-08-02T09:42:25","modified_gmt":"2025-08-02T09:42:25","slug":"botella-de-chartreuse-amarillo-elaborado-en-tarragona-promocional-del-brandy-car","status":"publish","type":"product","link":"https:\/\/chartreusetarragona.com\/fr\/produit\/botella-de-chartreuse-amarillo-elaborado-en-tarragona-promocional-del-brandy-car\/","title":{"rendered":"Bouteille de Chartreuse jaune produite \u00e0 Tarragone promotionnel \"Brandy-CAR\""},"content":{"rendered":"<p>Exceptionnel bouteille de Chartreuse jaune fait \u00e0 Tarragone. La fabrication de la p\u00e9riode entre les ann\u00e9es 1940-1949. Bouteille bouchon de li\u00e8ge 70cl en exceptionnel \u00e9tat de conservation, avec une \u00e9tiquette \u00e0 l'avant et \u00e0 l'arri\u00e8re de promotion \"Brandy-Car\" et de la cit\u00e9 de l'imp\u00f4t de 1'60 pesetas intacte. Avec un dipl\u00f4me 43\u2070. Tr\u00e8s bon niveau de remplissage. Une bouteille est exceptionnel pour la collecte ou la d\u00e9gustation.<\/p>","protected":false},"excerpt":{"rendered":"<p>Exceptionnel bouteille de Chartreuse jaune fait \u00e0 Tarragone. La fabrication de la p\u00e9riode entre les ann\u00e9es 1940-1949. Bouteille bouchon de li\u00e8ge 70cl en exceptionnel \u00e9tat de conservation, avec une \u00e9tiquette \u00e0 l'avant et \u00e0 l'arri\u00e8re de promotion \"Brandy-Car\" et de la cit\u00e9 de l'imp\u00f4t de 1'60 pesetas intacte. Avec un dipl\u00f4me 43\u2070. Tr\u00e8s bon niveau de remplissage. Une bouteille est exceptionnel pour la collecte ou la d\u00e9gustation.<\/p>","protected":false},"featured_media":6344,"template":"","meta":[],"product_brand":[],"product_cat":[74],"product_tag":[82,75,73],"class_list":{"0":"post-6343","1":"product","2":"type-product","3":"status-publish","4":"has-post-thumbnail","6":"product_cat-chartreuse-amarillo","7":"product_tag-brandy-car","8":"product_tag-chartreuse-amarillo","9":"product_tag-tarragona","11":"first","12":"outofstock","13":"featured","14":"shipping-taxable","15":"product-type-simple"},"_links":{"self":[{"href":"https:\/\/chartreusetarragona.com\/fr\/wp-json\/wp\/v2\/product\/6343","targetHints":{"allow":["GET"]}}],"collection":[{"href":"https:\/\/chartreusetarragona.com\/fr\/wp-json\/wp\/v2\/product"}],"about":[{"href":"https:\/\/chartreusetarragona.com\/fr\/wp-json\/wp\/v2\/types\/product"}],"wp:featuredmedia":[{"embeddable":true,"href":"https:\/\/chartreusetarragona.com\/fr\/wp-json\/wp\/v2\/media\/6344"}],"wp:attachment":[{"href":"https:\/\/chartreusetarragona.com\/fr\/wp-json\/wp\/v2\/media?parent=6343"}],"wp:term":[{"taxonomy":"product_brand","embeddable":true,"href":"https:\/\/chartreusetarragona.com\/fr\/wp-json\/wp\/v2\/product_brand?post=6343"},{"taxonomy":"product_cat","embeddable":true,"href":"https:\/\/chartreusetarragona.com\/fr\/wp-json\/wp\/v2\/product_cat?post=6343"},{"taxonomy":"product_tag","embeddable":true,"href":"https:\/\/chartreusetarragona.com\/fr\/wp-json\/wp\/v2\/product_tag?post=6343"}],"curies":[{"name":"wp","href":"https:\/\/api.w.org\/{rel}","templated":true}]}}