{"id":6330,"date":"2025-07-08T15:31:00","date_gmt":"2025-07-08T15:31:00","guid":{"rendered":"https:\/\/chartreusetarragona.com\/?post_type=product&#038;p=6330"},"modified":"2026-03-06T07:54:16","modified_gmt":"2026-03-06T07:54:16","slug":"botella-de-chartreuse-amarillo-elaborado-en-tarragona-licor-cumbre","status":"publish","type":"product","link":"https:\/\/chartreusetarragona.com\/fr\/produit\/botella-de-chartreuse-amarillo-elaborado-en-tarragona-licor-cumbre\/","title":{"rendered":"Bouteille de Chartreuse jaune produite \u00e0 Tarragone alcool \"Cumbre\""},"content":{"rendered":"<p>Botella de Chartreuse amarillo hecho en Tarragona. Periodo de fabricaci\u00f3n entre los a\u00f1os 1950-1959. Conocido en la \u00e9poca como el licor \u00abCumbre\u00bb. Media botella de tap\u00f3n de corcho, con capacidad de 50cl, con una graduaci\u00f3n de 55\u2070. Precinto fiscal de 80 c\u00e9ntimos. Excepcional nivel de llenado, sin ning\u00fan tipo de evaporaci\u00f3n del licor, muy excepcional para este tipo de botella. Ideal para colecci\u00f3n o degustaci\u00f3n.<\/p>","protected":false},"excerpt":{"rendered":"<p>Botella de Chartreuse amarillo hecho en Tarragona. Periodo de fabricaci\u00f3n entre los a\u00f1os 1950-1959. Conocido en la \u00e9poca como el licor \u00abCumbre\u00bb. Media botella de tap\u00f3n de corcho, con capacidad de 50cl, con una graduaci\u00f3n de 55\u2070. Precinto fiscal de 80 c\u00e9ntimos. Excepcional nivel de llenado, sin ning\u00fan tipo de evaporaci\u00f3n del licor, muy excepcional para este tipo de botella. Ideal para colecci\u00f3n o degustaci\u00f3n.<\/p>","protected":false},"featured_media":6337,"template":"","meta":[],"product_brand":[],"product_cat":[74],"product_tag":[75,73],"class_list":{"0":"post-6330","1":"product","2":"type-product","3":"status-publish","4":"has-post-thumbnail","6":"product_cat-chartreuse-amarillo","7":"product_tag-chartreuse-amarillo","8":"product_tag-tarragona","10":"first","11":"outofstock","12":"featured","13":"shipping-taxable","14":"product-type-simple"},"_links":{"self":[{"href":"https:\/\/chartreusetarragona.com\/fr\/wp-json\/wp\/v2\/product\/6330","targetHints":{"allow":["GET"]}}],"collection":[{"href":"https:\/\/chartreusetarragona.com\/fr\/wp-json\/wp\/v2\/product"}],"about":[{"href":"https:\/\/chartreusetarragona.com\/fr\/wp-json\/wp\/v2\/types\/product"}],"wp:featuredmedia":[{"embeddable":true,"href":"https:\/\/chartreusetarragona.com\/fr\/wp-json\/wp\/v2\/media\/6337"}],"wp:attachment":[{"href":"https:\/\/chartreusetarragona.com\/fr\/wp-json\/wp\/v2\/media?parent=6330"}],"wp:term":[{"taxonomy":"product_brand","embeddable":true,"href":"https:\/\/chartreusetarragona.com\/fr\/wp-json\/wp\/v2\/product_brand?post=6330"},{"taxonomy":"product_cat","embeddable":true,"href":"https:\/\/chartreusetarragona.com\/fr\/wp-json\/wp\/v2\/product_cat?post=6330"},{"taxonomy":"product_tag","embeddable":true,"href":"https:\/\/chartreusetarragona.com\/fr\/wp-json\/wp\/v2\/product_tag?post=6330"}],"curies":[{"name":"wp","href":"https:\/\/api.w.org\/{rel}","templated":true}]}}