{"id":6319,"date":"2025-07-08T14:32:17","date_gmt":"2025-07-08T14:32:17","guid":{"rendered":"https:\/\/chartreusetarragona.com\/?post_type=product&#038;p=6319"},"modified":"2026-03-27T16:43:12","modified_gmt":"2026-03-27T16:43:12","slug":"botella-de-chartreuse-verde-tarragona","status":"publish","type":"product","link":"https:\/\/chartreusetarragona.com\/fr\/produit\/botella-de-chartreuse-verde-tarragona\/","title":{"rendered":"Bouteille de Chartreuse verte produit \u00e0 Tarragone \"la Grande Chartreuse\""},"content":{"rendered":"<p>Bouteille de verte Chartreuse fabriqu\u00e9s \u00e0 Tarragone. La fabrication de p\u00e9riode est limit\u00e9e pour les ann\u00e9es 1966 et 1967. Populairement connue comme &#034;la Grande Chartreuse&#034; en raison de la conception du bouchon \u00e0 vis. La capacit\u00e9 de la capacit\u00e9 de la bouteille de 70 cl, avec l&#039;obtention d&#039;un dipl\u00f4me 55\u2070. Niveau de remplissage de la liqueur, excellent, exceptionnel pour ce type de bouteille. Excellent \u00e9tat de conservation des \u00e9tiquettes. Parfait pour la collecte ou la d\u00e9gustation.<\/p>","protected":false},"excerpt":{"rendered":"<p>Bouteille de verte Chartreuse fabriqu\u00e9s \u00e0 Tarragone. La fabrication de p\u00e9riode est limit\u00e9e pour les ann\u00e9es 1966 et 1967. Populairement connue comme &#034;la Grande Chartreuse&#034; en raison de la conception du bouchon \u00e0 vis. La capacit\u00e9 de la capacit\u00e9 de la bouteille de 70 cl, avec l&#039;obtention d&#039;un dipl\u00f4me 55\u2070. Niveau de remplissage de la liqueur, excellent, exceptionnel pour ce type de bouteille. Excellent \u00e9tat de conservation des \u00e9tiquettes. Parfait pour la collecte ou la d\u00e9gustation.<\/p>","protected":false},"featured_media":6320,"template":"","meta":[],"product_brand":[],"product_cat":[71],"product_tag":[72,81,73],"class_list":{"0":"post-6319","1":"product","2":"type-product","3":"status-publish","4":"has-post-thumbnail","6":"product_cat-chartreuse-verde","7":"product_tag-chartreuse-verde","8":"product_tag-la-grande-chartreuse","9":"product_tag-tarragona","11":"first","12":"outofstock","13":"featured","14":"shipping-taxable","15":"purchasable","16":"product-type-simple"},"_links":{"self":[{"href":"https:\/\/chartreusetarragona.com\/fr\/wp-json\/wp\/v2\/product\/6319","targetHints":{"allow":["GET"]}}],"collection":[{"href":"https:\/\/chartreusetarragona.com\/fr\/wp-json\/wp\/v2\/product"}],"about":[{"href":"https:\/\/chartreusetarragona.com\/fr\/wp-json\/wp\/v2\/types\/product"}],"wp:featuredmedia":[{"embeddable":true,"href":"https:\/\/chartreusetarragona.com\/fr\/wp-json\/wp\/v2\/media\/6320"}],"wp:attachment":[{"href":"https:\/\/chartreusetarragona.com\/fr\/wp-json\/wp\/v2\/media?parent=6319"}],"wp:term":[{"taxonomy":"product_brand","embeddable":true,"href":"https:\/\/chartreusetarragona.com\/fr\/wp-json\/wp\/v2\/product_brand?post=6319"},{"taxonomy":"product_cat","embeddable":true,"href":"https:\/\/chartreusetarragona.com\/fr\/wp-json\/wp\/v2\/product_cat?post=6319"},{"taxonomy":"product_tag","embeddable":true,"href":"https:\/\/chartreusetarragona.com\/fr\/wp-json\/wp\/v2\/product_tag?post=6319"}],"curies":[{"name":"wp","href":"https:\/\/api.w.org\/{rel}","templated":true}]}}