{"id":5732,"date":"2025-04-04T11:57:58","date_gmt":"2025-04-04T11:57:58","guid":{"rendered":"https:\/\/chartreusetarragona.com\/?product=botella-de-chartreuse-verde-producida-en-tarragona-el-gruno-2"},"modified":"2026-03-06T07:54:23","modified_gmt":"2026-03-06T07:54:23","slug":"botella-de-chartreuse-verde-producida-en-tarragona-el-gruno-2","status":"publish","type":"product","link":"https:\/\/chartreusetarragona.com\/fr\/produit\/botella-de-chartreuse-verde-producida-en-tarragona-el-gruno-2\/","title":{"rendered":"Bouteille de Chartreuse verte produit \u00e0 Tarragone \"la gru\u00f1o\""},"content":{"rendered":"<p>Botella de Chartreuse verde producida en Tarragona. Periodo de fabricaci\u00f3n limitada a los a\u00f1os 1965 y 1966. Conocida popularmente como \u00abel Gru\u00f1o\u00bb debido al relieve de la botella, que se conoc\u00eda en Catalu\u00f1a como \u00abmugronet\u00bb. La rotura en el transporte debido al golpeo causado por este relieve provoc\u00f3 el cambio de dise\u00f1o de la botella en el 1966, de ah\u00ed su escasez. Media botella de capacidad de 70cl, con una graduaci\u00f3n de 55\u2070. Nivel de llenado del licor perfecto, tremendamente raro de encontrar para este tipo de botella. Excelente estado de conservaci\u00f3n de las etiquetas. Perfecta para colecci\u00f3n o degustaci\u00f3n. Precinto fiscal de 1,60 pesetas.<\/p>","protected":false},"excerpt":{"rendered":"<p>Botella de Chartreuse verde producida en Tarragona. Periodo de fabricaci\u00f3n limitada a los a\u00f1os 1965 y 1966. Conocida popularmente como \u00abel Gru\u00f1o\u00bb debido al relieve de la botella, que se conoc\u00eda en Catalu\u00f1a como \u00abmugronet\u00bb. La rotura en el transporte debido al golpeo causado por este relieve provoc\u00f3 el cambio de dise\u00f1o de la botella en el 1966, de ah\u00ed su escasez. Media botella de capacidad de 70cl, con una graduaci\u00f3n de 55\u2070. Nivel de llenado del licor perfecto, tremendamente raro de encontrar para este tipo de botella. Excelente estado de conservaci\u00f3n de las etiquetas. Perfecta para colecci\u00f3n o degustaci\u00f3n. Precinto fiscal de 1,60 pesetas.<\/p>","protected":false},"featured_media":6331,"template":"","meta":[],"product_brand":[],"product_cat":[71],"product_tag":[72,77,73],"class_list":{"0":"post-5732","1":"product","2":"type-product","3":"status-publish","4":"has-post-thumbnail","6":"product_cat-chartreuse-verde","7":"product_tag-chartreuse-verde","8":"product_tag-el-gruno","9":"product_tag-tarragona","11":"first","12":"outofstock","13":"shipping-taxable","14":"product-type-simple"},"_links":{"self":[{"href":"https:\/\/chartreusetarragona.com\/fr\/wp-json\/wp\/v2\/product\/5732","targetHints":{"allow":["GET"]}}],"collection":[{"href":"https:\/\/chartreusetarragona.com\/fr\/wp-json\/wp\/v2\/product"}],"about":[{"href":"https:\/\/chartreusetarragona.com\/fr\/wp-json\/wp\/v2\/types\/product"}],"wp:featuredmedia":[{"embeddable":true,"href":"https:\/\/chartreusetarragona.com\/fr\/wp-json\/wp\/v2\/media\/6331"}],"wp:attachment":[{"href":"https:\/\/chartreusetarragona.com\/fr\/wp-json\/wp\/v2\/media?parent=5732"}],"wp:term":[{"taxonomy":"product_brand","embeddable":true,"href":"https:\/\/chartreusetarragona.com\/fr\/wp-json\/wp\/v2\/product_brand?post=5732"},{"taxonomy":"product_cat","embeddable":true,"href":"https:\/\/chartreusetarragona.com\/fr\/wp-json\/wp\/v2\/product_cat?post=5732"},{"taxonomy":"product_tag","embeddable":true,"href":"https:\/\/chartreusetarragona.com\/fr\/wp-json\/wp\/v2\/product_tag?post=5732"}],"curies":[{"name":"wp","href":"https:\/\/api.w.org\/{rel}","templated":true}]}}