{"id":5729,"date":"2025-04-04T11:57:58","date_gmt":"2025-04-04T11:57:58","guid":{"rendered":"https:\/\/chartreusetarragona.com\/?product=botella-de-chartreuse-commemorative-de-larrivee-des-peres-chartreux-a-tarragone"},"modified":"2026-03-06T07:54:31","modified_gmt":"2026-03-06T07:54:31","slug":"botella-de-chartreuse-commemorative-de-larrivee-des-peres-chartreux-a-tarragone","status":"publish","type":"product","link":"https:\/\/chartreusetarragona.com\/fr\/produit\/botella-de-chartreuse-commemorative-de-larrivee-des-peres-chartreux-a-tarragone\/","title":{"rendered":"Bouteille de Chartreuse &#034;Comm\u00e9morative de l&#039;arrivee des P\u00e9res Chartreux \u00e0 Tarragone"},"content":{"rendered":"<p>Botella de Chartreuse \u00abComm\u00e9morative de l&#8217;arrivee des P\u00e9res Chartreux \u00e0 Tarragone\u00bb fabricada en motivo de las fiestas de Santa Tecla de Tarragona en el a\u00f1o 2003. Se trata de la m\u00e1s apreciada y m\u00e1s c\u00e9lebre edici\u00f3n de entre las producidas de la serie de Santa Tecla. \u00abCuv\u00e9e Sp\u00e9ciale de Chartreuse Jaune\u00bb. Botella numerada y de producci\u00f3n limitada a 6000 unidades. Capacidad de 70cl, y graduaci\u00f3n de 42\u2070. Buen nivel de llenado del licor y conservaci\u00f3n excelente de las etiquetas. Ideal para colecci\u00f3n o degustaci\u00f3n.<\/p>","protected":false},"excerpt":{"rendered":"<p>Botella de Chartreuse \u00abComm\u00e9morative de l&#8217;arrivee des P\u00e9res Chartreux \u00e0 Tarragone\u00bb fabricada en motivo de las fiestas de Santa Tecla de Tarragona en el a\u00f1o 2003. Se trata de la m\u00e1s apreciada y m\u00e1s c\u00e9lebre edici\u00f3n de entre las producidas de la serie de Santa Tecla. \u00abCuv\u00e9e Sp\u00e9ciale de Chartreuse Jaune\u00bb. Botella numerada y de producci\u00f3n limitada a 6000 unidades. Capacidad de 70cl, y graduaci\u00f3n de 42\u2070. Buen nivel de llenado del licor y conservaci\u00f3n excelente de las etiquetas. Ideal para colecci\u00f3n o degustaci\u00f3n.<\/p>","protected":false},"featured_media":5742,"template":"","meta":[],"product_brand":[],"product_cat":[74],"product_tag":[75,73],"class_list":{"0":"post-5729","1":"product","2":"type-product","3":"status-publish","4":"has-post-thumbnail","6":"product_cat-chartreuse-amarillo","7":"product_tag-chartreuse-amarillo","8":"product_tag-tarragona","10":"first","11":"outofstock","12":"featured","13":"shipping-taxable","14":"product-type-simple"},"_links":{"self":[{"href":"https:\/\/chartreusetarragona.com\/fr\/wp-json\/wp\/v2\/product\/5729","targetHints":{"allow":["GET"]}}],"collection":[{"href":"https:\/\/chartreusetarragona.com\/fr\/wp-json\/wp\/v2\/product"}],"about":[{"href":"https:\/\/chartreusetarragona.com\/fr\/wp-json\/wp\/v2\/types\/product"}],"wp:featuredmedia":[{"embeddable":true,"href":"https:\/\/chartreusetarragona.com\/fr\/wp-json\/wp\/v2\/media\/5742"}],"wp:attachment":[{"href":"https:\/\/chartreusetarragona.com\/fr\/wp-json\/wp\/v2\/media?parent=5729"}],"wp:term":[{"taxonomy":"product_brand","embeddable":true,"href":"https:\/\/chartreusetarragona.com\/fr\/wp-json\/wp\/v2\/product_brand?post=5729"},{"taxonomy":"product_cat","embeddable":true,"href":"https:\/\/chartreusetarragona.com\/fr\/wp-json\/wp\/v2\/product_cat?post=5729"},{"taxonomy":"product_tag","embeddable":true,"href":"https:\/\/chartreusetarragona.com\/fr\/wp-json\/wp\/v2\/product_tag?post=5729"}],"curies":[{"name":"wp","href":"https:\/\/api.w.org\/{rel}","templated":true}]}}