{"id":5728,"date":"2025-04-04T11:57:58","date_gmt":"2025-04-04T11:57:58","guid":{"rendered":"https:\/\/chartreusetarragona.com\/?product=botella-de-chartreuse-verde-elaborado-en-tarragona-2"},"modified":"2026-03-06T07:54:38","modified_gmt":"2026-03-06T07:54:38","slug":"botella-de-chartreuse-verde-elaborado-en-tarragona-2","status":"publish","type":"product","link":"https:\/\/chartreusetarragona.com\/fr\/produit\/botella-de-chartreuse-verde-elaborado-en-tarragona-2\/","title":{"rendered":"Bouteille de Chartreuse verte produit \u00e0 Tarragone"},"content":{"rendered":"<p>Botella de Chartreuse verde elaborado en Tarragona. Periodo de fabricaci\u00f3n entre los a\u00f1os 1978-1985. Media botella, con capacidad de 37,5cl, con una graduaci\u00f3n de 55\u2070. Leve evaporaci\u00f3n del licor, con un nivel de llenado ligeramente por debajo del cuello de la botella. Ideal para colecci\u00f3n o degustaci\u00f3n.<\/p>","protected":false},"excerpt":{"rendered":"<p>Botella de Chartreuse verde elaborado en Tarragona. Periodo de fabricaci\u00f3n entre los a\u00f1os 1978-1985. Media botella, con capacidad de 37,5cl, con una graduaci\u00f3n de 55\u2070. Leve evaporaci\u00f3n del licor, con un nivel de llenado ligeramente por debajo del cuello de la botella. Ideal para colecci\u00f3n o degustaci\u00f3n.<\/p>","protected":false},"featured_media":5741,"template":"","meta":[],"product_brand":[],"product_cat":[71],"product_tag":[72,73],"class_list":{"0":"post-5728","1":"product","2":"type-product","3":"status-publish","4":"has-post-thumbnail","6":"product_cat-chartreuse-verde","7":"product_tag-chartreuse-verde","8":"product_tag-tarragona","10":"first","11":"outofstock","12":"featured","13":"shipping-taxable","14":"product-type-simple"},"_links":{"self":[{"href":"https:\/\/chartreusetarragona.com\/fr\/wp-json\/wp\/v2\/product\/5728","targetHints":{"allow":["GET"]}}],"collection":[{"href":"https:\/\/chartreusetarragona.com\/fr\/wp-json\/wp\/v2\/product"}],"about":[{"href":"https:\/\/chartreusetarragona.com\/fr\/wp-json\/wp\/v2\/types\/product"}],"wp:featuredmedia":[{"embeddable":true,"href":"https:\/\/chartreusetarragona.com\/fr\/wp-json\/wp\/v2\/media\/5741"}],"wp:attachment":[{"href":"https:\/\/chartreusetarragona.com\/fr\/wp-json\/wp\/v2\/media?parent=5728"}],"wp:term":[{"taxonomy":"product_brand","embeddable":true,"href":"https:\/\/chartreusetarragona.com\/fr\/wp-json\/wp\/v2\/product_brand?post=5728"},{"taxonomy":"product_cat","embeddable":true,"href":"https:\/\/chartreusetarragona.com\/fr\/wp-json\/wp\/v2\/product_cat?post=5728"},{"taxonomy":"product_tag","embeddable":true,"href":"https:\/\/chartreusetarragona.com\/fr\/wp-json\/wp\/v2\/product_tag?post=5728"}],"curies":[{"name":"wp","href":"https:\/\/api.w.org\/{rel}","templated":true}]}}