{"id":5727,"date":"2025-04-04T11:57:57","date_gmt":"2025-04-04T11:57:57","guid":{"rendered":"https:\/\/chartreusetarragona.com\/?product=botella-de-chartreuse-verde-conmemoracion-de-las-fiestas-de-santa-tecla-de-tarragona-2005"},"modified":"2025-07-08T15:30:22","modified_gmt":"2025-07-08T15:30:22","slug":"botella-de-chartreuse-verde-conmemoracion-de-las-fiestas-de-santa-tecla-de-tarragona-2005","status":"publish","type":"product","link":"https:\/\/chartreusetarragona.com\/fr\/produit\/botella-de-chartreuse-verde-conmemoracion-de-las-fiestas-de-santa-tecla-de-tarragona-2005\/","title":{"rendered":"Bouteille de Chartreuse verte festivit\u00e9s de Santa Tecla, Tarragone 2005"},"content":{"rendered":"<p>Bouteille de verte Chartreuse produit dans la comm\u00e9moration de la f\u00eate de Santa Tecla Tarragone en l&#039;an 2005. C&#039;est l&#039;un des meilleurs crus de la s\u00e9rie de Santa Tecla. Bouteille num\u00e9rot\u00e9e et limit\u00e9e \u00e0 la production de 785 unit\u00e9s. La capacit\u00e9 de 70cl, l&#039;obtention du dipl\u00f4me 55\u2070, dans le cas de carton d&#039;origine. Niveau de remplissage de l&#039;alcool et de la conservation excellent. Id\u00e9al pour la collecte ou la d\u00e9gustation.<\/p>","protected":false},"excerpt":{"rendered":"<p>Bouteille de verte Chartreuse produit dans la comm\u00e9moration de la f\u00eate de Santa Tecla Tarragone en l&#039;an 2005. C&#039;est l&#039;un des meilleurs crus de la s\u00e9rie de Santa Tecla. Bouteille num\u00e9rot\u00e9e et limit\u00e9e \u00e0 la production de 785 unit\u00e9s. La capacit\u00e9 de 70cl, l&#039;obtention du dipl\u00f4me 55\u2070, dans le cas de carton d&#039;origine. Niveau de remplissage de l&#039;alcool et de la conservation excellent. Id\u00e9al pour la collecte ou la d\u00e9gustation.<\/p>","protected":false},"featured_media":6329,"template":"","meta":[],"product_brand":[],"product_cat":[71],"product_tag":[72,76,73],"class_list":{"0":"post-5727","1":"product","2":"type-product","3":"status-publish","4":"has-post-thumbnail","6":"product_cat-chartreuse-verde","7":"product_tag-chartreuse-verde","8":"product_tag-santa-tecla","9":"product_tag-tarragona","11":"first","12":"instock","13":"featured","14":"shipping-taxable","15":"purchasable","16":"product-type-simple"},"_links":{"self":[{"href":"https:\/\/chartreusetarragona.com\/fr\/wp-json\/wp\/v2\/product\/5727","targetHints":{"allow":["GET"]}}],"collection":[{"href":"https:\/\/chartreusetarragona.com\/fr\/wp-json\/wp\/v2\/product"}],"about":[{"href":"https:\/\/chartreusetarragona.com\/fr\/wp-json\/wp\/v2\/types\/product"}],"wp:featuredmedia":[{"embeddable":true,"href":"https:\/\/chartreusetarragona.com\/fr\/wp-json\/wp\/v2\/media\/6329"}],"wp:attachment":[{"href":"https:\/\/chartreusetarragona.com\/fr\/wp-json\/wp\/v2\/media?parent=5727"}],"wp:term":[{"taxonomy":"product_brand","embeddable":true,"href":"https:\/\/chartreusetarragona.com\/fr\/wp-json\/wp\/v2\/product_brand?post=5727"},{"taxonomy":"product_cat","embeddable":true,"href":"https:\/\/chartreusetarragona.com\/fr\/wp-json\/wp\/v2\/product_cat?post=5727"},{"taxonomy":"product_tag","embeddable":true,"href":"https:\/\/chartreusetarragona.com\/fr\/wp-json\/wp\/v2\/product_tag?post=5727"}],"curies":[{"name":"wp","href":"https:\/\/api.w.org\/{rel}","templated":true}]}}