{"id":5726,"date":"2025-04-04T11:57:57","date_gmt":"2025-04-04T11:57:57","guid":{"rendered":"https:\/\/chartreusetarragona.com\/?product=botella-de-chartreuse-amarillo-elaborado-en-tarragona"},"modified":"2025-07-08T16:05:13","modified_gmt":"2025-07-08T16:05:13","slug":"botella-de-chartreuse-amarillo-elaborado-en-tarragona","status":"publish","type":"product","link":"https:\/\/chartreusetarragona.com\/fr\/produit\/botella-de-chartreuse-amarillo-elaborado-en-tarragona\/","title":{"rendered":"Bouteille de Chartreuse jaune produite \u00e0 Tarragone"},"content":{"rendered":"<p>Botella de Chartreuse amarillo elaborado en Tarragona. Periodo de fabricaci\u00f3n entre los a\u00f1os 1978-1985. Capacidad de 70cl, con una graduaci\u00f3n de 40\u2070, conservada en su estuche de cart\u00f3n original. Nivel de llenado del licor y de conservaci\u00f3n excelentes. Ideal para colecci\u00f3n o degustaci\u00f3n. Precinto fiscal de 8 pesetas.<\/p>","protected":false},"excerpt":{"rendered":"<p>Botella de Chartreuse amarillo elaborado en Tarragona. Periodo de fabricaci\u00f3n entre los a\u00f1os 1978-1985. Capacidad de 70cl, con una graduaci\u00f3n de 40\u2070, conservada en su estuche de cart\u00f3n original. Nivel de llenado del licor y de conservaci\u00f3n excelentes. Ideal para colecci\u00f3n o degustaci\u00f3n. Precinto fiscal de 8 pesetas.<\/p>","protected":false},"featured_media":5734,"template":"","meta":[],"product_brand":[],"product_cat":[74],"product_tag":[75,73],"class_list":{"0":"post-5726","1":"product","2":"type-product","3":"status-publish","4":"has-post-thumbnail","6":"product_cat-chartreuse-amarillo","7":"product_tag-chartreuse-amarillo","8":"product_tag-tarragona","10":"first","11":"outofstock","12":"featured","13":"shipping-taxable","14":"product-type-simple"},"_links":{"self":[{"href":"https:\/\/chartreusetarragona.com\/fr\/wp-json\/wp\/v2\/product\/5726","targetHints":{"allow":["GET"]}}],"collection":[{"href":"https:\/\/chartreusetarragona.com\/fr\/wp-json\/wp\/v2\/product"}],"about":[{"href":"https:\/\/chartreusetarragona.com\/fr\/wp-json\/wp\/v2\/types\/product"}],"wp:featuredmedia":[{"embeddable":true,"href":"https:\/\/chartreusetarragona.com\/fr\/wp-json\/wp\/v2\/media\/5734"}],"wp:attachment":[{"href":"https:\/\/chartreusetarragona.com\/fr\/wp-json\/wp\/v2\/media?parent=5726"}],"wp:term":[{"taxonomy":"product_brand","embeddable":true,"href":"https:\/\/chartreusetarragona.com\/fr\/wp-json\/wp\/v2\/product_brand?post=5726"},{"taxonomy":"product_cat","embeddable":true,"href":"https:\/\/chartreusetarragona.com\/fr\/wp-json\/wp\/v2\/product_cat?post=5726"},{"taxonomy":"product_tag","embeddable":true,"href":"https:\/\/chartreusetarragona.com\/fr\/wp-json\/wp\/v2\/product_tag?post=5726"}],"curies":[{"name":"wp","href":"https:\/\/api.w.org\/{rel}","templated":true}]}}