{"id":6083,"date":"2025-04-14T13:39:44","date_gmt":"2025-04-14T13:39:44","guid":{"rendered":"https:\/\/chartreusetarragona.com\/?page_id=6083"},"modified":"2025-04-14T17:20:44","modified_gmt":"2025-04-14T17:20:44","slug":"sobre-nosotros","status":"publish","type":"page","link":"https:\/\/chartreusetarragona.com\/fr\/sobre-nosotros\/","title":{"rendered":"Sobre Nosotros"},"content":{"rendered":"<div data-elementor-type=\"wp-page\" data-elementor-id=\"6083\" class=\"elementor elementor-6083\">\n\t\t\t\t\t\t<section class=\"qodef-row-frame elementor-section elementor-top-section elementor-element elementor-element-0a3b219 elementor-section-full_width qodef-elementor-content-grid elementor-section-height-default elementor-section-height-default\" data-id=\"0a3b219\" data-element_type=\"section\" data-e-type=\"section\">\n\t\t\t\t\t\t<div class=\"elementor-container elementor-column-gap-default\">\n\t\t\t\t\t<div class=\"elementor-column elementor-col-33 elementor-top-column elementor-element elementor-element-42018e8\" data-id=\"42018e8\" data-element_type=\"column\" data-e-type=\"column\">\n\t\t\t<div class=\"elementor-widget-wrap elementor-element-populated\">\n\t\t\t\t\t\t<div class=\"elementor-element elementor-element-709771c elementor-widget elementor-widget-image\" data-id=\"709771c\" data-element_type=\"widget\" data-e-type=\"widget\" data-widget_type=\"image.default\">\n\t\t\t\t<div class=\"elementor-widget-container\">\n\t\t\t\t\t\t\t\t\t\t\t\t\t\t\t<img fetchpriority=\"high\" decoding=\"async\" width=\"2890\" height=\"2314\" src=\"https:\/\/chartreusetarragona.com\/wp-content\/uploads\/2025\/04\/footer4.png\" class=\"attachment-full size-full wp-image-5756\" alt=\"\" srcset=\"https:\/\/chartreusetarragona.com\/wp-content\/uploads\/2025\/04\/footer4.png 2890w, https:\/\/chartreusetarragona.com\/wp-content\/uploads\/2025\/04\/footer4-300x240.png 300w, https:\/\/chartreusetarragona.com\/wp-content\/uploads\/2025\/04\/footer4-1024x820.png 1024w, https:\/\/chartreusetarragona.com\/wp-content\/uploads\/2025\/04\/footer4-768x615.png 768w, https:\/\/chartreusetarragona.com\/wp-content\/uploads\/2025\/04\/footer4-1536x1230.png 1536w, https:\/\/chartreusetarragona.com\/wp-content\/uploads\/2025\/04\/footer4-2048x1640.png 2048w, https:\/\/chartreusetarragona.com\/wp-content\/uploads\/2025\/04\/footer4-600x480.png 600w\" sizes=\"(max-width: 2890px) 100vw, 2890px\" \/>\t\t\t\t\t\t\t\t\t\t\t\t\t\t\t<\/div>\n\t\t\t\t<\/div>\n\t\t\t\t\t<\/div>\n\t\t<\/div>\n\t\t\t\t<div class=\"elementor-column elementor-col-33 elementor-top-column elementor-element elementor-element-66c14b1\" data-id=\"66c14b1\" data-element_type=\"column\" data-e-type=\"column\">\n\t\t\t<div class=\"elementor-widget-wrap elementor-element-populated\">\n\t\t\t\t\t\t<div class=\"elementor-element elementor-element-029769f elementor-widget elementor-widget-singlemalt_core_section_title\" data-id=\"029769f\" data-element_type=\"widget\" data-e-type=\"widget\" data-widget_type=\"singlemalt_core_section_title.default\">\n\t\t\t\t<div class=\"elementor-widget-container\">\n\t\t\t\t\t<div class=\"qodef-shortcode qodef-m  qodef-section-title qodef-alignment--center  qodef-appear-animation\">\n        <span class=\"qodef-m-caption\" style=\"margin: 0px 0px 14px 0px\">\n                    <span class=\"qodef-caption-line qodef--left\" ><\/span>\n                Qui sommes-nous                    <span class=\"qodef-caption-line qodef--right\" ><\/span>\n            <\/span>\n\t\t<h1 class=\"qodef-m-title\" >\n\t\t\t\t\tLa chartreuse de Tarragone\t\t\t<\/h1>\n\t\t<p class=\"qodef-m-text\" style=\"margin: 13px 0px 0px 0px\">Nuestro v\u00ednculo con la marca nacen del amor y respecto por la historia marcada por el \u00edntimo v\u00ednculo forjado por el paso de los padres cartujos por la ciudad de Tarragona. Su imborrable impronta hist\u00f3rica y su recuerdo en la ciudad nos motivaron a coleccionar botellas y productos de la marca hace m\u00e1s de 30 a\u00f1os, como una forma de guardar su recuerdo, pero tambi\u00e9n como una forma de establecer v\u00ednculos con otros amentes y entusiastas del Chartreuse de Tarragona. Nuestra motivaci\u00f3n se centra en preservar y divulgar el legado de este periodo hist\u00f3rico mediante la colecci\u00f3n, la venta y la compra de botellas y objetos de la marca. Su historia abasta casi todo el siglo XX, des del 1903 hasta el 1989, que estubo profundamente marcado por la presencia de los P\u00e8res Chartreux en la ciudad.<\/p>\n<\/div>\t\t\t\t<\/div>\n\t\t\t\t<\/div>\n\t\t\t\t\t<\/div>\n\t\t<\/div>\n\t\t\t\t<div class=\"elementor-column elementor-col-33 elementor-top-column elementor-element elementor-element-6adf929\" data-id=\"6adf929\" data-element_type=\"column\" data-e-type=\"column\" data-settings=\"{&quot;background_background&quot;:&quot;classic&quot;}\">\n\t\t\t<div class=\"elementor-widget-wrap elementor-element-populated\">\n\t\t\t\t\t\t<div class=\"elementor-element elementor-element-4b1c5ce elementor-widget elementor-widget-image\" data-id=\"4b1c5ce\" data-element_type=\"widget\" data-e-type=\"widget\" data-widget_type=\"image.default\">\n\t\t\t\t<div class=\"elementor-widget-container\">\n\t\t\t\t\t\t\t\t\t\t\t\t\t\t\t<img decoding=\"async\" width=\"1500\" height=\"2000\" src=\"https:\/\/chartreusetarragona.com\/wp-content\/uploads\/2025\/04\/borella-old2.png\" class=\"attachment-full size-full wp-image-6090\" alt=\"\" srcset=\"https:\/\/chartreusetarragona.com\/wp-content\/uploads\/2025\/04\/borella-old2.png 1500w, https:\/\/chartreusetarragona.com\/wp-content\/uploads\/2025\/04\/borella-old2-225x300.png 225w, https:\/\/chartreusetarragona.com\/wp-content\/uploads\/2025\/04\/borella-old2-768x1024.png 768w, https:\/\/chartreusetarragona.com\/wp-content\/uploads\/2025\/04\/borella-old2-1152x1536.png 1152w, https:\/\/chartreusetarragona.com\/wp-content\/uploads\/2025\/04\/borella-old2-9x12.png 9w, https:\/\/chartreusetarragona.com\/wp-content\/uploads\/2025\/04\/borella-old2-600x800.png 600w\" sizes=\"(max-width: 1500px) 100vw, 1500px\" \/>\t\t\t\t\t\t\t\t\t\t\t\t\t\t\t<\/div>\n\t\t\t\t<\/div>\n\t\t\t\t\t<\/div>\n\t\t<\/div>\n\t\t\t\t\t<\/div>\n\t\t<\/section>\n\t\t<div class=\"elementor-element elementor-element-e02de8e e-flex e-con-boxed e-con e-parent\" data-id=\"e02de8e\" data-element_type=\"container\" data-e-type=\"container\">\n\t\t\t\t\t<div class=\"e-con-inner\">\n\t\t<div class=\"elementor-element elementor-element-7010be4 e-con-full e-flex e-con e-child\" data-id=\"7010be4\" data-element_type=\"container\" data-e-type=\"container\">\n\t\t\t\t<div class=\"elementor-element elementor-element-7056116 elementor-widget elementor-widget-image\" data-id=\"7056116\" data-element_type=\"widget\" data-e-type=\"widget\" data-widget_type=\"image.default\">\n\t\t\t\t<div class=\"elementor-widget-container\">\n\t\t\t\t\t\t\t\t\t\t\t\t\t\t\t<img decoding=\"async\" width=\"590\" height=\"490\" src=\"https:\/\/chartreusetarragona.com\/wp-content\/uploads\/2025\/04\/festes_de_santa_tecla.jpg\" class=\"attachment-large size-large wp-image-6092\" alt=\"\" srcset=\"https:\/\/chartreusetarragona.com\/wp-content\/uploads\/2025\/04\/festes_de_santa_tecla.jpg 590w, https:\/\/chartreusetarragona.com\/wp-content\/uploads\/2025\/04\/festes_de_santa_tecla-300x249.jpg 300w, https:\/\/chartreusetarragona.com\/wp-content\/uploads\/2025\/04\/festes_de_santa_tecla-14x12.jpg 14w\" sizes=\"(max-width: 590px) 100vw, 590px\" \/>\t\t\t\t\t\t\t\t\t\t\t\t\t\t\t<\/div>\n\t\t\t\t<\/div>\n\t\t\t\t<\/div>\n\t\t<div class=\"elementor-element elementor-element-5bbf1f9 e-con-full e-flex e-con e-child\" data-id=\"5bbf1f9\" data-element_type=\"container\" data-e-type=\"container\">\n\t\t<div class=\"elementor-element elementor-element-4be378c e-con-full e-flex e-con e-child\" data-id=\"4be378c\" data-element_type=\"container\" data-e-type=\"container\">\n\t\t\t\t<div class=\"elementor-element elementor-element-ba6f44f elementor-widget elementor-widget-text-editor\" data-id=\"ba6f44f\" data-element_type=\"widget\" data-e-type=\"widget\" data-widget_type=\"text-editor.default\">\n\t\t\t\t<div class=\"elementor-widget-container\">\n\t\t\t\t\t\t\t\t\t<p>La desaparici\u00f3n de la producci\u00f3n de la marca en la ciudad en el 1989, dej\u00f3 algo hu\u00e9rfanos a los tarraconenses de algo considerado muy suyo, ya que siempre han considerado este licor como algo propio, con el que celebrar y commemorar algunos de los momentos m\u00e1s importantes de sus vidas. Nuestra labor de colecci\u00f3n y venta del Chartreuse de Tarragona, hoy d\u00eda un producto de lujo lamentablemente al alcance de no muchos, espera rellenar de alguna forma una peque\u00f1\u00edsima parte el vac\u00edo que dej\u00f3 en los tarraconenses el cierre de la f\u00e1brica en el 1989, y que toma vida cada setiembre con las fiestas de Santa Tecla.<\/p>\t\t\t\t\t\t\t\t<\/div>\n\t\t\t\t<\/div>\n\t\t\t\t<\/div>\n\t\t\t\t<\/div>\n\t\t\t\t\t<\/div>\n\t\t\t\t<\/div>\n\t\t\t\t<section class=\"elementor-section elementor-top-section elementor-element elementor-element-1c266ba elementor-section-full_width qodef-elementor-content-grid elementor-section-height-default elementor-section-height-default\" data-id=\"1c266ba\" data-element_type=\"section\" data-e-type=\"section\" data-settings=\"{&quot;background_background&quot;:&quot;classic&quot;}\">\n\t\t\t\t\t\t<div class=\"elementor-container elementor-column-gap-default\">\n\t\t\t\t\t<div class=\"elementor-column elementor-col-50 elementor-top-column elementor-element elementor-element-dd246a6\" data-id=\"dd246a6\" data-element_type=\"column\" data-e-type=\"column\">\n\t\t\t<div class=\"elementor-widget-wrap\">\n\t\t\t\t\t\t\t<\/div>\n\t\t<\/div>\n\t\t\t\t<div class=\"elementor-column elementor-col-50 elementor-top-column elementor-element elementor-element-9899809\" data-id=\"9899809\" data-element_type=\"column\" data-e-type=\"column\">\n\t\t\t<div class=\"elementor-widget-wrap\">\n\t\t\t\t\t\t\t<\/div>\n\t\t<\/div>\n\t\t\t\t\t<\/div>\n\t\t<\/section>\n\t\t\t\t<section class=\"qodef-row-frame elementor-section elementor-top-section elementor-element elementor-element-dfdae4f qodef-elementor-content-grid elementor-section-full_width elementor-section-height-default elementor-section-height-default\" data-id=\"dfdae4f\" data-element_type=\"section\" data-e-type=\"section\">\n\t\t\t\t\t\t<div class=\"elementor-container elementor-column-gap-default\">\n\t\t\t\t\t<div class=\"elementor-column elementor-col-33 elementor-top-column elementor-element elementor-element-cabb1db\" data-id=\"cabb1db\" data-element_type=\"column\" data-e-type=\"column\">\n\t\t\t<div class=\"elementor-widget-wrap elementor-element-populated\">\n\t\t\t\t\t\t<div class=\"elementor-element elementor-element-b7a26b4 elementor-widget elementor-widget-singlemalt_core_section_title\" data-id=\"b7a26b4\" data-element_type=\"widget\" data-e-type=\"widget\" data-widget_type=\"singlemalt_core_section_title.default\">\n\t\t\t\t<div class=\"elementor-widget-container\">\n\t\t\t\t\t<div class=\"qodef-shortcode qodef-m  qodef-section-title qodef-alignment--center  qodef-appear-animation\">\n        <span class=\"qodef-m-caption\" style=\"margin: 0px 0px 11px 0px\">\n                    <span class=\"qodef-caption-line qodef--left\" ><\/span>\n                Contact                    <span class=\"qodef-caption-line qodef--right\" ><\/span>\n            <\/span>\n\t\t<h2 class=\"qodef-m-title\" style=\"color: #232323;margin: -5px\">\n\t\t\t\t\tVendre, acheter\t\t\t<\/h2>\n\t<\/div>\t\t\t\t<\/div>\n\t\t\t\t<\/div>\n\t\t\t\t<div class=\"elementor-element elementor-element-245122b elementor-widget elementor-widget-text-editor\" data-id=\"245122b\" data-element_type=\"widget\" data-e-type=\"widget\" data-widget_type=\"text-editor.default\">\n\t\t\t\t<div class=\"elementor-widget-container\">\n\t\t\t\t\t\t\t\t\t<p style=\"text-align: center;\"><span style=\"line-height: 29px;\">Altafulla \u2013 Tarragona<br \/><\/span><span style=\"line-height: 29px;\"><a href=\"tel:+34699855077\">+34 699\u00a0 855 077<\/a><br \/><a href=\"mailto:info@chartreusetarragona.com\" target=\"_blank\" rel=\"noopener\">info@chartreusetarragona.com<\/a><\/span><\/p>\t\t\t\t\t\t\t\t<\/div>\n\t\t\t\t<\/div>\n\t\t\t\t<div class=\"elementor-element elementor-element-7ffd57d elementor-widget__width-auto elementor-widget elementor-widget-wp-widget-singlemalt_core_social_icons_group\" data-id=\"7ffd57d\" data-element_type=\"widget\" data-e-type=\"widget\" data-widget_type=\"wp-widget-singlemalt_core_social_icons_group.default\">\n\t\t\t\t<div class=\"elementor-widget-container\">\n\t\t\t\t\t            <div class=\"qodef-social-icons-group\">\n\t\t\t\t<span class=\"qodef-shortcode qodef-m  qodef-icon-holder  qodef-layout--circle\"  style=\"width: 15px;height: 15px;line-height: 15px\">\n\t\t\t<a itemprop=\"url\" href=\"https:\/\/twitter.com\/QodeInteractive\" target=\"_blank\" rel=\"noopener\">\n            <span class=\"qodef-icon-font-awesome fab fa-twitter qodef-icon qodef-e\" style=\"color: #232323\" ><\/span>                    <svg class=\"qodef-svg-circle\">\n                <circle cx=\"50%\" cy=\"50%\" r=\"49%\"><\/circle>\n            <\/svg>\n                    <\/a>\n\t<\/span><span class=\"qodef-shortcode qodef-m  qodef-icon-holder  qodef-layout--circle\"  style=\"width: 15px;height: 15px;line-height: 15px\">\n\t\t\t<a itemprop=\"url\" href=\"https:\/\/www.facebook.com\/QodeInteractive\/\" target=\"_blank\" rel=\"noopener\">\n            <span class=\"qodef-icon-font-awesome fab fa-facebook-f qodef-icon qodef-e\" style=\"color: #232323\" ><\/span>                    <svg class=\"qodef-svg-circle\">\n                <circle cx=\"50%\" cy=\"50%\" r=\"49%\"><\/circle>\n            <\/svg>\n                    <\/a>\n\t<\/span><span class=\"qodef-shortcode qodef-m  qodef-icon-holder  qodef-layout--circle\"  style=\"width: 15px;height: 15px;line-height: 15px\">\n\t\t\t<a itemprop=\"url\" href=\"https:\/\/www.instagram.com\/qodeinteractive\/\" target=\"_blank\" rel=\"noopener\">\n            <span class=\"qodef-icon-font-awesome fab fa-instagram qodef-icon qodef-e\" style=\"color: #232323\" ><\/span>                    <svg class=\"qodef-svg-circle\">\n                <circle cx=\"50%\" cy=\"50%\" r=\"49%\"><\/circle>\n            <\/svg>\n                    <\/a>\n\t<\/span>            <\/div>\n\t\t\t\t\t\t<\/div>\n\t\t\t\t<\/div>\n\t\t\t\t\t<\/div>\n\t\t<\/div>\n\t\t\t\t<div class=\"elementor-column elementor-col-33 elementor-top-column elementor-element elementor-element-8453e7b\" data-id=\"8453e7b\" data-element_type=\"column\" data-e-type=\"column\">\n\t\t\t<div class=\"elementor-widget-wrap elementor-element-populated\">\n\t\t\t\t\t\t<div class=\"elementor-element elementor-element-1b3a7dc elementor-widget__width-initial elementor-widget elementor-widget-image\" data-id=\"1b3a7dc\" data-element_type=\"widget\" data-e-type=\"widget\" data-widget_type=\"image.default\">\n\t\t\t\t<div class=\"elementor-widget-container\">\n\t\t\t\t\t\t\t\t\t\t\t\t\t\t\t<img loading=\"lazy\" decoding=\"async\" width=\"560\" height=\"551\" src=\"https:\/\/chartreusetarragona.com\/wp-content\/uploads\/2025\/04\/FAVI-CHARTREUSE-TARRAGONA-copy.png\" class=\"attachment-full size-full wp-image-5967\" alt=\"\" srcset=\"https:\/\/chartreusetarragona.com\/wp-content\/uploads\/2025\/04\/FAVI-CHARTREUSE-TARRAGONA-copy.png 560w, https:\/\/chartreusetarragona.com\/wp-content\/uploads\/2025\/04\/FAVI-CHARTREUSE-TARRAGONA-copy-300x295.png 300w\" sizes=\"(max-width: 560px) 100vw, 560px\" \/>\t\t\t\t\t\t\t\t\t\t\t\t\t\t\t<\/div>\n\t\t\t\t<\/div>\n\t\t\t\t\t<\/div>\n\t\t<\/div>\n\t\t\t\t<div class=\"elementor-column elementor-col-33 elementor-top-column elementor-element elementor-element-9d42e60\" data-id=\"9d42e60\" data-element_type=\"column\" data-e-type=\"column\">\n\t\t\t<div class=\"elementor-widget-wrap elementor-element-populated\">\n\t\t\t\t\t\t<div class=\"elementor-element elementor-element-8d68301 elementor-widget elementor-widget-wp-widget-singlemalt_core_contact_form_7\" data-id=\"8d68301\" data-element_type=\"widget\" data-e-type=\"widget\" data-widget_type=\"wp-widget-singlemalt_core_contact_form_7.default\">\n\t\t\t\t<div class=\"elementor-widget-container\">\n\t\t\t\t\t\t\t\t<div class=\"qodef-contact-form-7\">\n\t\t\t\t\n<div class=\"wpcf7 no-js\" id=\"wpcf7-f5471-o1\" lang=\"en-US\" dir=\"ltr\" data-wpcf7-id=\"5471\">\n<div class=\"screen-reader-response\"><p role=\"status\" aria-live=\"polite\" aria-atomic=\"true\"><\/p> <ul><\/ul><\/div>\n<form action=\"\/fr\/wp-json\/wp\/v2\/pages\/6083#wpcf7-f5471-o1\" method=\"post\" class=\"wpcf7-form init demo\" aria-label=\"Contact form\" novalidate=\"novalidate\" data-status=\"init\" data-trp-original-action=\"\/fr\/wp-json\/wp\/v2\/pages\/6083#wpcf7-f5471-o1\">\n<fieldset class=\"hidden-fields-container\"><input type=\"hidden\" name=\"_wpcf7\" value=\"5471\" \/><input type=\"hidden\" name=\"_wpcf7_version\" value=\"6.1.5\" \/><input type=\"hidden\" name=\"_wpcf7_locale\" value=\"en_US\" \/><input type=\"hidden\" name=\"_wpcf7_unit_tag\" value=\"wpcf7-f5471-o1\" \/><input type=\"hidden\" name=\"_wpcf7_container_post\" value=\"0\" \/><input type=\"hidden\" name=\"_wpcf7_posted_data_hash\" value=\"\" \/>\n<\/fieldset>\n<div class=\"qodef-contact-form-simple\">\n\t<div class=\"qodef-contact-form-simple-input\">\n\t\t<label><span class=\"wpcf7-form-control-wrap\" data-name=\"your-email\"><input size=\"40\" maxlength=\"400\" class=\"wpcf7-form-control wpcf7-email wpcf7-validates-as-required wpcf7-text wpcf7-validates-as-email\" aria-required=\"true\" aria-invalid=\"false\" placeholder=\"E-mail\" value=\"\" type=\"email\" name=\"your-email\" \/><\/span> <\/label>\n\t<\/div>\n\n        <div class=\"qodef-contact-form-simple-input\">\n\t\t<label><span class=\"wpcf7-form-control-wrap\" data-name=\"your-name\"><input size=\"40\" maxlength=\"400\" class=\"wpcf7-form-control wpcf7-text wpcf7-validates-as-required\" aria-required=\"true\" aria-invalid=\"false\" placeholder=\"Nom\" value=\"\" type=\"text\" name=\"your-name\" \/><\/span> <\/label>\n\t<\/div>\n\n\t<div class=\"qodef-contact-form-simple-text\">\n\t\t<label> <span class=\"wpcf7-form-control-wrap\" data-name=\"your-message\"><textarea cols=\"40\" rows=\"6\" maxlength=\"2000\" class=\"wpcf7-form-control wpcf7-textarea\" aria-invalid=\"false\" placeholder=\"Message\" name=\"your-message\"><\/textarea><\/span> <\/label>\t\n\t<\/div>\n\n\t<div class=\"qodef-contact-form-simple-submit\">\n\t\t<button class=\"wpcf7-form-control wpcf7-submit qodef-button qodef-size--normal qodef-type--filled qodef-m\" type=\"submit\"><span class=\"qodef-m-text\">Envoyer<\/span><\/button>\t\t\n\t<\/div>\n<\/div><div class=\"wpcf7-response-output\" aria-hidden=\"true\"><\/div>\n<input type=\"hidden\" name=\"trp-form-language\" value=\"fr\"\/><\/form>\n<\/div>\n\t\t\t<\/div>\n\t\t\t\t\t\t\t<\/div>\n\t\t\t\t<\/div>\n\t\t\t\t\t<\/div>\n\t\t<\/div>\n\t\t\t\t\t<\/div>\n\t\t<\/section>\n\t\t\t\t<\/div>","protected":false},"excerpt":{"rendered":"<p>Quienes somos Chartreuse Tarragona Nuestro v\u00ednculo con la marca nacen del amor y respecto por la historia marcada por el \u00edntimo v\u00ednculo forjado por el paso de los padres cartujos por la ciudad de Tarragona. Su imborrable impronta hist\u00f3rica y su recuerdo en la ciudad nos motivaron a coleccionar botellas y productos de la marca [&hellip;]<\/p>\n","protected":false},"author":2,"featured_media":0,"parent":0,"menu_order":0,"comment_status":"closed","ping_status":"closed","template":"page-full-width.php","meta":{"footnotes":""},"class_list":["post-6083","page","type-page","status-publish","hentry"],"_links":{"self":[{"href":"https:\/\/chartreusetarragona.com\/fr\/wp-json\/wp\/v2\/pages\/6083","targetHints":{"allow":["GET"]}}],"collection":[{"href":"https:\/\/chartreusetarragona.com\/fr\/wp-json\/wp\/v2\/pages"}],"about":[{"href":"https:\/\/chartreusetarragona.com\/fr\/wp-json\/wp\/v2\/types\/page"}],"author":[{"embeddable":true,"href":"https:\/\/chartreusetarragona.com\/fr\/wp-json\/wp\/v2\/users\/2"}],"replies":[{"embeddable":true,"href":"https:\/\/chartreusetarragona.com\/fr\/wp-json\/wp\/v2\/comments?post=6083"}],"version-history":[{"count":28,"href":"https:\/\/chartreusetarragona.com\/fr\/wp-json\/wp\/v2\/pages\/6083\/revisions"}],"predecessor-version":[{"id":6122,"href":"https:\/\/chartreusetarragona.com\/fr\/wp-json\/wp\/v2\/pages\/6083\/revisions\/6122"}],"wp:attachment":[{"href":"https:\/\/chartreusetarragona.com\/fr\/wp-json\/wp\/v2\/media?parent=6083"}],"curies":[{"name":"wp","href":"https:\/\/api.w.org\/{rel}","templated":true}]}}