{"id":5952,"date":"2025-04-09T08:36:44","date_gmt":"2025-04-09T08:36:44","guid":{"rendered":"https:\/\/chartreusetarragona.com\/?page_id=5952"},"modified":"2025-11-18T13:51:16","modified_gmt":"2025-11-18T13:51:16","slug":"condiciones-generales","status":"publish","type":"page","link":"https:\/\/chartreusetarragona.com\/fr\/condiciones-generales\/","title":{"rendered":"Conditions G\u00e9n\u00e9rales"},"content":{"rendered":"<div data-elementor-type=\"wp-page\" data-elementor-id=\"5952\" class=\"elementor elementor-5952\">\n\t\t\t\t<div class=\"elementor-element elementor-element-5a79ae54 e-flex e-con-boxed e-con e-parent\" data-id=\"5a79ae54\" data-element_type=\"container\" data-e-type=\"container\">\n\t\t\t\t\t<div class=\"e-con-inner\">\n\t\t\t\t<div class=\"elementor-element elementor-element-91c59fd elementor-widget elementor-widget-text-editor\" data-id=\"91c59fd\" data-element_type=\"widget\" data-e-type=\"widget\" data-widget_type=\"text-editor.default\">\n\t\t\t\t<div class=\"elementor-widget-container\">\n\t\t\t\t\t\t\t\t\t<p><strong>Conditions g\u00e9n\u00e9rales d'achat et d'utilisation<br \/><\/strong><br \/>Ces termes et conditions r\u00e9gissent l'utilisation du site web www.chartreusetarragona.com (ci-apr\u00e8s, le \"site web\"), ainsi que les transactions commerciales entre les utilisateurs et de la Chartreuse Tarragone. Par l'acc\u00e8s, la navigation et l'utilisation de ce site web, vous acceptez express\u00e9ment et sans r\u00e9serve, les pr\u00e9sentes modalit\u00e9s et conditions.<br \/>Ces termes et conditions r\u00e9gissent l'achat de bouteilles de vieux, de l'imprimer et de collection, beaucoup d'entre eux avec des vieux de plusieurs d\u00e9cennies (m\u00eame 50 \u00e0 100 ans).<br \/><br \/>L'Identification du propri\u00e9taire du site<br \/>Nom de l'entreprise: la Chartreuse Tarragone<br \/>Contact e-mail: info@chartreusetarragona.com<br \/>Des soins \u00e0 la client\u00e8le t\u00e9l\u00e9phone: +34 699 85 50 77<br \/><br \/><strong>Objet<\/strong><br \/><br \/>Ce site est d\u00e9di\u00e9 \u00e0 la vente, l'achat et la valorisation des bouteilles de Chartreuse distill\u00e9e \u00e0 Tarragone, consid\u00e9r\u00e9s comme des objets de collection. Les produits propos\u00e9s ne sont pas destin\u00e9s \u00e0 la consommation, mais la collecte.<br \/><br \/><strong>Nature du produit<br \/><\/strong><br \/>Le client d\u00e9clare savoir que le vieux bouteilles pr\u00e9sent\u00e9es caract\u00e9ristiques sp\u00e9ciales:<br \/><br \/>\u2022 Risque d'\u00e9vaporation naturelle (\u201cangel's share\u201d).<br \/>\u2022 Risque de perte ou de microfugas par des bouchons secs ou ab\u00eem\u00e9s.<br \/>\u2022 Risque de chute de li\u00e8ge pendant le transport, en particulier dans les bouteilles avant les ann\u00e9es 90.<br \/>\u2022 Possible des variations de couleur, de niveau de remplissage, les s\u00e9diments et \/ ou le statut de l'\u00e9tiquetage en raison de leur \u00e2ge.<br \/>\u2022 La sensibilit\u00e9 aux changements soudains de temp\u00e9rature, de vibrations ou de mouvements intenses.<br \/><br \/>Toutes les bouteilles sont vendues comme des objets de collection, pas pour la consommation.<br \/><br \/>L'acheteur s'engage express\u00e9ment \u00e0 ces termes et conditions avant de confirmer la commande.<br \/><br \/><strong>\u00c9tat du produit<br \/><\/strong><br \/>\u00c9tant donn\u00e9 le caract\u00e8re de collection et anciennes des produits propos\u00e9s, et les bouteilles peuvent montrer des signes de vieillissement (\u00e9rafl\u00e9 \u00e9tiquettes, capsules corrod\u00e9es, la perte de volume, etc).<br \/><br \/>Le client accepte ces termes et conditions \u00e0 \u00eatre des objets de collection, et non pour les produits de consommation ordinaire. Il est recommand\u00e9 de lire attentivement la description et d'examiner les photos avant d'acheter. L'acheteur reconna\u00eet et accepte que:<br \/><br \/>\u2022 Le niveau de liquide (OUILLE) peut varier avec le temps.<br \/>\u2022 Le li\u00e8ge peut devenir faible et ne garantissent pas l'\u00e9tanch\u00e9it\u00e9 est parfaite.<br \/>\u2022 Il peut y avoir des d\u00e9fauts cosm\u00e9tiques, l'usure, la rouille ou de la terre compatible avec l'\u00e2ge.<br \/><br \/><strong><em>Ces caract\u00e9ristiques ne sont pas consid\u00e9r\u00e9es comme des d\u00e9fauts, mais plut\u00f4t une partie intrins\u00e8que d'un produit collection.<br \/><br \/><\/em><\/strong><\/p>\n<p><strong>L'\u00e2ge Minimum pour acheter<br \/><\/strong><br \/>L'achat de produits \u00e0 partir de ce site web est limit\u00e9 aux personnes de plus de 18 ans. Lorsque vous effectuez un achat, l'utilisateur d\u00e9clare \u00eatre majeur et avoir la capacit\u00e9 juridique de conclure des contrats.<br \/><br \/><strong>Le processus d'achat<br \/><\/strong><br \/>Pour faire un achat, l'utilisateur doit suivre les \u00e9tapes suivantes:<br \/><br \/>1. S\u00e9lectionnez les produits d\u00e9sir\u00e9s et de les ajouter \u00e0 votre panier.<br \/>2. Faciliter la prise de contact de l'information et de la livraison.<br \/>3. Choisissez la m\u00e9thode de paiement.<br \/>4. Confirmez l'achat, vous acceptez ces termes et conditions.<br \/>Le client recevra un e-mail de confirmation apr\u00e8s l'achat.<br \/><br \/><strong>Prix et paiement<br \/><\/strong><br \/>Tous les prix sont indiqu\u00e9s en euros (\u20ac) et incluent les taxes applicables. Les m\u00e9thodes de paiement disponibles sont indiqu\u00e9es sur le processus de l'achat (carte de cr\u00e9dit, virement bancaire, PayPal, etc).<br \/><br \/>Chartreuse Tarragone se r\u00e9serve le droit de modifier les prix \u00e0 tout moment, sans affecter les commandes d\u00e9j\u00e0 confirm\u00e9es.<br \/><br \/><strong>L'exp\u00e9dition et les d\u00e9lais de livraison<br \/><\/strong><br \/>Les envois sont r\u00e9alis\u00e9s par le biais du courrier des entreprises sp\u00e9cialis\u00e9es. Les d\u00e9lais de livraison peuvent varier selon la destination et le produit.<br \/>Nous allons fournir le client avec un num\u00e9ro de suivi une fois que la commande a \u00e9t\u00e9 soumise.<br \/>Nous ne livrons pas les boissons alcoolis\u00e9es pour consommation \u00e0 l'ext\u00e9rieur du cadre de la brocante, et l'acheteur accepte de ce fait de compl\u00e9ter l'achat.<\/p>\n<p><strong>Pr\u00e9paration et emballage<br \/><\/strong><br \/>Les bouteilles sont emball\u00e9es avec un renforcement des mesures pour minimiser les risques, mais en raison de son \u00e2ge, il n'existe aucune garantie absolue de l'\u00e9tanch\u00e9it\u00e9.<br \/><br \/><strong>Les risques associ\u00e9s au transport<br \/><\/strong><br \/>L'acheteur comprend et accepte que les vieilles bouteilles peut souffrir:<br \/><br \/>\u2022 La perte de liquide pendant le transport.<br \/>\u2022 Microfugas \u00e0 travers le bouchon d\u00fb \u00e0 des vibrations ou des variations thermiques.<br \/>\u2022 La chute ou l'effusion du bouchon dans la bouteille tr\u00e8s vieux.<br \/>\u2022 Des gouttes ou de l'humidit\u00e9 dans l'emballage par la d\u00e9gradation naturelle de la fermeture.<br \/><br \/>Bien que nous allons tenter de minimiser ces risques ne peuvent \u00eatre \u00e9limin\u00e9s \u00e0 100%.<br \/><br \/><strong>L'assurance Transport<br \/><\/strong><br \/>Le client peut souscrire une assurance compl\u00e9mentaire.<br \/>Sans assurance, les r\u00e9clamations pour perte de liquide ou de d\u00e9t\u00e9rioration du li\u00e8ge sont non-remboursables pour \u00eatre inh\u00e9rent au type de produit.<br \/><br \/><\/p>\n<p><strong>Politique de retour<br \/><\/strong><br \/>En raison de la nature du produit (les bouteilles sont vieux, out-of-print et unique), nous n'acceptons pas les retours de:<br \/><br \/>\u2022 D\u00e9tachement du li\u00e8ge.<br \/>\u2022 La perte de liquide ou de microfugas.<br \/>\u2022 Les changements dans le niveau avec le respect pour les photos avant l'exp\u00e9dition.<br \/>\u2022 Les Variations de couleur, d'odeur ou de s\u00e9diments.<br \/>\u2022 Les \u00e9tiquettes partiellement endommag\u00e9s ou us\u00e9s.<br \/><br \/>Seulement accepte le remboursement dans les deux cas:<br \/><br \/>1. Bouteille d'autre que la a annonc\u00e9.<br \/>2. Dommages structurels du verre (verre cass\u00e9) pendant le transport.<br \/><br \/>Pour les r\u00e9clamations en raison de bris de verre, le client doit envoyer des photos de l'emballage sans manche en moins de 24 heures \u00e0 compter de la livraison, par \u00e9crit, \u00e0 info@chartreusetarragona.com ou par t\u00e9l\u00e9phone +34 699 85 50 77.<\/p>\n<p><br \/><strong>Des dispositions sp\u00e9cifiques sur les vieilles bouteilles et possible perte de liquide<br \/><\/strong><br \/>Quand vous achetez une bouteille de vieille, le client reconna\u00eet express\u00e9ment que:<br \/><br \/>\u2022 Le li\u00e8ge peut se contracter ou se d\u00e9velopper en fonction de la temp\u00e9rature\/humidit\u00e9.<br \/>\u2022 Une fuite peut se produire sans rupture du verre.<br \/><br \/>Lors de l'exp\u00e9dition peut se produire microfugas in\u00e9vitable en raison de:<br \/><br \/>\u2022 Les Vibrations du transport.<br \/>\u2022 Les changements brusques de temp\u00e9rature.<br \/>\u2022 Posici\u00f3n prolongada en vertical u horizontal.<br \/>\u2022 Les mouvements violents de l'emballage.<br \/>\u2022 Dans des bouteilles de plus de 10 ans, la pac peut se d\u00e9sint\u00e9grer en partie ou en automne, vers l'int\u00e9rieur.<br \/><br \/>C'est en partie le caract\u00e8re historique du produit.<br \/>\u00c9vaporation naturelle<br \/>L'acheteur accepte que, avec le passage du temps peut se produire \u00e0 l'\u00e9vaporation naturelle, en particulier dans les anciennes bouteilles avec des bouchons affaibli.<br \/><br \/><strong>Pas de remboursement en raison de la fuite ou de l'\u00e9vaporation<br \/><\/strong><br \/>Ne doit pas \u00eatre consid\u00e9r\u00e9 comme une raison pour le remboursement ou le retour:<br \/><br \/>\u2022 Perte partielle de contenu.<br \/>\u2022 Bouchons de li\u00e8ge endommag\u00e9, l'affaissement ou endommag\u00e9.<br \/>\u2022 L'\u00e9vaporation ant\u00e9rieure ou post\u00e9rieure \u00e0 l'affichage.<br \/>\u2022 De l'humidit\u00e9 dans la capsule ou balises, dues \u00e0 des fuites naturelles.<br \/><br \/><\/p>\n<p><strong>L\u00e9gislation Applicable et de la juridiction<br \/><\/strong><br \/>Ces termes et conditions sont r\u00e9gis par la loi espagnole. En cas de conflit, les parties se soumettent aux cours et Tribunaux de la ville de Tarragone (Espagne).<br \/><br \/><strong>Contact<br \/><\/strong><br \/>Pour tout doute, une requ\u00eate ou une plainte, vous pouvez communiquer avec nous \u00e0:<br \/>E-mail: info@chartreusetarragona.com<br \/>T\u00e9l\u00e9phone: +34 699 85 50 77<\/p>\t\t\t\t\t\t\t\t<\/div>\n\t\t\t\t<\/div>\n\t\t\t\t\t<\/div>\n\t\t\t\t<\/div>\n\t\t\t\t<\/div>","protected":false},"excerpt":{"rendered":"<p>Condiciones Generales de compra y usoEstas condiciones regulan el uso del sitio web www.chartreusetarragona.com (en adelante, \u00abel sitio web\u00bb), as\u00ed como las transacciones comerciales entre los usuarios y Chartreuse Tarragona. Al acceder, navegar y utilizar este sitio web, aceptas expresamente y sin reservas las presentes condiciones.Las presentes condiciones regulan la compra de botellas antiguas, descatalogadas [&hellip;]<\/p>\n","protected":false},"author":2,"featured_media":5833,"parent":0,"menu_order":0,"comment_status":"closed","ping_status":"closed","template":"","meta":{"footnotes":""},"class_list":["post-5952","page","type-page","status-publish","has-post-thumbnail","hentry"],"_links":{"self":[{"href":"https:\/\/chartreusetarragona.com\/fr\/wp-json\/wp\/v2\/pages\/5952","targetHints":{"allow":["GET"]}}],"collection":[{"href":"https:\/\/chartreusetarragona.com\/fr\/wp-json\/wp\/v2\/pages"}],"about":[{"href":"https:\/\/chartreusetarragona.com\/fr\/wp-json\/wp\/v2\/types\/page"}],"author":[{"embeddable":true,"href":"https:\/\/chartreusetarragona.com\/fr\/wp-json\/wp\/v2\/users\/2"}],"replies":[{"embeddable":true,"href":"https:\/\/chartreusetarragona.com\/fr\/wp-json\/wp\/v2\/comments?post=5952"}],"version-history":[{"count":16,"href":"https:\/\/chartreusetarragona.com\/fr\/wp-json\/wp\/v2\/pages\/5952\/revisions"}],"predecessor-version":[{"id":6448,"href":"https:\/\/chartreusetarragona.com\/fr\/wp-json\/wp\/v2\/pages\/5952\/revisions\/6448"}],"wp:featuredmedia":[{"embeddable":true,"href":"https:\/\/chartreusetarragona.com\/fr\/wp-json\/wp\/v2\/media\/5833"}],"wp:attachment":[{"href":"https:\/\/chartreusetarragona.com\/fr\/wp-json\/wp\/v2\/media?parent=5952"}],"curies":[{"name":"wp","href":"https:\/\/api.w.org\/{rel}","templated":true}]}}