{"id":5783,"date":"2025-04-07T15:01:16","date_gmt":"2025-04-07T15:01:16","guid":{"rendered":"https:\/\/chartreusetarragona.com\/?page_id=5783"},"modified":"2025-04-07T15:07:42","modified_gmt":"2025-04-07T15:07:42","slug":"blog","status":"publish","type":"page","link":"https:\/\/chartreusetarragona.com\/fr\/blog\/","title":{"rendered":"Blog"},"content":{"rendered":"<div data-elementor-type=\"wp-page\" data-elementor-id=\"5783\" class=\"elementor elementor-5783\">\n\t\t\t\t<div class=\"elementor-element elementor-element-1a98508 e-flex e-con-boxed e-con e-parent\" data-id=\"1a98508\" data-element_type=\"container\" data-e-type=\"container\">\n\t\t\t\t\t<div class=\"e-con-inner\">\n\t\t\t\t<div class=\"elementor-element elementor-element-3a307c5 elementor-widget elementor-widget-singlemalt_core_section_title\" data-id=\"3a307c5\" data-element_type=\"widget\" data-e-type=\"widget\" data-widget_type=\"singlemalt_core_section_title.default\">\n\t\t\t\t<div class=\"elementor-widget-container\">\n\t\t\t\t\t<div class=\"qodef-shortcode qodef-m  qodef-section-title qodef-alignment--center  qodef-appear-animation\">\n        <span class=\"qodef-m-caption\" style=\"margin: 0px 0px 14px 0px \">\n                    <span class=\"qodef-caption-line qodef--left\" ><\/span>\n                Derni\u00e8res entr\u00e9es                    <span class=\"qodef-caption-line qodef--right\" ><\/span>\n            <\/span>\n\t\t<h1 class=\"qodef-m-title\" style=\"color: #232323\">\n\t\t\t\t\tBlog\t\t\t<\/h1>\n\t<\/div>\t\t\t\t<\/div>\n\t\t\t\t<\/div>\n\t\t\t\t\t<\/div>\n\t\t\t\t<\/div>\n\t\t<div class=\"elementor-element elementor-element-2c8ebda e-flex e-con-boxed e-con e-parent\" data-id=\"2c8ebda\" data-element_type=\"container\" data-e-type=\"container\">\n\t\t\t\t\t<div class=\"e-con-inner\">\n\t\t\t\t<div class=\"elementor-element elementor-element-f0d2b75 elementor-widget elementor-widget-qi_addons_for_elementor_blog_list\" data-id=\"f0d2b75\" data-element_type=\"widget\" data-e-type=\"widget\" data-widget_type=\"qi_addons_for_elementor_blog_list.default\">\n\t\t\t\t<div class=\"elementor-widget-container\">\n\t\t\t\t\t<div class=\"qodef-shortcode qodef-m qodef-addons-blog-list qodef-info-no-icons qodef-image--hover-zoom qodef-qi-grid qodef-layout--qi-columns qodef-col-num--3 qodef-item-layout--boxed qodef-responsive--predefined\" >\n\t<div class=\"qodef-grid-inner\">\n\t\t<article class=\"qodef-e qodef-blog-item qodef-grid-item qodef-item--full post-6652 post type-post status-publish format-standard hentry category-coleccion-chartreuse\">\n\t<div class=\"qodef-e-inner\">\n\t\t<div class=\"qodef-e-media-holder\">\n\t\t\t<div class=\"qodef-e-media\">\n\t<\/div>\n<div itemprop=\"dateCreated\" class=\"qodef-e-info-item qodef-e-info-date entry-date\">\n\t<a itemprop=\"url\" href=\"https:\/\/chartreusetarragona.com\/fr\/2026\/03\/\">\n\t\t13 Mar\t<\/a>\n<\/div>\n\t\t<\/div>\n\t\t<div class=\"qodef-e-content\">\n\t\t\t\t\t\t\t<div class=\"qodef-e-info qodef-info--top\">\n\t\t\t\t\t<div class=\"qodef-e-info-item qodef-e-info-category\">\n\t\t<a href=\"https:\/\/chartreusetarragona.com\/fr\/category\/coleccion-chartreuse\/\" rel=\"category tag\">Collection Chartreuse<\/a><\/div>\n<div class=\"qodef-e-info-item qodef-e-info-author\">\n\t<a itemprop=\"author\" class=\"qodef-e-info-author-link\" href=\"https:\/\/chartreusetarragona.com\/fr\/author\/jgarc338\/\">\n\t\t\t\tJoan Garcia\t<\/a>\n<\/div>\n\t\t\t\t<\/div>\n\t\t\t\t\t\t<div class=\"qodef-e-text\">\n\t\t\t\t<h5 itemprop=\"name\" class=\"qodef-e-title entry-title\">\n\t<a itemprop=\"url\" class=\"qodef-e-title-link\" href=\"https:\/\/chartreusetarragona.com\/fr\/el-arte-de-degustar-chartreuse-guia-para-una-experiencia-sensorial-suprema\/\">\n\t\tL'art de d\u00e9guster la Chartreuse : guide pour une exp\u00e9rience sensorielle supr\u00eame\t<\/a>\n<\/h5>\n\t\t<p itemprop=\"description\" class=\"qodef-e-excerpt\">\n\t\t\tLa Chartreuse est bien plus qu'une liqueur : c'est une histoire liquide. \u00c0 ce titre, elle m\u00e9rite une attention particuli\u00e8re lors de sa d\u00e9gustation. Produite par les moines de l'Ordre des Chartreux depuis 1737, sa recette secr\u00e8te compos\u00e9e de...\t\t<\/p>\n\t\t\t\t<\/div>\n\t\t\t\t\t\t\t<div class=\"qodef-e-info qodef-info--bottom\">\n\t\t\t\t\t\t<div class=\"qodef-e-read-more\">\n\t\t<a class=\"qodef-shortcode qodef-m qodef-qi-button qodef-html--link qodef-layout--filled qodef-type--standard qodef-icon--right qodef-hover--icon-move-horizontal-short\" href=\"https:\/\/chartreusetarragona.com\/fr\/el-arte-de-degustar-chartreuse-guia-para-una-experiencia-sensorial-suprema\/\" target=\"_self\">\t<span class=\"qodef-m-text\">Voir plus<\/span>\t\t<span class=\"qodef-m-icon\">\t\t<span class=\"qodef-m-icon-inner\">\t\t\t<svg aria-hidden=\"true\" class=\"e-font-icon-svg e-fas-plus\" viewbox=\"0 0 448 512\" xmlns=\"http:\/\/www.w3.org\/2000\/svg\"><path d=\"M416 208H272V64c0-17.67-14.33-32-32-32h-32c-17.67 0-32 14.33-32 32v144H32c-17.67 0-32 14.33-32 32v32c0 17.67 14.33 32 32 32h144v144c0 17.67 14.33 32 32 32h32c17.67 0 32-14.33 32-32V304h144c17.67 0 32-14.33 32-32v-32c0-17.67-14.33-32-32-32z\"><\/path><\/svg>\t\t\t\t\t<\/span>\t<\/span><\/a>\t<\/div>\n\t\t\t\t<\/div>\n\t\t\t\t\t<\/div>\n\t<\/div>\n<\/article>\n<article class=\"qodef-e qodef-blog-item qodef-grid-item qodef-item--full post-6533 post type-post status-publish format-standard hentry category-coleccion-chartreuse\">\n\t<div class=\"qodef-e-inner\">\n\t\t<div class=\"qodef-e-media-holder\">\n\t\t\t<div class=\"qodef-e-media\">\n\t<\/div>\n<div itemprop=\"dateCreated\" class=\"qodef-e-info-item qodef-e-info-date entry-date\">\n\t<a itemprop=\"url\" href=\"https:\/\/chartreusetarragona.com\/fr\/2026\/02\/\">\n\t\t25 F\u00e9v\t<\/a>\n<\/div>\n\t\t<\/div>\n\t\t<div class=\"qodef-e-content\">\n\t\t\t\t\t\t\t<div class=\"qodef-e-info qodef-info--top\">\n\t\t\t\t\t<div class=\"qodef-e-info-item qodef-e-info-category\">\n\t\t<a href=\"https:\/\/chartreusetarragona.com\/fr\/category\/coleccion-chartreuse\/\" rel=\"category tag\">Collection Chartreuse<\/a><\/div>\n<div class=\"qodef-e-info-item qodef-e-info-author\">\n\t<a itemprop=\"author\" class=\"qodef-e-info-author-link\" href=\"https:\/\/chartreusetarragona.com\/fr\/author\/jgarc338\/\">\n\t\t\t\tJoan Garcia\t<\/a>\n<\/div>\n\t\t\t\t<\/div>\n\t\t\t\t\t\t<div class=\"qodef-e-text\">\n\t\t\t\t<h5 itemprop=\"name\" class=\"qodef-e-title entry-title\">\n\t<a itemprop=\"url\" class=\"qodef-e-title-link\" href=\"https:\/\/chartreusetarragona.com\/fr\/guia-tecnica-identificacion-y-prevencion-de-falsificaciones-de-chartreuse-de-tarragona\/\">\n\t\tGuide technique: identification et pr\u00e9vention de contrefa\u00e7ons\t<\/a>\n<\/h5>\n\t\t<p itemprop=\"description\" class=\"qodef-e-excerpt\">\n\t\t\tLe fait de collectionner des bouteilles de Chartreuse produites \u00e0 Tarragone (1903-1989) est un ph\u00e9nom\u00e8ne consolid\u00e9 etavec chaque fois plus d\u2019adeptes au niveau international. Ces bouteilles sont...\t\t<\/p>\n\t\t\t\t<\/div>\n\t\t\t\t\t\t\t<div class=\"qodef-e-info qodef-info--bottom\">\n\t\t\t\t\t\t<div class=\"qodef-e-read-more\">\n\t\t<a class=\"qodef-shortcode qodef-m qodef-qi-button qodef-html--link qodef-layout--filled qodef-type--standard qodef-icon--right qodef-hover--icon-move-horizontal-short\" href=\"https:\/\/chartreusetarragona.com\/fr\/guia-tecnica-identificacion-y-prevencion-de-falsificaciones-de-chartreuse-de-tarragona\/\" target=\"_self\">\t<span class=\"qodef-m-text\">Voir plus<\/span>\t\t<span class=\"qodef-m-icon\">\t\t<span class=\"qodef-m-icon-inner\">\t\t\t<svg aria-hidden=\"true\" class=\"e-font-icon-svg e-fas-plus\" viewbox=\"0 0 448 512\" xmlns=\"http:\/\/www.w3.org\/2000\/svg\"><path d=\"M416 208H272V64c0-17.67-14.33-32-32-32h-32c-17.67 0-32 14.33-32 32v144H32c-17.67 0-32 14.33-32 32v32c0 17.67 14.33 32 32 32h144v144c0 17.67 14.33 32 32 32h32c17.67 0 32-14.33 32-32V304h144c17.67 0 32-14.33 32-32v-32c0-17.67-14.33-32-32-32z\"><\/path><\/svg>\t\t\t\t\t<\/span>\t<\/span><\/a>\t<\/div>\n\t\t\t\t<\/div>\n\t\t\t\t\t<\/div>\n\t<\/div>\n<\/article>\n<article class=\"qodef-e qodef-blog-item qodef-grid-item qodef-item--full post-5761 post type-post status-publish format-standard hentry category-coleccion-chartreuse\">\n\t<div class=\"qodef-e-inner\">\n\t\t<div class=\"qodef-e-media-holder\">\n\t\t\t<div class=\"qodef-e-media\">\n\t<\/div>\n<div itemprop=\"dateCreated\" class=\"qodef-e-info-item qodef-e-info-date entry-date\">\n\t<a itemprop=\"url\" href=\"https:\/\/chartreusetarragona.com\/fr\/2025\/04\/\">\n\t\t7 Avr\t<\/a>\n<\/div>\n\t\t<\/div>\n\t\t<div class=\"qodef-e-content\">\n\t\t\t\t\t\t\t<div class=\"qodef-e-info qodef-info--top\">\n\t\t\t\t\t<div class=\"qodef-e-info-item qodef-e-info-category\">\n\t\t<a href=\"https:\/\/chartreusetarragona.com\/fr\/category\/coleccion-chartreuse\/\" rel=\"category tag\">Collection Chartreuse<\/a><\/div>\n<div class=\"qodef-e-info-item qodef-e-info-author\">\n\t<a itemprop=\"author\" class=\"qodef-e-info-author-link\" href=\"https:\/\/chartreusetarragona.com\/fr\/author\/jgarc338\/\">\n\t\t\t\tJoan Garcia\t<\/a>\n<\/div>\n\t\t\t\t<\/div>\n\t\t\t\t\t\t<div class=\"qodef-e-text\">\n\t\t\t\t<h5 itemprop=\"name\" class=\"qodef-e-title entry-title\">\n\t<a itemprop=\"url\" class=\"qodef-e-title-link\" href=\"https:\/\/chartreusetarragona.com\/fr\/el-arte-de-coleccionar-chartreuse-de-tarragona-guia-basica-para-apasionados\/\">\n\t\tL'art de collectionner la Chartreuse de Tarragone : un guide DE base pour les passionn\u00e9s\t<\/a>\n<\/h5>\n\t\t<p itemprop=\"description\" class=\"qodef-e-excerpt\">\n\t\t\tLa Chartreuse de Tarragone est bien plus qu'une liqueur : c'est une histoire en bouteille. Distill\u00e9E par des moines chartreux entre 1903 et 1989 dans la ville catalane, ELLE est devenu un obj...\t\t<\/p>\n\t\t\t\t<\/div>\n\t\t\t\t\t\t\t<div class=\"qodef-e-info qodef-info--bottom\">\n\t\t\t\t\t\t<div class=\"qodef-e-read-more\">\n\t\t<a class=\"qodef-shortcode qodef-m qodef-qi-button qodef-html--link qodef-layout--filled qodef-type--standard qodef-icon--right qodef-hover--icon-move-horizontal-short\" href=\"https:\/\/chartreusetarragona.com\/fr\/el-arte-de-coleccionar-chartreuse-de-tarragona-guia-basica-para-apasionados\/\" target=\"_self\">\t<span class=\"qodef-m-text\">Voir plus<\/span>\t\t<span class=\"qodef-m-icon\">\t\t<span class=\"qodef-m-icon-inner\">\t\t\t<svg aria-hidden=\"true\" class=\"e-font-icon-svg e-fas-plus\" viewbox=\"0 0 448 512\" xmlns=\"http:\/\/www.w3.org\/2000\/svg\"><path d=\"M416 208H272V64c0-17.67-14.33-32-32-32h-32c-17.67 0-32 14.33-32 32v144H32c-17.67 0-32 14.33-32 32v32c0 17.67 14.33 32 32 32h144v144c0 17.67 14.33 32 32 32h32c17.67 0 32-14.33 32-32V304h144c17.67 0 32-14.33 32-32v-32c0-17.67-14.33-32-32-32z\"><\/path><\/svg>\t\t\t\t\t<\/span>\t<\/span><\/a>\t<\/div>\n\t\t\t\t<\/div>\n\t\t\t\t\t<\/div>\n\t<\/div>\n<\/article>\n\t<\/div>\n\t<\/div>\n\t\t\t\t<\/div>\n\t\t\t\t<\/div>\n\t\t\t\t\t<\/div>\n\t\t\t\t<\/div>\n\t\t\t\t<\/div>","protected":false},"excerpt":{"rendered":"<p>\u00daltimas entradas Blog 7 Abr Colecci\u00f3n Chartreuse admin El arte de coleccionar Chartreuse de Tarragona: gu\u00eda b\u00e1sica para apasionados El Chartreuse de Tarragona es mucho m\u00e1s que un licor: es historia embotellada. Destilado por los monjes cartujos entre 1903 y 1989 en la ciudad catalana, se ha convertido en un ob Ver m\u00e1s<\/p>","protected":false},"author":2,"featured_media":0,"parent":0,"menu_order":0,"comment_status":"closed","ping_status":"closed","template":"","meta":{"footnotes":""},"class_list":["post-5783","page","type-page","status-publish","hentry"],"_links":{"self":[{"href":"https:\/\/chartreusetarragona.com\/fr\/wp-json\/wp\/v2\/pages\/5783","targetHints":{"allow":["GET"]}}],"collection":[{"href":"https:\/\/chartreusetarragona.com\/fr\/wp-json\/wp\/v2\/pages"}],"about":[{"href":"https:\/\/chartreusetarragona.com\/fr\/wp-json\/wp\/v2\/types\/page"}],"author":[{"embeddable":true,"href":"https:\/\/chartreusetarragona.com\/fr\/wp-json\/wp\/v2\/users\/2"}],"replies":[{"embeddable":true,"href":"https:\/\/chartreusetarragona.com\/fr\/wp-json\/wp\/v2\/comments?post=5783"}],"version-history":[{"count":11,"href":"https:\/\/chartreusetarragona.com\/fr\/wp-json\/wp\/v2\/pages\/5783\/revisions"}],"predecessor-version":[{"id":5935,"href":"https:\/\/chartreusetarragona.com\/fr\/wp-json\/wp\/v2\/pages\/5783\/revisions\/5935"}],"wp:attachment":[{"href":"https:\/\/chartreusetarragona.com\/fr\/wp-json\/wp\/v2\/media?parent=5783"}],"curies":[{"name":"wp","href":"https:\/\/api.w.org\/{rel}","templated":true}]}}