{"id":6643,"date":"2026-03-06T08:31:11","date_gmt":"2026-03-06T08:31:11","guid":{"rendered":"https:\/\/chartreusetarragona.com\/producto\/botella-de-chartreuse-verde-de-tarragona\/"},"modified":"2026-03-06T08:40:48","modified_gmt":"2026-03-06T08:40:48","slug":"botella-de-chartreuse-verde-de-tarragona","status":"publish","type":"product","link":"https:\/\/chartreusetarragona.com\/es\/producto\/botella-de-chartreuse-verde-de-tarragona\/","title":{"rendered":"Botella de Chartreuse verde de Tarragona"},"content":{"rendered":"<p>Botella de Chartreuse verde de Tarragona. Periodo de fabricaci\u00f3n limitada a los a\u00f1os 1965 y 1966. Conocida popularmente como \u00abel Gru\u00f1o\u00bb debido al relieve de la botella, que se conoc\u00eda en Catalu\u00f1a como \u00abmugronet\u00bb. La rotura en el transporte debido al golpeo causado por este relieve provoc\u00f3 el cambio de dise\u00f1o de la botella en el 1966, de ah\u00ed su escasez. Botella de capacidad de 37,5cl, con una graduaci\u00f3n de 55\u2070. Precinto fiscal de 80 c\u00e9ntimos. Conserva su envoltorio original. Perfecta para colecci\u00f3n o degustaci\u00f3n.<\/p>\n","protected":false},"excerpt":{"rendered":"<p>Botella de Chartreuse verde de Tarragona. Periodo de fabricaci\u00f3n limitada a los a\u00f1os 1965 y 1966. Conocida popularmente como \u00abel Gru\u00f1o\u00bb debido al relieve de la botella, que se conoc\u00eda en Catalu\u00f1a como \u00abmugronet\u00bb. La rotura en el transporte debido al golpeo causado por este relieve provoc\u00f3 el cambio de dise\u00f1o de la botella en el 1966, de ah\u00ed su escasez. Botella de capacidad de 37,5cl, con una graduaci\u00f3n de 55\u2070. Precinto fiscal de 80 c\u00e9ntimos. Conserva su envoltorio original. Perfecta para colecci\u00f3n o degustaci\u00f3n.<\/p>\n","protected":false},"featured_media":6624,"template":"","meta":[],"product_brand":[],"product_cat":[71],"product_tag":[88,72],"class_list":{"0":"post-6643","1":"product","2":"type-product","3":"status-publish","4":"has-post-thumbnail","6":"product_cat-chartreuse-verde","7":"product_tag-tarragona-2","8":"product_tag-chartreuse-verde","10":"first","11":"instock","12":"shipping-taxable","13":"purchasable","14":"product-type-simple"},"_links":{"self":[{"href":"https:\/\/chartreusetarragona.com\/es\/wp-json\/wp\/v2\/product\/6643","targetHints":{"allow":["GET"]}}],"collection":[{"href":"https:\/\/chartreusetarragona.com\/es\/wp-json\/wp\/v2\/product"}],"about":[{"href":"https:\/\/chartreusetarragona.com\/es\/wp-json\/wp\/v2\/types\/product"}],"wp:featuredmedia":[{"embeddable":true,"href":"https:\/\/chartreusetarragona.com\/es\/wp-json\/wp\/v2\/media\/6624"}],"wp:attachment":[{"href":"https:\/\/chartreusetarragona.com\/es\/wp-json\/wp\/v2\/media?parent=6643"}],"wp:term":[{"taxonomy":"product_brand","embeddable":true,"href":"https:\/\/chartreusetarragona.com\/es\/wp-json\/wp\/v2\/product_brand?post=6643"},{"taxonomy":"product_cat","embeddable":true,"href":"https:\/\/chartreusetarragona.com\/es\/wp-json\/wp\/v2\/product_cat?post=6643"},{"taxonomy":"product_tag","embeddable":true,"href":"https:\/\/chartreusetarragona.com\/es\/wp-json\/wp\/v2\/product_tag?post=6643"}],"curies":[{"name":"wp","href":"https:\/\/api.w.org\/{rel}","templated":true}]}}