{"id":6639,"date":"2026-03-06T08:31:11","date_gmt":"2026-03-06T08:31:11","guid":{"rendered":"https:\/\/chartreusetarragona.com\/producto\/caja-completa-de-3-botellines-o-mignonettes-de-chartreuse-amarillo-verde-y-anisette-elaboradas-en-tarragona\/"},"modified":"2026-03-06T08:42:33","modified_gmt":"2026-03-06T08:42:33","slug":"caja-completa-de-3-botellines-o-mignonettes-de-chartreuse-amarillo-verde-y-anisette-elaboradas-en-tarragona","status":"publish","type":"product","link":"https:\/\/chartreusetarragona.com\/es\/producto\/caja-completa-de-3-botellines-o-mignonettes-de-chartreuse-amarillo-verde-y-anisette-elaboradas-en-tarragona\/","title":{"rendered":"Caja completa de 3 botellines o mignonettes de Chartreuse amarillo, verde y anisette elaboradas en Tarragona."},"content":{"rendered":"<p>Caja completa de 3 botellines o mignonettes de Chartreuse amarillo, verde y anisette elaboradas en Tarragona. Periodo de fabricaci\u00f3n entre los a\u00f1os 1978-1985. Capacidad de 3cl, con una graduaci\u00f3n de 22\u2070, 40\u2070 y 55\u2070. Nivel de llenado del licor y de conservaci\u00f3n buenos. Ideales para colecci\u00f3n o degustaci\u00f3n.<\/p>\n","protected":false},"excerpt":{"rendered":"<p>Caja completa de 3 botellines o mignonettes de Chartreuse amarillo, verde y anisette elaboradas en Tarragona. Periodo de fabricaci\u00f3n entre los a\u00f1os 1978-1985. Capacidad de 3cl, con una graduaci\u00f3n de 22\u2070, 40\u2070 y 55\u2070. Nivel de llenado del licor y de conservaci\u00f3n buenos. Ideales para colecci\u00f3n o degustaci\u00f3n.<\/p>\n","protected":false},"featured_media":6601,"template":"","meta":[],"product_brand":[],"product_cat":[74],"product_tag":[89,75],"class_list":{"0":"post-6639","1":"product","2":"type-product","3":"status-publish","4":"has-post-thumbnail","6":"product_cat-chartreuse-amarillo","7":"product_tag-chartreuse-tarragona-2","8":"product_tag-chartreuse-amarillo","10":"first","11":"instock","12":"shipping-taxable","13":"purchasable","14":"product-type-simple"},"_links":{"self":[{"href":"https:\/\/chartreusetarragona.com\/es\/wp-json\/wp\/v2\/product\/6639","targetHints":{"allow":["GET"]}}],"collection":[{"href":"https:\/\/chartreusetarragona.com\/es\/wp-json\/wp\/v2\/product"}],"about":[{"href":"https:\/\/chartreusetarragona.com\/es\/wp-json\/wp\/v2\/types\/product"}],"wp:featuredmedia":[{"embeddable":true,"href":"https:\/\/chartreusetarragona.com\/es\/wp-json\/wp\/v2\/media\/6601"}],"wp:attachment":[{"href":"https:\/\/chartreusetarragona.com\/es\/wp-json\/wp\/v2\/media?parent=6639"}],"wp:term":[{"taxonomy":"product_brand","embeddable":true,"href":"https:\/\/chartreusetarragona.com\/es\/wp-json\/wp\/v2\/product_brand?post=6639"},{"taxonomy":"product_cat","embeddable":true,"href":"https:\/\/chartreusetarragona.com\/es\/wp-json\/wp\/v2\/product_cat?post=6639"},{"taxonomy":"product_tag","embeddable":true,"href":"https:\/\/chartreusetarragona.com\/es\/wp-json\/wp\/v2\/product_tag?post=6639"}],"curies":[{"name":"wp","href":"https:\/\/api.w.org\/{rel}","templated":true}]}}