{"id":6636,"date":"2026-03-06T08:31:11","date_gmt":"2026-03-06T08:31:11","guid":{"rendered":"https:\/\/chartreusetarragona.com\/producto\/botella-de-chartreuse-la-fabiola-verde-fabricada-en-tarragona\/"},"modified":"2026-03-06T08:37:32","modified_gmt":"2026-03-06T08:37:32","slug":"botella-de-chartreuse-la-fabiola-verde-fabricada-en-tarragona","status":"publish","type":"product","link":"https:\/\/chartreusetarragona.com\/es\/producto\/botella-de-chartreuse-la-fabiola-verde-fabricada-en-tarragona\/","title":{"rendered":"Botella de Chartreuse \u00abla Fabiola\u00bb verde fabricada en Tarragona"},"content":{"rendered":"<p>Excepcional botella de Chartreuse \u00abla Fabiola\u00bb verde fabricada en Tarragona. Periodo de producci\u00f3n entre los a\u00f1os 1968-1973. Con capacidad de 75cl, con una graduaci\u00f3n de 55\u2070. Precinto fiscal de 8 pesetas. Excepcional nivel de llenado, preservando los hielos escandinavos originales de la \u00e9poca, en estado bastante deteriorado. Ideal para colecci\u00f3n o degustaci\u00f3n.<\/p>\n","protected":false},"excerpt":{"rendered":"<p>Excepcional botella de Chartreuse \u00abla Fabiola\u00bb verde fabricada en Tarragona. Periodo de producci\u00f3n entre los a\u00f1os 1968-1973. Con capacidad de 75cl, con una graduaci\u00f3n de 55\u2070. Precinto fiscal de 8 pesetas. Excepcional nivel de llenado, preservando los hielos escandinavos originales de la \u00e9poca, en estado bastante deteriorado. Ideal para colecci\u00f3n o degustaci\u00f3n.<\/p>\n","protected":false},"featured_media":6573,"template":"","meta":[],"product_brand":[],"product_cat":[71],"product_tag":[88,72],"class_list":{"0":"post-6636","1":"product","2":"type-product","3":"status-publish","4":"has-post-thumbnail","6":"product_cat-chartreuse-verde","7":"product_tag-tarragona-2","8":"product_tag-chartreuse-verde","10":"first","11":"instock","12":"shipping-taxable","13":"purchasable","14":"product-type-simple"},"_links":{"self":[{"href":"https:\/\/chartreusetarragona.com\/es\/wp-json\/wp\/v2\/product\/6636","targetHints":{"allow":["GET"]}}],"collection":[{"href":"https:\/\/chartreusetarragona.com\/es\/wp-json\/wp\/v2\/product"}],"about":[{"href":"https:\/\/chartreusetarragona.com\/es\/wp-json\/wp\/v2\/types\/product"}],"wp:featuredmedia":[{"embeddable":true,"href":"https:\/\/chartreusetarragona.com\/es\/wp-json\/wp\/v2\/media\/6573"}],"wp:attachment":[{"href":"https:\/\/chartreusetarragona.com\/es\/wp-json\/wp\/v2\/media?parent=6636"}],"wp:term":[{"taxonomy":"product_brand","embeddable":true,"href":"https:\/\/chartreusetarragona.com\/es\/wp-json\/wp\/v2\/product_brand?post=6636"},{"taxonomy":"product_cat","embeddable":true,"href":"https:\/\/chartreusetarragona.com\/es\/wp-json\/wp\/v2\/product_cat?post=6636"},{"taxonomy":"product_tag","embeddable":true,"href":"https:\/\/chartreusetarragona.com\/es\/wp-json\/wp\/v2\/product_tag?post=6636"}],"curies":[{"name":"wp","href":"https:\/\/api.w.org\/{rel}","templated":true}]}}