{"id":6634,"date":"2026-03-06T08:31:10","date_gmt":"2026-03-06T08:31:10","guid":{"rendered":"https:\/\/chartreusetarragona.com\/producto\/botella-de-chartreuse-commemorative-de-larrivee-des-peres-chartreux-a-tarragone-2\/"},"modified":"2026-03-06T11:09:14","modified_gmt":"2026-03-06T11:09:14","slug":"botella-de-chartreuse-commemorative-de-larrivee-des-peres-chartreux-a-tarragone-2","status":"publish","type":"product","link":"https:\/\/chartreusetarragona.com\/es\/producto\/botella-de-chartreuse-commemorative-de-larrivee-des-peres-chartreux-a-tarragone-2\/","title":{"rendered":"Botella de Chartreuse \u00abComm\u00e9morative de l&#8217;arrivee des P\u00e9res Chartreux \u00e0 Tarragone\u00bb"},"content":{"rendered":"<p>Botella de Chartreuse \u00abComm\u00e9morative de l&#8217;arrivee des P\u00e9res Chartreux \u00e0 Tarragone\u00bb fabricada en motivo de las fiestas de Santa Tecla de Tarragona en el a\u00f1o 2003. Se trata de la m\u00e1s apreciada y m\u00e1s c\u00e9lebre edici\u00f3n de entre las producidas de la serie de Santa Tecla. \u00abCuv\u00e9e Sp\u00e9ciale de Chartreuse Jaune\u00bb. Botella numerada y de producci\u00f3n limitada a 6000 unidades. Con su cajas original. Capacidad de 70cl, y graduaci\u00f3n de 42\u2070. Excelente nivel de llenado del licor y conservaci\u00f3n excelente de las etiquetas. Ideal para colecci\u00f3n o degustaci\u00f3n.<\/p>\n","protected":false},"excerpt":{"rendered":"<p>Botella de Chartreuse \u00abComm\u00e9morative de l&#8217;arrivee des P\u00e9res Chartreux \u00e0 Tarragone\u00bb fabricada en motivo de las fiestas de Santa Tecla de Tarragona en el a\u00f1o 2003. Se trata de la m\u00e1s apreciada y m\u00e1s c\u00e9lebre edici\u00f3n de entre las producidas de la serie de Santa Tecla. \u00abCuv\u00e9e Sp\u00e9ciale de Chartreuse Jaune\u00bb. Botella numerada y de producci\u00f3n limitada a 6000 unidades. Con su cajas original. Capacidad de 70cl, y graduaci\u00f3n de 42\u2070. Excelente nivel de llenado del licor y conservaci\u00f3n excelente de las etiquetas. Ideal para colecci\u00f3n o degustaci\u00f3n.<\/p>\n","protected":false},"featured_media":6562,"template":"","meta":[],"product_brand":[],"product_cat":[74],"product_tag":[75,84],"class_list":{"0":"post-6634","1":"product","2":"type-product","3":"status-publish","4":"has-post-thumbnail","6":"product_cat-chartreuse-amarillo","7":"product_tag-chartreuse-amarillo","8":"product_tag-chartreuse-tarragona","10":"first","11":"instock","12":"shipping-taxable","13":"purchasable","14":"product-type-simple"},"_links":{"self":[{"href":"https:\/\/chartreusetarragona.com\/es\/wp-json\/wp\/v2\/product\/6634","targetHints":{"allow":["GET"]}}],"collection":[{"href":"https:\/\/chartreusetarragona.com\/es\/wp-json\/wp\/v2\/product"}],"about":[{"href":"https:\/\/chartreusetarragona.com\/es\/wp-json\/wp\/v2\/types\/product"}],"wp:featuredmedia":[{"embeddable":true,"href":"https:\/\/chartreusetarragona.com\/es\/wp-json\/wp\/v2\/media\/6562"}],"wp:attachment":[{"href":"https:\/\/chartreusetarragona.com\/es\/wp-json\/wp\/v2\/media?parent=6634"}],"wp:term":[{"taxonomy":"product_brand","embeddable":true,"href":"https:\/\/chartreusetarragona.com\/es\/wp-json\/wp\/v2\/product_brand?post=6634"},{"taxonomy":"product_cat","embeddable":true,"href":"https:\/\/chartreusetarragona.com\/es\/wp-json\/wp\/v2\/product_cat?post=6634"},{"taxonomy":"product_tag","embeddable":true,"href":"https:\/\/chartreusetarragona.com\/es\/wp-json\/wp\/v2\/product_tag?post=6634"}],"curies":[{"name":"wp","href":"https:\/\/api.w.org\/{rel}","templated":true}]}}