{"id":6497,"date":"2026-01-06T09:41:17","date_gmt":"2026-01-06T09:41:17","guid":{"rendered":"https:\/\/chartreusetarragona.com\/?post_type=product&#038;p=6497"},"modified":"2026-04-06T09:07:37","modified_gmt":"2026-04-06T09:07:37","slug":"botella-de-chartreuse-la-tau-fabricada-en-voiron","status":"publish","type":"product","link":"https:\/\/chartreusetarragona.com\/es\/producto\/botella-de-chartreuse-la-tau-fabricada-en-voiron\/","title":{"rendered":"Botella de Chartreuse \u00abla Tau\u00bb fabricada en Voiron"},"content":{"rendered":"<p>Botella de Chartreuse \u00abla Tau\u00bb fabricada en Voiron (Francia) para su uso comercial exclusivo para la ciudad de Tarragona. A\u00f1o de producci\u00f3n 2023. Capacidad de 75cl, con una graduaci\u00f3n de 44\u2070. Edici\u00f3n limitada para este a\u00f1o en 4.000 botellas, con una composici\u00f3n especial de 70% de licor amarillo y 30% verde, en honor a la popular mamadeta de Santa Tecla. Ideal para colecci\u00f3n o degustaci\u00f3n.<\/p>\n","protected":false},"excerpt":{"rendered":"<p>Botella de Chartreuse \u00abla Tau\u00bb fabricada en Voiron (Francia) para su uso comercial exclusivo para la ciudad de Tarragona. A\u00f1o de producci\u00f3n 2023. Capacidad de 75cl, con una graduaci\u00f3n de 44\u2070. Edici\u00f3n limitada para este a\u00f1o en 4.000 botellas, con una composici\u00f3n especial de 70% de licor amarillo y 30% verde, en honor a la popular mamadeta de Santa Tecla. Ideal para colecci\u00f3n o degustaci\u00f3n.<\/p>\n","protected":false},"featured_media":6503,"template":"","meta":[],"product_brand":[],"product_cat":[74],"product_tag":[75,84],"class_list":{"0":"post-6497","1":"product","2":"type-product","3":"status-publish","4":"has-post-thumbnail","6":"product_cat-chartreuse-amarillo","7":"product_tag-chartreuse-amarillo","8":"product_tag-chartreuse-tarragona","10":"first","11":"instock","12":"featured","13":"shipping-taxable","14":"purchasable","15":"product-type-simple"},"_links":{"self":[{"href":"https:\/\/chartreusetarragona.com\/es\/wp-json\/wp\/v2\/product\/6497","targetHints":{"allow":["GET"]}}],"collection":[{"href":"https:\/\/chartreusetarragona.com\/es\/wp-json\/wp\/v2\/product"}],"about":[{"href":"https:\/\/chartreusetarragona.com\/es\/wp-json\/wp\/v2\/types\/product"}],"wp:featuredmedia":[{"embeddable":true,"href":"https:\/\/chartreusetarragona.com\/es\/wp-json\/wp\/v2\/media\/6503"}],"wp:attachment":[{"href":"https:\/\/chartreusetarragona.com\/es\/wp-json\/wp\/v2\/media?parent=6497"}],"wp:term":[{"taxonomy":"product_brand","embeddable":true,"href":"https:\/\/chartreusetarragona.com\/es\/wp-json\/wp\/v2\/product_brand?post=6497"},{"taxonomy":"product_cat","embeddable":true,"href":"https:\/\/chartreusetarragona.com\/es\/wp-json\/wp\/v2\/product_cat?post=6497"},{"taxonomy":"product_tag","embeddable":true,"href":"https:\/\/chartreusetarragona.com\/es\/wp-json\/wp\/v2\/product_tag?post=6497"}],"curies":[{"name":"wp","href":"https:\/\/api.w.org\/{rel}","templated":true}]}}