{"id":6490,"date":"2026-01-06T09:38:44","date_gmt":"2026-01-06T09:38:44","guid":{"rendered":"https:\/\/chartreusetarragona.com\/?post_type=product&#038;p=6490"},"modified":"2026-03-06T22:29:16","modified_gmt":"2026-03-06T22:29:16","slug":"botella-de-chartreuse-amarilla-de-tarragona-3","status":"publish","type":"product","link":"https:\/\/chartreusetarragona.com\/es\/producto\/botella-de-chartreuse-amarilla-de-tarragona-3\/","title":{"rendered":"Botella de Chartreuse amarilla de Tarragona"},"content":{"rendered":"<p>Periodo de fabricaci\u00f3n limitada a los a\u00f1os 1965 y 1966. Conocida popularmente como \u00abel Gru\u00f1o\u00bb debido al relieve de la botella, que se conoc\u00eda en Catalu\u00f1a como \u00abmugronet\u00bb. La rotura en el transporte debido al golpeo causado por este relieve provoc\u00f3 el cambio de dise\u00f1o de la botella en el 1966, de ah\u00ed su escasez. Botella de capacidad de 75cl, con una graduaci\u00f3n de 40\u2070. Precinto fiscal de 1,60 pesetas. Perfecta para colecci\u00f3n o degustaci\u00f3n.<\/p>\n","protected":false},"excerpt":{"rendered":"<p>Periodo de fabricaci\u00f3n limitada a los a\u00f1os 1965 y 1966. Conocida popularmente como \u00abel Gru\u00f1o\u00bb debido al relieve de la botella, que se conoc\u00eda en Catalu\u00f1a como \u00abmugronet\u00bb. La rotura en el transporte debido al golpeo causado por este relieve provoc\u00f3 el cambio de dise\u00f1o de la botella en el 1966, de ah\u00ed su escasez. Botella de capacidad de 75cl, con una graduaci\u00f3n de 40\u2070. Precinto fiscal de 1,60 pesetas. Perfecta para colecci\u00f3n o degustaci\u00f3n.<\/p>\n","protected":false},"featured_media":6496,"template":"","meta":[],"product_brand":[],"product_cat":[74],"product_tag":[75,84],"class_list":{"0":"post-6490","1":"product","2":"type-product","3":"status-publish","4":"has-post-thumbnail","6":"product_cat-chartreuse-amarillo","7":"product_tag-chartreuse-amarillo","8":"product_tag-chartreuse-tarragona","10":"first","11":"outofstock","12":"featured","13":"shipping-taxable","14":"product-type-simple"},"_links":{"self":[{"href":"https:\/\/chartreusetarragona.com\/es\/wp-json\/wp\/v2\/product\/6490","targetHints":{"allow":["GET"]}}],"collection":[{"href":"https:\/\/chartreusetarragona.com\/es\/wp-json\/wp\/v2\/product"}],"about":[{"href":"https:\/\/chartreusetarragona.com\/es\/wp-json\/wp\/v2\/types\/product"}],"wp:featuredmedia":[{"embeddable":true,"href":"https:\/\/chartreusetarragona.com\/es\/wp-json\/wp\/v2\/media\/6496"}],"wp:attachment":[{"href":"https:\/\/chartreusetarragona.com\/es\/wp-json\/wp\/v2\/media?parent=6490"}],"wp:term":[{"taxonomy":"product_brand","embeddable":true,"href":"https:\/\/chartreusetarragona.com\/es\/wp-json\/wp\/v2\/product_brand?post=6490"},{"taxonomy":"product_cat","embeddable":true,"href":"https:\/\/chartreusetarragona.com\/es\/wp-json\/wp\/v2\/product_cat?post=6490"},{"taxonomy":"product_tag","embeddable":true,"href":"https:\/\/chartreusetarragona.com\/es\/wp-json\/wp\/v2\/product_tag?post=6490"}],"curies":[{"name":"wp","href":"https:\/\/api.w.org\/{rel}","templated":true}]}}