{"id":6470,"date":"2026-01-06T09:28:47","date_gmt":"2026-01-06T09:28:47","guid":{"rendered":"https:\/\/chartreusetarragona.com\/?post_type=product&#038;p=6470"},"modified":"2026-03-17T07:33:48","modified_gmt":"2026-03-17T07:33:48","slug":"petaca-de-chartreuse-verde-elaborada-en-tarragona","status":"publish","type":"product","link":"https:\/\/chartreusetarragona.com\/es\/producto\/petaca-de-chartreuse-verde-elaborada-en-tarragona\/","title":{"rendered":"Petaca de Chartreuse verde elaborada en Tarragona"},"content":{"rendered":"<p>Periodo de fabricaci\u00f3n a\u00f1os 1978-1985. Capacidad de 20cl, con una graduaci\u00f3n de 55\u2070. Precinto fiscal de 4 pesetas. Perfecto nivel de llenado, sin ninguna evaporaci\u00f3n del licor. Ideal para colecci\u00f3n o degustaci\u00f3n.<\/p>\n","protected":false},"excerpt":{"rendered":"<p>Periodo de fabricaci\u00f3n a\u00f1os 1978-1985. Capacidad de 20cl, con una graduaci\u00f3n de 55\u2070. Precinto fiscal de 4 pesetas. Perfecto nivel de llenado, sin ninguna evaporaci\u00f3n del licor. Ideal para colecci\u00f3n o degustaci\u00f3n.<\/p>\n","protected":false},"featured_media":6476,"template":"","meta":[],"product_brand":[],"product_cat":[71],"product_tag":[75,84],"class_list":{"0":"post-6470","1":"product","2":"type-product","3":"status-publish","4":"has-post-thumbnail","6":"product_cat-chartreuse-verde","7":"product_tag-chartreuse-amarillo","8":"product_tag-chartreuse-tarragona","10":"first","11":"outofstock","12":"featured","13":"shipping-taxable","14":"product-type-simple"},"_links":{"self":[{"href":"https:\/\/chartreusetarragona.com\/es\/wp-json\/wp\/v2\/product\/6470","targetHints":{"allow":["GET"]}}],"collection":[{"href":"https:\/\/chartreusetarragona.com\/es\/wp-json\/wp\/v2\/product"}],"about":[{"href":"https:\/\/chartreusetarragona.com\/es\/wp-json\/wp\/v2\/types\/product"}],"wp:featuredmedia":[{"embeddable":true,"href":"https:\/\/chartreusetarragona.com\/es\/wp-json\/wp\/v2\/media\/6476"}],"wp:attachment":[{"href":"https:\/\/chartreusetarragona.com\/es\/wp-json\/wp\/v2\/media?parent=6470"}],"wp:term":[{"taxonomy":"product_brand","embeddable":true,"href":"https:\/\/chartreusetarragona.com\/es\/wp-json\/wp\/v2\/product_brand?post=6470"},{"taxonomy":"product_cat","embeddable":true,"href":"https:\/\/chartreusetarragona.com\/es\/wp-json\/wp\/v2\/product_cat?post=6470"},{"taxonomy":"product_tag","embeddable":true,"href":"https:\/\/chartreusetarragona.com\/es\/wp-json\/wp\/v2\/product_tag?post=6470"}],"curies":[{"name":"wp","href":"https:\/\/api.w.org\/{rel}","templated":true}]}}