{"id":6381,"date":"2025-10-28T12:45:23","date_gmt":"2025-10-28T12:45:23","guid":{"rendered":"https:\/\/chartreusetarragona.com\/producto\/botella-de-chartreuse-fabricada-en-voiron-francia\/"},"modified":"2025-10-28T12:46:51","modified_gmt":"2025-10-28T12:46:51","slug":"botella-de-chartreuse-fabricada-en-voiron-francia","status":"publish","type":"product","link":"https:\/\/chartreusetarragona.com\/es\/producto\/botella-de-chartreuse-fabricada-en-voiron-francia\/","title":{"rendered":"Botella de Chartreuse fabricada en Voiron (Francia)"},"content":{"rendered":"<p>Botella de Chartreuse fabricada en Voiron (Francia). Periodo de producci\u00f3n entre los a\u00f1os 1972-1982. Capacidad de 75cl, con una graduaci\u00f3n de 55\u2070. Perfecto nivel de llenado, sin evaporaci\u00f3n del licor. Ideal para colecci\u00f3n o degustaci\u00f3n.<\/p>\n","protected":false},"excerpt":{"rendered":"<p>Botella de Chartreuse fabricada en Voiron (Francia). Periodo de producci\u00f3n entre los a\u00f1os 1972-1982. Capacidad de 75cl, con una graduaci\u00f3n de 55\u2070. Perfecto nivel de llenado, sin evaporaci\u00f3n del licor. Ideal para colecci\u00f3n o degustaci\u00f3n.<\/p>\n","protected":false},"featured_media":6382,"template":"","meta":[],"product_brand":[],"product_cat":[71],"product_tag":[72,87],"class_list":{"0":"post-6381","1":"product","2":"type-product","3":"status-publish","4":"has-post-thumbnail","6":"product_cat-chartreuse-verde","7":"product_tag-chartreuse-verde","8":"product_tag-voiron-france","10":"first","11":"instock","12":"featured","13":"shipping-taxable","14":"purchasable","15":"product-type-simple"},"_links":{"self":[{"href":"https:\/\/chartreusetarragona.com\/es\/wp-json\/wp\/v2\/product\/6381","targetHints":{"allow":["GET"]}}],"collection":[{"href":"https:\/\/chartreusetarragona.com\/es\/wp-json\/wp\/v2\/product"}],"about":[{"href":"https:\/\/chartreusetarragona.com\/es\/wp-json\/wp\/v2\/types\/product"}],"wp:featuredmedia":[{"embeddable":true,"href":"https:\/\/chartreusetarragona.com\/es\/wp-json\/wp\/v2\/media\/6382"}],"wp:attachment":[{"href":"https:\/\/chartreusetarragona.com\/es\/wp-json\/wp\/v2\/media?parent=6381"}],"wp:term":[{"taxonomy":"product_brand","embeddable":true,"href":"https:\/\/chartreusetarragona.com\/es\/wp-json\/wp\/v2\/product_brand?post=6381"},{"taxonomy":"product_cat","embeddable":true,"href":"https:\/\/chartreusetarragona.com\/es\/wp-json\/wp\/v2\/product_cat?post=6381"},{"taxonomy":"product_tag","embeddable":true,"href":"https:\/\/chartreusetarragona.com\/es\/wp-json\/wp\/v2\/product_tag?post=6381"}],"curies":[{"name":"wp","href":"https:\/\/api.w.org\/{rel}","templated":true}]}}