{"id":6380,"date":"2025-10-28T12:45:23","date_gmt":"2025-10-28T12:45:23","guid":{"rendered":"https:\/\/chartreusetarragona.com\/producto\/botella-de-anisette-chartreuse-fabricada-en-tarragona\/"},"modified":"2025-10-28T12:48:44","modified_gmt":"2025-10-28T12:48:44","slug":"botella-de-anisette-chartreuse-fabricada-en-tarragona","status":"publish","type":"product","link":"https:\/\/chartreusetarragona.com\/es\/producto\/botella-de-anisette-chartreuse-fabricada-en-tarragona\/","title":{"rendered":"Botella de Anisette Chartreuse fabricada en Tarragona"},"content":{"rendered":"<p>Botella de Anisette Chartreuse fabricada en Tarragona. Periodo de producci\u00f3n limitado a los a\u00f1os 1978-1980. Capacidad de 75cl, con una graduaci\u00f3n de 22\u2070. Precinto fiscal de 4 pesetas. Perfecto nivel de llenado, sin ninguna evaporaci\u00f3n del licor. Ideal para colecci\u00f3n o degustaci\u00f3n.<\/p>\n","protected":false},"excerpt":{"rendered":"<p>Botella de Anisette Chartreuse fabricada en Tarragona. Periodo de producci\u00f3n limitado a los a\u00f1os 1978-1980. Capacidad de 75cl, con una graduaci\u00f3n de 22\u2070. Precinto fiscal de 4 pesetas. Perfecto nivel de llenado, sin ninguna evaporaci\u00f3n del licor. Ideal para colecci\u00f3n o degustaci\u00f3n.<\/p>\n","protected":false},"featured_media":6394,"template":"","meta":[],"product_brand":[],"product_cat":[85],"product_tag":[86,84],"class_list":{"0":"post-6380","1":"product","2":"type-product","3":"status-publish","4":"has-post-thumbnail","6":"product_cat-anisette-chratreuse","7":"product_tag-anisette-chatreuse","8":"product_tag-chartreuse-tarragona","10":"first","11":"instock","12":"featured","13":"shipping-taxable","14":"purchasable","15":"product-type-simple"},"_links":{"self":[{"href":"https:\/\/chartreusetarragona.com\/es\/wp-json\/wp\/v2\/product\/6380","targetHints":{"allow":["GET"]}}],"collection":[{"href":"https:\/\/chartreusetarragona.com\/es\/wp-json\/wp\/v2\/product"}],"about":[{"href":"https:\/\/chartreusetarragona.com\/es\/wp-json\/wp\/v2\/types\/product"}],"wp:featuredmedia":[{"embeddable":true,"href":"https:\/\/chartreusetarragona.com\/es\/wp-json\/wp\/v2\/media\/6394"}],"wp:attachment":[{"href":"https:\/\/chartreusetarragona.com\/es\/wp-json\/wp\/v2\/media?parent=6380"}],"wp:term":[{"taxonomy":"product_brand","embeddable":true,"href":"https:\/\/chartreusetarragona.com\/es\/wp-json\/wp\/v2\/product_brand?post=6380"},{"taxonomy":"product_cat","embeddable":true,"href":"https:\/\/chartreusetarragona.com\/es\/wp-json\/wp\/v2\/product_cat?post=6380"},{"taxonomy":"product_tag","embeddable":true,"href":"https:\/\/chartreusetarragona.com\/es\/wp-json\/wp\/v2\/product_tag?post=6380"}],"curies":[{"name":"wp","href":"https:\/\/api.w.org\/{rel}","templated":true}]}}