{"id":6378,"date":"2025-10-28T12:45:22","date_gmt":"2025-10-28T12:45:22","guid":{"rendered":"https:\/\/chartreusetarragona.com\/producto\/botella-de-chartreuse-amarilla-de-tarragona\/"},"modified":"2026-03-06T07:54:11","modified_gmt":"2026-03-06T07:54:11","slug":"botella-de-chartreuse-amarilla-de-tarragona","status":"publish","type":"product","link":"https:\/\/chartreusetarragona.com\/es\/producto\/botella-de-chartreuse-amarilla-de-tarragona\/","title":{"rendered":"Botella de Chartreuse amarilla de Tarragona"},"content":{"rendered":"<p>Botella de Chartreuse amarillo producido en la f\u00e1brica de Tarragona. Periodo de fabricaci\u00f3n limitada a los a\u00f1os 1965 y 1966. Conocida popularmente como \u00abel Gru\u00f1o\u00bb debido al relieve de la botella, que se conoc\u00eda en Catalu\u00f1a como \u00abmugronet\u00bb. La rotura en el transporte debido al golpeo causado por este relieve provoc\u00f3 el cambio de dise\u00f1o de la botella en el 1966, de ah\u00ed su escasez.<\/p>\n","protected":false},"excerpt":{"rendered":"<p>Botella de Chartreuse amarillo producido en la f\u00e1brica de Tarragona. Periodo de fabricaci\u00f3n limitada a los a\u00f1os 1965 y 1966. Conocida popularmente como \u00abel Gru\u00f1o\u00bb debido al relieve de la botella, que se conoc\u00eda en Catalu\u00f1a como \u00abmugronet\u00bb. La rotura en el transporte debido al golpeo causado por este relieve provoc\u00f3 el cambio de dise\u00f1o de la botella en el 1966, de ah\u00ed su escasez.<\/p>\n","protected":false},"featured_media":6407,"template":"","meta":[],"product_brand":[],"product_cat":[74],"product_tag":[75,84,77],"class_list":{"0":"post-6378","1":"product","2":"type-product","3":"status-publish","4":"has-post-thumbnail","6":"product_cat-chartreuse-amarillo","7":"product_tag-chartreuse-amarillo","8":"product_tag-chartreuse-tarragona","9":"product_tag-el-gruno","11":"first","12":"outofstock","13":"featured","14":"shipping-taxable","15":"product-type-simple"},"_links":{"self":[{"href":"https:\/\/chartreusetarragona.com\/es\/wp-json\/wp\/v2\/product\/6378","targetHints":{"allow":["GET"]}}],"collection":[{"href":"https:\/\/chartreusetarragona.com\/es\/wp-json\/wp\/v2\/product"}],"about":[{"href":"https:\/\/chartreusetarragona.com\/es\/wp-json\/wp\/v2\/types\/product"}],"wp:featuredmedia":[{"embeddable":true,"href":"https:\/\/chartreusetarragona.com\/es\/wp-json\/wp\/v2\/media\/6407"}],"wp:attachment":[{"href":"https:\/\/chartreusetarragona.com\/es\/wp-json\/wp\/v2\/media?parent=6378"}],"wp:term":[{"taxonomy":"product_brand","embeddable":true,"href":"https:\/\/chartreusetarragona.com\/es\/wp-json\/wp\/v2\/product_brand?post=6378"},{"taxonomy":"product_cat","embeddable":true,"href":"https:\/\/chartreusetarragona.com\/es\/wp-json\/wp\/v2\/product_cat?post=6378"},{"taxonomy":"product_tag","embeddable":true,"href":"https:\/\/chartreusetarragona.com\/es\/wp-json\/wp\/v2\/product_tag?post=6378"}],"curies":[{"name":"wp","href":"https:\/\/api.w.org\/{rel}","templated":true}]}}