{"id":6343,"date":"2025-07-08T16:06:25","date_gmt":"2025-07-08T16:06:25","guid":{"rendered":"https:\/\/chartreusetarragona.com\/?post_type=product&#038;p=6343"},"modified":"2025-08-02T09:42:25","modified_gmt":"2025-08-02T09:42:25","slug":"botella-de-chartreuse-amarillo-elaborado-en-tarragona-promocional-del-brandy-car","status":"publish","type":"product","link":"https:\/\/chartreusetarragona.com\/es\/producto\/botella-de-chartreuse-amarillo-elaborado-en-tarragona-promocional-del-brandy-car\/","title":{"rendered":"Botella de Chartreuse amarillo elaborado en Tarragona promocional del \u00abBrandy CAR\u00bb"},"content":{"rendered":"<p>Excepcional botella de Chartreuse amarillo elaborada en Tarragona. Periodo de fabricaci\u00f3n entre los a\u00f1os 1940-1949. Botella de tap\u00f3n de corcho de 70cl en un estado de conservaci\u00f3n excepcional, con etiqueta frontal y posterior promocional del \u00abBrandy CAR\u00bb y precinto fiscal de 1&#8217;60 pesetas intactas. Con una graduaci\u00f3n de 43\u2070. Muy buen nivel de llenado. Una botella excepcional para colecci\u00f3n o degustaci\u00f3n.<\/p>\n","protected":false},"excerpt":{"rendered":"<p>Excepcional botella de Chartreuse amarillo elaborada en Tarragona. Periodo de fabricaci\u00f3n entre los a\u00f1os 1940-1949. Botella de tap\u00f3n de corcho de 70cl en un estado de conservaci\u00f3n excepcional, con etiqueta frontal y posterior promocional del \u00abBrandy CAR\u00bb y precinto fiscal de 1&#8217;60 pesetas intactas. Con una graduaci\u00f3n de 43\u2070. Muy buen nivel de llenado. Una botella excepcional para colecci\u00f3n o degustaci\u00f3n.<\/p>\n","protected":false},"featured_media":6344,"template":"","meta":[],"product_brand":[],"product_cat":[74],"product_tag":[82,75,73],"class_list":{"0":"post-6343","1":"product","2":"type-product","3":"status-publish","4":"has-post-thumbnail","6":"product_cat-chartreuse-amarillo","7":"product_tag-brandy-car","8":"product_tag-chartreuse-amarillo","9":"product_tag-tarragona","11":"first","12":"outofstock","13":"featured","14":"shipping-taxable","15":"product-type-simple"},"_links":{"self":[{"href":"https:\/\/chartreusetarragona.com\/es\/wp-json\/wp\/v2\/product\/6343","targetHints":{"allow":["GET"]}}],"collection":[{"href":"https:\/\/chartreusetarragona.com\/es\/wp-json\/wp\/v2\/product"}],"about":[{"href":"https:\/\/chartreusetarragona.com\/es\/wp-json\/wp\/v2\/types\/product"}],"wp:featuredmedia":[{"embeddable":true,"href":"https:\/\/chartreusetarragona.com\/es\/wp-json\/wp\/v2\/media\/6344"}],"wp:attachment":[{"href":"https:\/\/chartreusetarragona.com\/es\/wp-json\/wp\/v2\/media?parent=6343"}],"wp:term":[{"taxonomy":"product_brand","embeddable":true,"href":"https:\/\/chartreusetarragona.com\/es\/wp-json\/wp\/v2\/product_brand?post=6343"},{"taxonomy":"product_cat","embeddable":true,"href":"https:\/\/chartreusetarragona.com\/es\/wp-json\/wp\/v2\/product_cat?post=6343"},{"taxonomy":"product_tag","embeddable":true,"href":"https:\/\/chartreusetarragona.com\/es\/wp-json\/wp\/v2\/product_tag?post=6343"}],"curies":[{"name":"wp","href":"https:\/\/api.w.org\/{rel}","templated":true}]}}