{"id":6319,"date":"2025-07-08T14:32:17","date_gmt":"2025-07-08T14:32:17","guid":{"rendered":"https:\/\/chartreusetarragona.com\/?post_type=product&#038;p=6319"},"modified":"2026-03-27T16:43:12","modified_gmt":"2026-03-27T16:43:12","slug":"botella-de-chartreuse-verde-tarragona","status":"publish","type":"product","link":"https:\/\/chartreusetarragona.com\/es\/producto\/botella-de-chartreuse-verde-tarragona\/","title":{"rendered":"Botella de Chartreuse verde elaborado en Tarragona \u00abla Grande Chartreuse\u00bb"},"content":{"rendered":"<p>Botella de Chartreuse verde fabricada en Tarragona. Periodo de fabricaci\u00f3n limitada a los a\u00f1os 1966 y 1967. Conocida popularmente como \u00abla Grande Chartreuse\u00bb por el dise\u00f1o del tap\u00f3n de rosca. Capacidad de la botella de capacidad de\u00a070\u202fcl, con una graduaci\u00f3n de 55\u2070. Nivel de llenado del licor excelente, excepcional para este tipo de botella. Excelente estado de conservaci\u00f3n de las etiquetas. Perfecta para colecci\u00f3n o degustaci\u00f3n.<\/p>\n","protected":false},"excerpt":{"rendered":"<p>Botella de Chartreuse verde fabricada en Tarragona. Periodo de fabricaci\u00f3n limitada a los a\u00f1os 1966 y 1967. Conocida popularmente como \u00abla Grande Chartreuse\u00bb por el dise\u00f1o del tap\u00f3n de rosca. Capacidad de la botella de capacidad de\u00a070\u202fcl, con una graduaci\u00f3n de 55\u2070. Nivel de llenado del licor excelente, excepcional para este tipo de botella. Excelente estado de conservaci\u00f3n de las etiquetas. Perfecta para colecci\u00f3n o degustaci\u00f3n.<\/p>\n","protected":false},"featured_media":6320,"template":"","meta":[],"product_brand":[],"product_cat":[71],"product_tag":[72,81,73],"class_list":{"0":"post-6319","1":"product","2":"type-product","3":"status-publish","4":"has-post-thumbnail","6":"product_cat-chartreuse-verde","7":"product_tag-chartreuse-verde","8":"product_tag-la-grande-chartreuse","9":"product_tag-tarragona","11":"first","12":"outofstock","13":"featured","14":"shipping-taxable","15":"purchasable","16":"product-type-simple"},"_links":{"self":[{"href":"https:\/\/chartreusetarragona.com\/es\/wp-json\/wp\/v2\/product\/6319","targetHints":{"allow":["GET"]}}],"collection":[{"href":"https:\/\/chartreusetarragona.com\/es\/wp-json\/wp\/v2\/product"}],"about":[{"href":"https:\/\/chartreusetarragona.com\/es\/wp-json\/wp\/v2\/types\/product"}],"wp:featuredmedia":[{"embeddable":true,"href":"https:\/\/chartreusetarragona.com\/es\/wp-json\/wp\/v2\/media\/6320"}],"wp:attachment":[{"href":"https:\/\/chartreusetarragona.com\/es\/wp-json\/wp\/v2\/media?parent=6319"}],"wp:term":[{"taxonomy":"product_brand","embeddable":true,"href":"https:\/\/chartreusetarragona.com\/es\/wp-json\/wp\/v2\/product_brand?post=6319"},{"taxonomy":"product_cat","embeddable":true,"href":"https:\/\/chartreusetarragona.com\/es\/wp-json\/wp\/v2\/product_cat?post=6319"},{"taxonomy":"product_tag","embeddable":true,"href":"https:\/\/chartreusetarragona.com\/es\/wp-json\/wp\/v2\/product_tag?post=6319"}],"curies":[{"name":"wp","href":"https:\/\/api.w.org\/{rel}","templated":true}]}}