{"id":5731,"date":"2025-04-04T11:57:58","date_gmt":"2025-04-04T11:57:58","guid":{"rendered":"https:\/\/chartreusetarragona.com\/?product=botella-de-chartreuse-amarillo-producida-en-tarragona-la-grande-chartreuse"},"modified":"2025-07-08T16:04:09","modified_gmt":"2025-07-08T16:04:09","slug":"botella-de-chartreuse-amarillo-producida-en-tarragona-la-grande-chartreuse","status":"publish","type":"product","link":"https:\/\/chartreusetarragona.com\/es\/producto\/botella-de-chartreuse-amarillo-producida-en-tarragona-la-grande-chartreuse\/","title":{"rendered":"Botella de Chartreuse amarillo producida en Tarragona \u00abla Grande Chartreuse\u00bb"},"content":{"rendered":"<p>Botella de Chartreuse amarillo producida en Tarragona. Periodo de fabricaci\u00f3n limitada a los a\u00f1os 1966 y 1967. Conocida popularmente como \u00abla Grande Chartreuse\u00bb por el dise\u00f1o del tap\u00f3n de rosca. Capacidad de la botella de capacidad de 70cl, con una graduaci\u00f3n de 43\u2070. Nivel de llenado del licor excelente, excepcional para este tipo de botella. Excelente estado de conservaci\u00f3n de las etiquetas. Perfecta para colecci\u00f3n o degustaci\u00f3n. Restos del precinto fiscal de 1,60 pesetas.<\/p>\n","protected":false},"excerpt":{"rendered":"<p>Botella de Chartreuse amarillo producida en Tarragona. Periodo de fabricaci\u00f3n limitada a los a\u00f1os 1966 y 1967. Conocida popularmente como \u00abla Grande Chartreuse\u00bb por el dise\u00f1o del tap\u00f3n de rosca. Capacidad de la botella de capacidad de 70cl, con una graduaci\u00f3n de 43\u2070. Nivel de llenado del licor excelente, excepcional para este tipo de botella. Excelente estado de conservaci\u00f3n de las etiquetas. Perfecta para colecci\u00f3n o degustaci\u00f3n. Restos del precinto fiscal de 1,60 pesetas.<\/p>\n","protected":false},"featured_media":5744,"template":"","meta":[],"product_brand":[],"product_cat":[74],"product_tag":[75,78,73],"class_list":{"0":"post-5731","1":"product","2":"type-product","3":"status-publish","4":"has-post-thumbnail","6":"product_cat-chartreuse-amarillo","7":"product_tag-chartreuse-amarillo","8":"product_tag-la-grande-chaertreuse","9":"product_tag-tarragona","11":"first","12":"outofstock","13":"featured","14":"shipping-taxable","15":"product-type-simple"},"_links":{"self":[{"href":"https:\/\/chartreusetarragona.com\/es\/wp-json\/wp\/v2\/product\/5731","targetHints":{"allow":["GET"]}}],"collection":[{"href":"https:\/\/chartreusetarragona.com\/es\/wp-json\/wp\/v2\/product"}],"about":[{"href":"https:\/\/chartreusetarragona.com\/es\/wp-json\/wp\/v2\/types\/product"}],"wp:featuredmedia":[{"embeddable":true,"href":"https:\/\/chartreusetarragona.com\/es\/wp-json\/wp\/v2\/media\/5744"}],"wp:attachment":[{"href":"https:\/\/chartreusetarragona.com\/es\/wp-json\/wp\/v2\/media?parent=5731"}],"wp:term":[{"taxonomy":"product_brand","embeddable":true,"href":"https:\/\/chartreusetarragona.com\/es\/wp-json\/wp\/v2\/product_brand?post=5731"},{"taxonomy":"product_cat","embeddable":true,"href":"https:\/\/chartreusetarragona.com\/es\/wp-json\/wp\/v2\/product_cat?post=5731"},{"taxonomy":"product_tag","embeddable":true,"href":"https:\/\/chartreusetarragona.com\/es\/wp-json\/wp\/v2\/product_tag?post=5731"}],"curies":[{"name":"wp","href":"https:\/\/api.w.org\/{rel}","templated":true}]}}