{"id":5730,"date":"2025-04-04T11:57:58","date_gmt":"2025-04-04T11:57:58","guid":{"rendered":"https:\/\/chartreusetarragona.com\/?product=botella-de-chartreuse-verde-producida-en-tarragona-el-gruno"},"modified":"2026-03-17T07:36:03","modified_gmt":"2026-03-17T07:36:03","slug":"botella-de-chartreuse-verde-producida-en-tarragona-el-gruno","status":"publish","type":"product","link":"https:\/\/chartreusetarragona.com\/es\/producto\/botella-de-chartreuse-verde-producida-en-tarragona-el-gruno\/","title":{"rendered":"Botella de Chartreuse verde producida en Tarragona \u00abel gru\u00f1o\u00bb"},"content":{"rendered":"<p>Botella de Chartreuse verde producida en Tarragona. Periodo de fabricaci\u00f3n limitada a los a\u00f1os 1965 y 1966. Conocida popularmente como \u00abel Gru\u00f1o\u00bb debido al relieve de la botella, que se conoc\u00eda en Catalu\u00f1a como \u00abmugronet\u00bb. La rotura en el transporte debido al golpeo causado por este relieve provoc\u00f3 el cambio de dise\u00f1o de la botella en el 1966, de ah\u00ed su escasez. Media botella de capacidad de 37,5cl, con una graduaci\u00f3n de 55\u2070. Ligera evaporaci\u00f3n y nivel de llenado del licor un poco por debajo del cuello de la botella. Excelente estado de conservaci\u00f3n de las etiquetas. Ideal para colecci\u00f3n o degustaci\u00f3n. Precinto fiscal de 80 c\u00e9ntimos.<\/p>\n","protected":false},"excerpt":{"rendered":"<p>Botella de Chartreuse verde producida en Tarragona. Periodo de fabricaci\u00f3n limitada a los a\u00f1os 1965 y 1966. Conocida popularmente como \u00abel Gru\u00f1o\u00bb debido al relieve de la botella, que se conoc\u00eda en Catalu\u00f1a como \u00abmugronet\u00bb. La rotura en el transporte debido al golpeo causado por este relieve provoc\u00f3 el cambio de dise\u00f1o de la botella en el 1966, de ah\u00ed su escasez. Media botella de capacidad de 37,5cl, con una graduaci\u00f3n de 55\u2070. Ligera evaporaci\u00f3n y nivel de llenado del licor un poco por debajo del cuello de la botella. Excelente estado de conservaci\u00f3n de las etiquetas. Ideal para colecci\u00f3n o degustaci\u00f3n. Precinto fiscal de 80 c\u00e9ntimos.<\/p>\n","protected":false},"featured_media":5743,"template":"","meta":[],"product_brand":[],"product_cat":[71],"product_tag":[72,77,73],"class_list":{"0":"post-5730","1":"product","2":"type-product","3":"status-publish","4":"has-post-thumbnail","6":"product_cat-chartreuse-verde","7":"product_tag-chartreuse-verde","8":"product_tag-el-gruno","9":"product_tag-tarragona","11":"first","12":"outofstock","13":"shipping-taxable","14":"product-type-simple"},"_links":{"self":[{"href":"https:\/\/chartreusetarragona.com\/es\/wp-json\/wp\/v2\/product\/5730","targetHints":{"allow":["GET"]}}],"collection":[{"href":"https:\/\/chartreusetarragona.com\/es\/wp-json\/wp\/v2\/product"}],"about":[{"href":"https:\/\/chartreusetarragona.com\/es\/wp-json\/wp\/v2\/types\/product"}],"wp:featuredmedia":[{"embeddable":true,"href":"https:\/\/chartreusetarragona.com\/es\/wp-json\/wp\/v2\/media\/5743"}],"wp:attachment":[{"href":"https:\/\/chartreusetarragona.com\/es\/wp-json\/wp\/v2\/media?parent=5730"}],"wp:term":[{"taxonomy":"product_brand","embeddable":true,"href":"https:\/\/chartreusetarragona.com\/es\/wp-json\/wp\/v2\/product_brand?post=5730"},{"taxonomy":"product_cat","embeddable":true,"href":"https:\/\/chartreusetarragona.com\/es\/wp-json\/wp\/v2\/product_cat?post=5730"},{"taxonomy":"product_tag","embeddable":true,"href":"https:\/\/chartreusetarragona.com\/es\/wp-json\/wp\/v2\/product_tag?post=5730"}],"curies":[{"name":"wp","href":"https:\/\/api.w.org\/{rel}","templated":true}]}}