{"id":5727,"date":"2025-04-04T11:57:57","date_gmt":"2025-04-04T11:57:57","guid":{"rendered":"https:\/\/chartreusetarragona.com\/?product=botella-de-chartreuse-verde-conmemoracion-de-las-fiestas-de-santa-tecla-de-tarragona-2005"},"modified":"2025-07-08T15:30:22","modified_gmt":"2025-07-08T15:30:22","slug":"botella-de-chartreuse-verde-conmemoracion-de-las-fiestas-de-santa-tecla-de-tarragona-2005","status":"publish","type":"product","link":"https:\/\/chartreusetarragona.com\/es\/producto\/botella-de-chartreuse-verde-conmemoracion-de-las-fiestas-de-santa-tecla-de-tarragona-2005\/","title":{"rendered":"Botella de Chartreuse verde fiestas de Santa Tecla de Tarragona 2005"},"content":{"rendered":"<p>Botella de Chartreuse verde elaborada en conmemoraci\u00f3n de las fiestas de Santa Tecla de Tarragona en el a\u00f1o 2005. Se trata de una de las mejores a\u00f1adas de la serie de Santa Tecla. Botella numerada y de producci\u00f3n limitada a 785 unidades. Capacidad de 70cl, graduaci\u00f3n de 55\u2070, en su estuche de cart\u00f3n original. Nivel de llenado del licor y de conservaci\u00f3n excelentes. Ideal para colecci\u00f3n o degustaci\u00f3n.<\/p>\n","protected":false},"excerpt":{"rendered":"<p>Botella de Chartreuse verde elaborada en conmemoraci\u00f3n de las fiestas de Santa Tecla de Tarragona en el a\u00f1o 2005. Se trata de una de las mejores a\u00f1adas de la serie de Santa Tecla. Botella numerada y de producci\u00f3n limitada a 785 unidades. Capacidad de 70cl, graduaci\u00f3n de 55\u2070, en su estuche de cart\u00f3n original. Nivel de llenado del licor y de conservaci\u00f3n excelentes. Ideal para colecci\u00f3n o degustaci\u00f3n.<\/p>\n","protected":false},"featured_media":6329,"template":"","meta":[],"product_brand":[],"product_cat":[71],"product_tag":[72,76,73],"class_list":{"0":"post-5727","1":"product","2":"type-product","3":"status-publish","4":"has-post-thumbnail","6":"product_cat-chartreuse-verde","7":"product_tag-chartreuse-verde","8":"product_tag-santa-tecla","9":"product_tag-tarragona","11":"first","12":"instock","13":"featured","14":"shipping-taxable","15":"purchasable","16":"product-type-simple"},"_links":{"self":[{"href":"https:\/\/chartreusetarragona.com\/es\/wp-json\/wp\/v2\/product\/5727","targetHints":{"allow":["GET"]}}],"collection":[{"href":"https:\/\/chartreusetarragona.com\/es\/wp-json\/wp\/v2\/product"}],"about":[{"href":"https:\/\/chartreusetarragona.com\/es\/wp-json\/wp\/v2\/types\/product"}],"wp:featuredmedia":[{"embeddable":true,"href":"https:\/\/chartreusetarragona.com\/es\/wp-json\/wp\/v2\/media\/6329"}],"wp:attachment":[{"href":"https:\/\/chartreusetarragona.com\/es\/wp-json\/wp\/v2\/media?parent=5727"}],"wp:term":[{"taxonomy":"product_brand","embeddable":true,"href":"https:\/\/chartreusetarragona.com\/es\/wp-json\/wp\/v2\/product_brand?post=5727"},{"taxonomy":"product_cat","embeddable":true,"href":"https:\/\/chartreusetarragona.com\/es\/wp-json\/wp\/v2\/product_cat?post=5727"},{"taxonomy":"product_tag","embeddable":true,"href":"https:\/\/chartreusetarragona.com\/es\/wp-json\/wp\/v2\/product_tag?post=5727"}],"curies":[{"name":"wp","href":"https:\/\/api.w.org\/{rel}","templated":true}]}}