{"id":5725,"date":"2025-04-04T11:57:57","date_gmt":"2025-04-04T11:57:57","guid":{"rendered":"https:\/\/chartreusetarragona.com\/?product=botella-de-chartreuse-verde-elaborado-en-tarragona"},"modified":"2025-07-08T16:05:44","modified_gmt":"2025-07-08T16:05:44","slug":"botella-de-chartreuse-verde-elaborado-en-tarragona","status":"publish","type":"product","link":"https:\/\/chartreusetarragona.com\/es\/producto\/botella-de-chartreuse-verde-elaborado-en-tarragona\/","title":{"rendered":"Botella de Chartreuse verde elaborado en Tarragona"},"content":{"rendered":"<p>Botella de Chartreuse verde elaborado en Tarragona. Periodo de fabricaci\u00f3n entre los a\u00f1os 1978-1985. Capacidad de 70cl, con una graduaci\u00f3n de 55\u2070, conservada en su estuche de cart\u00f3n original. Nivel de llenado del licor y de conservaci\u00f3n excelentes. Ideal para colecci\u00f3n o degustaci\u00f3n. Precinto fiscal de 8 pesetas.<\/p>\n","protected":false},"excerpt":{"rendered":"<p>Botella de Chartreuse verde elaborado en Tarragona. Periodo de fabricaci\u00f3n entre los a\u00f1os 1978-1985. Capacidad de 70cl, con una graduaci\u00f3n de 55\u2070, conservada en su estuche de cart\u00f3n original. Nivel de llenado del licor y de conservaci\u00f3n excelentes. Ideal para colecci\u00f3n o degustaci\u00f3n. Precinto fiscal de 8 pesetas.<\/p>\n","protected":false},"featured_media":5733,"template":"","meta":[],"product_brand":[],"product_cat":[71],"product_tag":[72,73],"class_list":{"0":"post-5725","1":"product","2":"type-product","3":"status-publish","4":"has-post-thumbnail","6":"product_cat-chartreuse-verde","7":"product_tag-chartreuse-verde","8":"product_tag-tarragona","10":"first","11":"outofstock","12":"featured","13":"shipping-taxable","14":"product-type-simple"},"_links":{"self":[{"href":"https:\/\/chartreusetarragona.com\/es\/wp-json\/wp\/v2\/product\/5725","targetHints":{"allow":["GET"]}}],"collection":[{"href":"https:\/\/chartreusetarragona.com\/es\/wp-json\/wp\/v2\/product"}],"about":[{"href":"https:\/\/chartreusetarragona.com\/es\/wp-json\/wp\/v2\/types\/product"}],"wp:featuredmedia":[{"embeddable":true,"href":"https:\/\/chartreusetarragona.com\/es\/wp-json\/wp\/v2\/media\/5733"}],"wp:attachment":[{"href":"https:\/\/chartreusetarragona.com\/es\/wp-json\/wp\/v2\/media?parent=5725"}],"wp:term":[{"taxonomy":"product_brand","embeddable":true,"href":"https:\/\/chartreusetarragona.com\/es\/wp-json\/wp\/v2\/product_brand?post=5725"},{"taxonomy":"product_cat","embeddable":true,"href":"https:\/\/chartreusetarragona.com\/es\/wp-json\/wp\/v2\/product_cat?post=5725"},{"taxonomy":"product_tag","embeddable":true,"href":"https:\/\/chartreusetarragona.com\/es\/wp-json\/wp\/v2\/product_tag?post=5725"}],"curies":[{"name":"wp","href":"https:\/\/api.w.org\/{rel}","templated":true}]}}