{"id":5783,"date":"2025-04-07T15:01:16","date_gmt":"2025-04-07T15:01:16","guid":{"rendered":"https:\/\/chartreusetarragona.com\/?page_id=5783"},"modified":"2025-04-07T15:07:42","modified_gmt":"2025-04-07T15:07:42","slug":"blog","status":"publish","type":"page","link":"https:\/\/chartreusetarragona.com\/es\/blog\/","title":{"rendered":"Blog"},"content":{"rendered":"\t\t<div data-elementor-type=\"wp-page\" data-elementor-id=\"5783\" class=\"elementor elementor-5783\">\n\t\t\t\t<div class=\"elementor-element elementor-element-1a98508 e-flex e-con-boxed e-con e-parent\" data-id=\"1a98508\" data-element_type=\"container\" data-e-type=\"container\">\n\t\t\t\t\t<div class=\"e-con-inner\">\n\t\t\t\t<div class=\"elementor-element elementor-element-3a307c5 elementor-widget elementor-widget-singlemalt_core_section_title\" data-id=\"3a307c5\" data-element_type=\"widget\" data-e-type=\"widget\" data-widget_type=\"singlemalt_core_section_title.default\">\n\t\t\t\t<div class=\"elementor-widget-container\">\n\t\t\t\t\t<div class=\"qodef-shortcode qodef-m  qodef-section-title qodef-alignment--center  qodef-appear-animation\">\n        <span class=\"qodef-m-caption\" style=\"margin: 0px 0px 14px 0px \">\n                    <span class=\"qodef-caption-line qodef--left\" ><\/span>\n                \u00daltimas entradas                    <span class=\"qodef-caption-line qodef--right\" ><\/span>\n            <\/span>\n\t\t<h1 class=\"qodef-m-title\" style=\"color: #232323\">\n\t\t\t\t\tBlog\t\t\t<\/h1>\n\t<\/div>\t\t\t\t<\/div>\n\t\t\t\t<\/div>\n\t\t\t\t\t<\/div>\n\t\t\t\t<\/div>\n\t\t<div class=\"elementor-element elementor-element-2c8ebda e-flex e-con-boxed e-con e-parent\" data-id=\"2c8ebda\" data-element_type=\"container\" data-e-type=\"container\">\n\t\t\t\t\t<div class=\"e-con-inner\">\n\t\t\t\t<div class=\"elementor-element elementor-element-f0d2b75 elementor-widget elementor-widget-qi_addons_for_elementor_blog_list\" data-id=\"f0d2b75\" data-element_type=\"widget\" data-e-type=\"widget\" data-widget_type=\"qi_addons_for_elementor_blog_list.default\">\n\t\t\t\t<div class=\"elementor-widget-container\">\n\t\t\t\t\t<div class=\"qodef-shortcode qodef-m qodef-addons-blog-list qodef-info-no-icons qodef-image--hover-zoom qodef-qi-grid qodef-layout--qi-columns qodef-col-num--3 qodef-item-layout--boxed qodef-responsive--predefined\" >\n\t<div class=\"qodef-grid-inner\">\n\t\t<article class=\"qodef-e qodef-blog-item qodef-grid-item qodef-item--full post-6652 post type-post status-publish format-standard hentry category-coleccion-chartreuse\">\n\t<div class=\"qodef-e-inner\">\n\t\t<div class=\"qodef-e-media-holder\">\n\t\t\t<div class=\"qodef-e-media\">\n\t<\/div>\n<div itemprop=\"dateCreated\" class=\"qodef-e-info-item qodef-e-info-date entry-date \">\n\t<a itemprop=\"url\" href=\"https:\/\/chartreusetarragona.com\/es\/2026\/03\/\">\n\t\t13 Mar\t<\/a>\n<\/div>\n\t\t<\/div>\n\t\t<div class=\"qodef-e-content\">\n\t\t\t\t\t\t\t<div class=\"qodef-e-info qodef-info--top\">\n\t\t\t\t\t<div class=\"qodef-e-info-item qodef-e-info-category\">\n\t\t<a href=\"https:\/\/chartreusetarragona.com\/es\/category\/coleccion-chartreuse\/\" rel=\"category tag\">Colecci\u00f3n Chartreuse<\/a><\/div>\n<div class=\"qodef-e-info-item qodef-e-info-author\">\n\t<a itemprop=\"author\" class=\"qodef-e-info-author-link\" href=\"https:\/\/chartreusetarragona.com\/es\/author\/jgarc338\/\">\n\t\t\t\tJoan Garcia\t<\/a>\n<\/div>\n\t\t\t\t<\/div>\n\t\t\t\t\t\t<div class=\"qodef-e-text\">\n\t\t\t\t<h5 itemprop=\"name\" class=\"qodef-e-title entry-title\">\n\t<a itemprop=\"url\" class=\"qodef-e-title-link\" href=\"https:\/\/chartreusetarragona.com\/es\/el-arte-de-degustar-chartreuse-guia-para-una-experiencia-sensorial-suprema\/\">\n\t\tEl arte de degustar Chartreuse: gu\u00eda para una experiencia sensorial suprema\t<\/a>\n<\/h5>\n\t\t<p itemprop=\"description\" class=\"qodef-e-excerpt\">\n\t\t\tEl Chartreuse es mucho m\u00e1s que un licor, es historia l\u00edquida, y como tal merece una atenci\u00f3n especial en cuanto a su degustaci\u00f3n. Producido por los monjes de la Orden de los Ca\t\t<\/p>\n\t\t\t\t<\/div>\n\t\t\t\t\t\t\t<div class=\"qodef-e-info qodef-info--bottom\">\n\t\t\t\t\t\t<div class=\"qodef-e-read-more\">\n\t\t<a class=\"qodef-shortcode qodef-m qodef-qi-button qodef-html--link qodef-layout--filled qodef-type--standard qodef-icon--right qodef-hover--icon-move-horizontal-short\" href=\"https:\/\/chartreusetarragona.com\/es\/el-arte-de-degustar-chartreuse-guia-para-una-experiencia-sensorial-suprema\/\" target=\"_self\">\t<span class=\"qodef-m-text\">Ver m\u00e1s<\/span>\t\t<span class=\"qodef-m-icon\">\t\t<span class=\"qodef-m-icon-inner\">\t\t\t<svg aria-hidden=\"true\" class=\"e-font-icon-svg e-fas-plus\" viewBox=\"0 0 448 512\" xmlns=\"http:\/\/www.w3.org\/2000\/svg\"><path d=\"M416 208H272V64c0-17.67-14.33-32-32-32h-32c-17.67 0-32 14.33-32 32v144H32c-17.67 0-32 14.33-32 32v32c0 17.67 14.33 32 32 32h144v144c0 17.67 14.33 32 32 32h32c17.67 0 32-14.33 32-32V304h144c17.67 0 32-14.33 32-32v-32c0-17.67-14.33-32-32-32z\"><\/path><\/svg>\t\t\t\t\t<\/span>\t<\/span><\/a>\t<\/div>\n\t\t\t\t<\/div>\n\t\t\t\t\t<\/div>\n\t<\/div>\n<\/article>\n<article class=\"qodef-e qodef-blog-item qodef-grid-item qodef-item--full post-6533 post type-post status-publish format-standard hentry category-coleccion-chartreuse\">\n\t<div class=\"qodef-e-inner\">\n\t\t<div class=\"qodef-e-media-holder\">\n\t\t\t<div class=\"qodef-e-media\">\n\t<\/div>\n<div itemprop=\"dateCreated\" class=\"qodef-e-info-item qodef-e-info-date entry-date \">\n\t<a itemprop=\"url\" href=\"https:\/\/chartreusetarragona.com\/es\/2026\/02\/\">\n\t\t25 Feb\t<\/a>\n<\/div>\n\t\t<\/div>\n\t\t<div class=\"qodef-e-content\">\n\t\t\t\t\t\t\t<div class=\"qodef-e-info qodef-info--top\">\n\t\t\t\t\t<div class=\"qodef-e-info-item qodef-e-info-category\">\n\t\t<a href=\"https:\/\/chartreusetarragona.com\/es\/category\/coleccion-chartreuse\/\" rel=\"category tag\">Colecci\u00f3n Chartreuse<\/a><\/div>\n<div class=\"qodef-e-info-item qodef-e-info-author\">\n\t<a itemprop=\"author\" class=\"qodef-e-info-author-link\" href=\"https:\/\/chartreusetarragona.com\/es\/author\/jgarc338\/\">\n\t\t\t\tJoan Garcia\t<\/a>\n<\/div>\n\t\t\t\t<\/div>\n\t\t\t\t\t\t<div class=\"qodef-e-text\">\n\t\t\t\t<h5 itemprop=\"name\" class=\"qodef-e-title entry-title\">\n\t<a itemprop=\"url\" class=\"qodef-e-title-link\" href=\"https:\/\/chartreusetarragona.com\/es\/guia-tecnica-identificacion-y-prevencion-de-falsificaciones-de-chartreuse-de-tarragona\/\">\n\t\tGu\u00eda t\u00e9cnica: identificaci\u00f3n y prevenci\u00f3n de falsificaciones de Chartreuse de Tarragona\t<\/a>\n<\/h5>\n\t\t<p itemprop=\"description\" class=\"qodef-e-excerpt\">\n\t\t\tEl coleccionismo de las botellas de Chartreuse producidas en Tarragona (1903-1989) es un fen\u00f3meno consolidado y cada vez con m\u00e1s adeptos a nivel internacional. Estas botellas son\t\t<\/p>\n\t\t\t\t<\/div>\n\t\t\t\t\t\t\t<div class=\"qodef-e-info qodef-info--bottom\">\n\t\t\t\t\t\t<div class=\"qodef-e-read-more\">\n\t\t<a class=\"qodef-shortcode qodef-m qodef-qi-button qodef-html--link qodef-layout--filled qodef-type--standard qodef-icon--right qodef-hover--icon-move-horizontal-short\" href=\"https:\/\/chartreusetarragona.com\/es\/guia-tecnica-identificacion-y-prevencion-de-falsificaciones-de-chartreuse-de-tarragona\/\" target=\"_self\">\t<span class=\"qodef-m-text\">Ver m\u00e1s<\/span>\t\t<span class=\"qodef-m-icon\">\t\t<span class=\"qodef-m-icon-inner\">\t\t\t<svg aria-hidden=\"true\" class=\"e-font-icon-svg e-fas-plus\" viewBox=\"0 0 448 512\" xmlns=\"http:\/\/www.w3.org\/2000\/svg\"><path d=\"M416 208H272V64c0-17.67-14.33-32-32-32h-32c-17.67 0-32 14.33-32 32v144H32c-17.67 0-32 14.33-32 32v32c0 17.67 14.33 32 32 32h144v144c0 17.67 14.33 32 32 32h32c17.67 0 32-14.33 32-32V304h144c17.67 0 32-14.33 32-32v-32c0-17.67-14.33-32-32-32z\"><\/path><\/svg>\t\t\t\t\t<\/span>\t<\/span><\/a>\t<\/div>\n\t\t\t\t<\/div>\n\t\t\t\t\t<\/div>\n\t<\/div>\n<\/article>\n<article class=\"qodef-e qodef-blog-item qodef-grid-item qodef-item--full post-5761 post type-post status-publish format-standard hentry category-coleccion-chartreuse\">\n\t<div class=\"qodef-e-inner\">\n\t\t<div class=\"qodef-e-media-holder\">\n\t\t\t<div class=\"qodef-e-media\">\n\t<\/div>\n<div itemprop=\"dateCreated\" class=\"qodef-e-info-item qodef-e-info-date entry-date \">\n\t<a itemprop=\"url\" href=\"https:\/\/chartreusetarragona.com\/es\/2025\/04\/\">\n\t\t7 Abr\t<\/a>\n<\/div>\n\t\t<\/div>\n\t\t<div class=\"qodef-e-content\">\n\t\t\t\t\t\t\t<div class=\"qodef-e-info qodef-info--top\">\n\t\t\t\t\t<div class=\"qodef-e-info-item qodef-e-info-category\">\n\t\t<a href=\"https:\/\/chartreusetarragona.com\/es\/category\/coleccion-chartreuse\/\" rel=\"category tag\">Colecci\u00f3n Chartreuse<\/a><\/div>\n<div class=\"qodef-e-info-item qodef-e-info-author\">\n\t<a itemprop=\"author\" class=\"qodef-e-info-author-link\" href=\"https:\/\/chartreusetarragona.com\/es\/author\/jgarc338\/\">\n\t\t\t\tJoan Garcia\t<\/a>\n<\/div>\n\t\t\t\t<\/div>\n\t\t\t\t\t\t<div class=\"qodef-e-text\">\n\t\t\t\t<h5 itemprop=\"name\" class=\"qodef-e-title entry-title\">\n\t<a itemprop=\"url\" class=\"qodef-e-title-link\" href=\"https:\/\/chartreusetarragona.com\/es\/el-arte-de-coleccionar-chartreuse-de-tarragona-guia-basica-para-apasionados\/\">\n\t\tEl arte de coleccionar Chartreuse de Tarragona: gu\u00eda b\u00e1sica para apasionados\t<\/a>\n<\/h5>\n\t\t<p itemprop=\"description\" class=\"qodef-e-excerpt\">\n\t\t\tEl Chartreuse de Tarragona es mucho m\u00e1s que un licor: es historia embotellada. Destilado por los monjes cartujos entre 1903 y 1989 en la ciudad catalana, se ha convertido en un ob\t\t<\/p>\n\t\t\t\t<\/div>\n\t\t\t\t\t\t\t<div class=\"qodef-e-info qodef-info--bottom\">\n\t\t\t\t\t\t<div class=\"qodef-e-read-more\">\n\t\t<a class=\"qodef-shortcode qodef-m qodef-qi-button qodef-html--link qodef-layout--filled qodef-type--standard qodef-icon--right qodef-hover--icon-move-horizontal-short\" href=\"https:\/\/chartreusetarragona.com\/es\/el-arte-de-coleccionar-chartreuse-de-tarragona-guia-basica-para-apasionados\/\" target=\"_self\">\t<span class=\"qodef-m-text\">Ver m\u00e1s<\/span>\t\t<span class=\"qodef-m-icon\">\t\t<span class=\"qodef-m-icon-inner\">\t\t\t<svg aria-hidden=\"true\" class=\"e-font-icon-svg e-fas-plus\" viewBox=\"0 0 448 512\" xmlns=\"http:\/\/www.w3.org\/2000\/svg\"><path d=\"M416 208H272V64c0-17.67-14.33-32-32-32h-32c-17.67 0-32 14.33-32 32v144H32c-17.67 0-32 14.33-32 32v32c0 17.67 14.33 32 32 32h144v144c0 17.67 14.33 32 32 32h32c17.67 0 32-14.33 32-32V304h144c17.67 0 32-14.33 32-32v-32c0-17.67-14.33-32-32-32z\"><\/path><\/svg>\t\t\t\t\t<\/span>\t<\/span><\/a>\t<\/div>\n\t\t\t\t<\/div>\n\t\t\t\t\t<\/div>\n\t<\/div>\n<\/article>\n\t<\/div>\n\t<\/div>\n\t\t\t\t<\/div>\n\t\t\t\t<\/div>\n\t\t\t\t\t<\/div>\n\t\t\t\t<\/div>\n\t\t\t\t<\/div>\n\t\t","protected":false},"excerpt":{"rendered":"<p>\u00daltimas entradas Blog 7 Abr Colecci\u00f3n Chartreuse admin El arte de coleccionar Chartreuse de Tarragona: gu\u00eda b\u00e1sica para apasionados El Chartreuse de Tarragona es mucho m\u00e1s que un licor: es historia embotellada. Destilado por los monjes cartujos entre 1903 y 1989 en la ciudad catalana, se ha convertido en un ob Ver m\u00e1s<\/p>\n","protected":false},"author":2,"featured_media":0,"parent":0,"menu_order":0,"comment_status":"closed","ping_status":"closed","template":"","meta":{"footnotes":""},"class_list":["post-5783","page","type-page","status-publish","hentry"],"_links":{"self":[{"href":"https:\/\/chartreusetarragona.com\/es\/wp-json\/wp\/v2\/pages\/5783","targetHints":{"allow":["GET"]}}],"collection":[{"href":"https:\/\/chartreusetarragona.com\/es\/wp-json\/wp\/v2\/pages"}],"about":[{"href":"https:\/\/chartreusetarragona.com\/es\/wp-json\/wp\/v2\/types\/page"}],"author":[{"embeddable":true,"href":"https:\/\/chartreusetarragona.com\/es\/wp-json\/wp\/v2\/users\/2"}],"replies":[{"embeddable":true,"href":"https:\/\/chartreusetarragona.com\/es\/wp-json\/wp\/v2\/comments?post=5783"}],"version-history":[{"count":11,"href":"https:\/\/chartreusetarragona.com\/es\/wp-json\/wp\/v2\/pages\/5783\/revisions"}],"predecessor-version":[{"id":5935,"href":"https:\/\/chartreusetarragona.com\/es\/wp-json\/wp\/v2\/pages\/5783\/revisions\/5935"}],"wp:attachment":[{"href":"https:\/\/chartreusetarragona.com\/es\/wp-json\/wp\/v2\/media?parent=5783"}],"curies":[{"name":"wp","href":"https:\/\/api.w.org\/{rel}","templated":true}]}}